{"id":2996,"date":"2021-07-09T11:39:19","date_gmt":"2021-07-09T09:39:19","guid":{"rendered":"https:\/\/www.wintersymposium.eu\/2024\/?page_id=2996"},"modified":"2023-06-15T11:29:21","modified_gmt":"2023-06-15T09:29:21","slug":"themen-und-schwerpunkte","status":"publish","type":"page","link":"https:\/\/www.wintersymposium.eu\/2024\/programm\/themen-und-schwerpunkte\/","title":{"rendered":"Themen und Schwerpunkte"},"content":{"rendered":"\t\t<div data-elementor-type=\"wp-post\" data-elementor-id=\"2996\" class=\"elementor elementor-2996\" data-elementor-post-type=\"page\">\n\t\t\t\t\t\t<section class=\"elementor-section elementor-top-section elementor-element elementor-element-cd0ca43 elementor-section-boxed elementor-section-height-default elementor-section-height-default\" data-id=\"cd0ca43\" data-element_type=\"section\">\n\t\t\t\t\t\t<div class=\"elementor-container elementor-column-gap-default\">\n\t\t\t\t\t<div class=\"elementor-column elementor-col-100 elementor-top-column elementor-element elementor-element-5a8b576\" data-id=\"5a8b576\" data-element_type=\"column\">\n\t\t\t<div class=\"elementor-widget-wrap elementor-element-populated\">\n\t\t\t\t\t\t<div class=\"elementor-element elementor-element-03f86ad elementor-widget__width-initial elementor-absolute elementor-widget-tablet__width-initial elementor-widget-mobile__width-initial animated-slow elementor-hidden-mobile elementor-invisible elementor-widget elementor-widget-spacer\" data-id=\"03f86ad\" data-element_type=\"widget\" data-settings=\"{&quot;_position&quot;:&quot;absolute&quot;,&quot;motion_fx_motion_fx_scrolling&quot;:&quot;yes&quot;,&quot;motion_fx_translateX_effect&quot;:&quot;yes&quot;,&quot;motion_fx_translateX_speed&quot;:{&quot;unit&quot;:&quot;px&quot;,&quot;size&quot;:2,&quot;sizes&quot;:[]},&quot;motion_fx_devices&quot;:[&quot;desktop&quot;,&quot;tablet&quot;],&quot;motion_fx_translateX_direction&quot;:&quot;negative&quot;,&quot;_animation&quot;:&quot;fadeInRight&quot;,&quot;motion_fx_translateX_affectedRange&quot;:{&quot;unit&quot;:&quot;%&quot;,&quot;size&quot;:&quot;&quot;,&quot;sizes&quot;:{&quot;start&quot;:0,&quot;end&quot;:100}}}\" data-widget_type=\"spacer.default\">\n\t\t\t\t<div class=\"elementor-widget-container\">\n\t\t\t\t\t<div class=\"elementor-spacer\">\n\t\t\t<div class=\"elementor-spacer-inner\"><\/div>\n\t\t<\/div>\n\t\t\t\t<\/div>\n\t\t\t\t<\/div>\n\t\t\t\t<div class=\"elementor-element elementor-element-308fb7f elementor-widget elementor-widget-heading\" data-id=\"308fb7f\" data-element_type=\"widget\" data-widget_type=\"heading.default\">\n\t\t\t\t<div class=\"elementor-widget-container\">\n\t\t\t<h1 class=\"elementor-heading-title elementor-size-default\">Themen und Schwerpunkte<\/h1>\t\t<\/div>\n\t\t\t\t<\/div>\n\t\t\t\t\t<\/div>\n\t\t<\/div>\n\t\t\t\t\t<\/div>\n\t\t<\/section>\n\t\t\t\t<section class=\"elementor-section elementor-top-section elementor-element elementor-element-e3d249b elementor-section-boxed elementor-section-height-default elementor-section-height-default\" data-id=\"e3d249b\" data-element_type=\"section\">\n\t\t\t\t\t\t<div class=\"elementor-container elementor-column-gap-default\">\n\t\t\t\t\t<div class=\"elementor-column elementor-col-100 elementor-top-column elementor-element elementor-element-fc60165\" data-id=\"fc60165\" data-element_type=\"column\">\n\t\t\t<div class=\"elementor-widget-wrap elementor-element-populated\">\n\t\t\t\t\t\t<div class=\"elementor-element elementor-element-f7842a6 elementor-widget__width-initial elementor-absolute elementor-widget elementor-widget-image-carousel\" data-id=\"f7842a6\" data-element_type=\"widget\" data-settings=\"{&quot;slides_to_show&quot;:&quot;4&quot;,&quot;navigation&quot;:&quot;none&quot;,&quot;speed&quot;:10000,&quot;autoplay_speed&quot;:2000,&quot;_position&quot;:&quot;absolute&quot;,&quot;pause_on_hover&quot;:&quot;no&quot;,&quot;pause_on_interaction&quot;:&quot;no&quot;,&quot;autoplay&quot;:&quot;yes&quot;,&quot;infinite&quot;:&quot;yes&quot;}\" data-widget_type=\"image-carousel.default\">\n\t\t\t\t<div class=\"elementor-widget-container\">\n\t\t\t\t\t<div class=\"elementor-image-carousel-wrapper swiper\" dir=\"rtl\">\n\t\t\t<div class=\"elementor-image-carousel swiper-wrapper\" aria-live=\"off\">\n\t\t\t\t\t\t\t\t<div class=\"swiper-slide\" role=\"group\" aria-roledescription=\"slide\" aria-label=\"1 von 7\"><figure class=\"swiper-slide-inner\"><img decoding=\"async\" class=\"swiper-slide-image\" src=\"https:\/\/www.wintersymposium.eu\/2024\/wp-content\/uploads\/Bild1-2024.jpg\" alt=\"Bild1-2024\" \/><\/figure><\/div><div class=\"swiper-slide\" role=\"group\" aria-roledescription=\"slide\" aria-label=\"2 von 7\"><figure class=\"swiper-slide-inner\"><img decoding=\"async\" class=\"swiper-slide-image\" src=\"https:\/\/www.wintersymposium.eu\/2024\/wp-content\/uploads\/Bild2-2024.jpg\" alt=\"Bild2-2024\" \/><\/figure><\/div><div class=\"swiper-slide\" role=\"group\" aria-roledescription=\"slide\" aria-label=\"3 von 7\"><figure class=\"swiper-slide-inner\"><img decoding=\"async\" class=\"swiper-slide-image\" src=\"https:\/\/www.wintersymposium.eu\/2024\/wp-content\/uploads\/Bild3-2024.jpg\" alt=\"Bild3-2024\" \/><\/figure><\/div><div class=\"swiper-slide\" role=\"group\" aria-roledescription=\"slide\" aria-label=\"4 von 7\"><figure class=\"swiper-slide-inner\"><img decoding=\"async\" class=\"swiper-slide-image\" src=\"https:\/\/www.wintersymposium.eu\/2024\/wp-content\/uploads\/Bild4-2024.jpg\" alt=\"Bild4-2024\" \/><\/figure><\/div><div class=\"swiper-slide\" role=\"group\" aria-roledescription=\"slide\" aria-label=\"5 von 7\"><figure class=\"swiper-slide-inner\"><img decoding=\"async\" class=\"swiper-slide-image\" src=\"https:\/\/www.wintersymposium.eu\/2024\/wp-content\/uploads\/Bild5-2024.jpg\" alt=\"Bild5-2024\" \/><\/figure><\/div><div class=\"swiper-slide\" role=\"group\" aria-roledescription=\"slide\" aria-label=\"6 von 7\"><figure class=\"swiper-slide-inner\"><img decoding=\"async\" class=\"swiper-slide-image\" src=\"https:\/\/www.wintersymposium.eu\/2024\/wp-content\/uploads\/Bild6-2024.jpg\" alt=\"Bild6-2024\" \/><\/figure><\/div><div class=\"swiper-slide\" role=\"group\" aria-roledescription=\"slide\" aria-label=\"7 von 7\"><figure class=\"swiper-slide-inner\"><img decoding=\"async\" class=\"swiper-slide-image\" src=\"https:\/\/www.wintersymposium.eu\/2024\/wp-content\/uploads\/Bild7-2024.jpg\" alt=\"Bild7-2024\" \/><\/figure><\/div>\t\t\t<\/div>\n\t\t\t\t\t\t\t\n\t\t\t\t\t\t\t\t\t<\/div>\n\t\t\t\t<\/div>\n\t\t\t\t<\/div>\n\t\t\t\t\t<\/div>\n\t\t<\/div>\n\t\t\t\t\t<\/div>\n\t\t<\/section>\n\t\t\t\t<section class=\"elementor-section elementor-top-section elementor-element elementor-element-e08f017 elementor-section-boxed elementor-section-height-default elementor-section-height-default\" data-id=\"e08f017\" data-element_type=\"section\">\n\t\t\t\t\t\t<div class=\"elementor-container elementor-column-gap-default\">\n\t\t\t\t\t<div class=\"elementor-column elementor-col-100 elementor-top-column elementor-element elementor-element-b6b1a43\" data-id=\"b6b1a43\" data-element_type=\"column\">\n\t\t\t<div class=\"elementor-widget-wrap elementor-element-populated\">\n\t\t\t\t\t\t<div class=\"elementor-element elementor-element-013d915 elementor-widget elementor-widget-text-editor\" data-id=\"013d915\" data-element_type=\"widget\" data-widget_type=\"text-editor.default\">\n\t\t\t\t<div class=\"elementor-widget-container\">\n\t\t\t\t\t\t\t<p><span>Das Kursprogramm mit einem theoretischen sowie praktischen Teil umfasst folgende Themen <\/span><\/p>\t\t\t\t\t\t<\/div>\n\t\t\t\t<\/div>\n\t\t\t\t<div class=\"elementor-element elementor-element-949a4da elementor-widget elementor-widget-text-editor\" data-id=\"949a4da\" data-element_type=\"widget\" data-widget_type=\"text-editor.default\">\n\t\t\t\t<div class=\"elementor-widget-container\">\n\t\t\t\t\t\t\t<p><span>Ein Auszug:<\/span><\/p><ul><li>Autismus<\/li><li>Milchzahnendodontie<\/li><li>Kosmetische Korrekturen nach Kieferorthop\u00e4die<\/li><li>Update Traumatologie<\/li><li>Weisheitszahnentfernung und Koronotomie<\/li><li>Wurzelresorptionen<\/li><li>Fake News in der Kieferorthop\u00e4die<\/li><li>Retention in der Orthodontie<\/li><li>Logop\u00e4die<\/li><li>Der retinierte Dreier<\/li><li>Chirurgisches Vorgehen bei Anschlingungen<\/li><li>Parodontologie &amp; Kieferorthop\u00e4die<\/li><li>Juvenile idiopatische Arthritis<\/li><\/ul>\t\t\t\t\t\t<\/div>\n\t\t\t\t<\/div>\n\t\t\t\t\t<\/div>\n\t\t<\/div>\n\t\t\t\t\t<\/div>\n\t\t<\/section>\n\t\t\t\t<\/div>\n\t\t","protected":false},"excerpt":{"rendered":"<p>Themen und Schwerpunkte Das Kursprogramm mit einem theoretischen sowie praktischen Teil umfasst folgende Themen Ein Auszug: Autismus Milchzahnendodontie Kosmetische Korrekturen nach Kieferorthop\u00e4die Update Traumatologie Weisheitszahnentfernung und Koronotomie Wurzelresorptionen Fake News in der Kieferorthop\u00e4die Retention in der Orthodontie Logop\u00e4die Der retinierte Dreier Chirurgisches Vorgehen bei Anschlingungen Parodontologie &amp; Kieferorthop\u00e4die Juvenile idiopatische Arthritis<\/p>\n","protected":false},"author":5,"featured_media":0,"parent":3358,"menu_order":3,"comment_status":"closed","ping_status":"closed","template":"","meta":{"_acf_changed":false,"footnotes":""},"class_list":["post-2996","page","type-page","status-publish","hentry"],"acf":[],"yoast_head":"<!-- This site is optimized with the Yoast SEO plugin v23.2 - https:\/\/yoast.com\/wordpress\/plugins\/seo\/ -->\n<title>Themen und Schwerpunkte - 32. Wintersymposium 2024<\/title>\n<meta name=\"robots\" content=\"index, follow, max-snippet:-1, max-image-preview:large, max-video-preview:-1\" \/>\n<link rel=\"canonical\" href=\"https:\/\/www.wintersymposium.eu\/2024\/programm\/themen-und-schwerpunkte\/\" \/>\n<meta property=\"og:locale\" content=\"de_DE\" \/>\n<meta property=\"og:type\" content=\"article\" \/>\n<meta property=\"og:title\" content=\"Themen und Schwerpunkte - 32. Wintersymposium 2024\" \/>\n<meta property=\"og:description\" content=\"Themen und Schwerpunkte Das Kursprogramm mit einem theoretischen sowie praktischen Teil umfasst folgende Themen Ein Auszug: Autismus Milchzahnendodontie Kosmetische Korrekturen nach Kieferorthop\u00e4die Update Traumatologie Weisheitszahnentfernung und Koronotomie Wurzelresorptionen Fake News in der Kieferorthop\u00e4die Retention in der Orthodontie Logop\u00e4die Der retinierte Dreier Chirurgisches Vorgehen bei Anschlingungen Parodontologie &amp; Kieferorthop\u00e4die Juvenile idiopatische Arthritis\" \/>\n<meta property=\"og:url\" content=\"https:\/\/www.wintersymposium.eu\/2024\/programm\/themen-und-schwerpunkte\/\" \/>\n<meta property=\"og:site_name\" content=\"32. Wintersymposium 2024\" \/>\n<meta property=\"article:modified_time\" content=\"2023-06-15T09:29:21+00:00\" \/>\n<meta property=\"og:image\" content=\"https:\/\/www.wintersymposium.eu\/2024\/wp-content\/uploads\/Bild1-2024.jpg\" \/>\n<meta name=\"twitter:card\" content=\"summary_large_image\" \/>\n<meta name=\"twitter:label1\" content=\"Gesch\u00e4tzte Lesezeit\" \/>\n\t<meta name=\"twitter:data1\" content=\"4\u00a0Minuten\" \/>\n<script type=\"application\/ld+json\" class=\"yoast-schema-graph\">{\"@context\":\"https:\/\/schema.org\",\"@graph\":[{\"@type\":\"WebPage\",\"@id\":\"https:\/\/www.wintersymposium.eu\/2024\/programm\/themen-und-schwerpunkte\/\",\"url\":\"https:\/\/www.wintersymposium.eu\/2024\/programm\/themen-und-schwerpunkte\/\",\"name\":\"Themen und Schwerpunkte - 32. Wintersymposium 2024\",\"isPartOf\":{\"@id\":\"https:\/\/www.wintersymposium.eu\/2024\/#website\"},\"primaryImageOfPage\":{\"@id\":\"https:\/\/www.wintersymposium.eu\/2024\/programm\/themen-und-schwerpunkte\/#primaryimage\"},\"image\":{\"@id\":\"https:\/\/www.wintersymposium.eu\/2024\/programm\/themen-und-schwerpunkte\/#primaryimage\"},\"thumbnailUrl\":\"https:\/\/www.wintersymposium.eu\/2024\/wp-content\/uploads\/Bild1-2024.jpg\",\"datePublished\":\"2021-07-09T09:39:19+00:00\",\"dateModified\":\"2023-06-15T09:29:21+00:00\",\"breadcrumb\":{\"@id\":\"https:\/\/www.wintersymposium.eu\/2024\/programm\/themen-und-schwerpunkte\/#breadcrumb\"},\"inLanguage\":\"de\",\"potentialAction\":[{\"@type\":\"ReadAction\",\"target\":[\"https:\/\/www.wintersymposium.eu\/2024\/programm\/themen-und-schwerpunkte\/\"]}]},{\"@type\":\"ImageObject\",\"inLanguage\":\"de\",\"@id\":\"https:\/\/www.wintersymposium.eu\/2024\/programm\/themen-und-schwerpunkte\/#primaryimage\",\"url\":\"https:\/\/www.wintersymposium.eu\/2024\/wp-content\/uploads\/Bild1-2024.jpg\",\"contentUrl\":\"https:\/\/www.wintersymposium.eu\/2024\/wp-content\/uploads\/Bild1-2024.jpg\",\"width\":500,\"height\":333},{\"@type\":\"BreadcrumbList\",\"@id\":\"https:\/\/www.wintersymposium.eu\/2024\/programm\/themen-und-schwerpunkte\/#breadcrumb\",\"itemListElement\":[{\"@type\":\"ListItem\",\"position\":1,\"name\":\"Startseite\",\"item\":\"https:\/\/www.wintersymposium.eu\/2024\/\"},{\"@type\":\"ListItem\",\"position\":2,\"name\":\"Programm\",\"item\":\"https:\/\/www.wintersymposium.eu\/2024\/programm\/\"},{\"@type\":\"ListItem\",\"position\":3,\"name\":\"Themen und Schwerpunkte\"}]},{\"@type\":\"WebSite\",\"@id\":\"https:\/\/www.wintersymposium.eu\/2024\/#website\",\"url\":\"https:\/\/www.wintersymposium.eu\/2024\/\",\"name\":\"32. Wintersymposium 2024\",\"description\":\"13.-18. Januar 2024, A-Going\/ Tirol, Kieferorthop\u00e4die und Kinderzahnmedizin f\u00fcr die t\u00e4gliche Praxis\",\"publisher\":{\"@id\":\"https:\/\/www.wintersymposium.eu\/2024\/#organization\"},\"potentialAction\":[{\"@type\":\"SearchAction\",\"target\":{\"@type\":\"EntryPoint\",\"urlTemplate\":\"https:\/\/www.wintersymposium.eu\/2024\/?s={search_term_string}\"},\"query-input\":\"required name=search_term_string\"}],\"inLanguage\":\"de\"},{\"@type\":\"Organization\",\"@id\":\"https:\/\/www.wintersymposium.eu\/2024\/#organization\",\"name\":\"32. Wintersymposium 2024\",\"url\":\"https:\/\/www.wintersymposium.eu\/2024\/\",\"logo\":{\"@type\":\"ImageObject\",\"inLanguage\":\"de\",\"@id\":\"https:\/\/www.wintersymposium.eu\/2024\/#\/schema\/logo\/image\/\",\"url\":\"https:\/\/www.wintersymposium.eu\/2024\/wp-content\/uploads\/WS-Logo-2024-1.png\",\"contentUrl\":\"https:\/\/www.wintersymposium.eu\/2024\/wp-content\/uploads\/WS-Logo-2024-1.png\",\"width\":550,\"height\":300,\"caption\":\"32. Wintersymposium 2024\"},\"image\":{\"@id\":\"https:\/\/www.wintersymposium.eu\/2024\/#\/schema\/logo\/image\/\"}}]}<\/script>\n<!-- \/ Yoast SEO plugin. -->","yoast_head_json":{"title":"Themen und Schwerpunkte - 32. Wintersymposium 2024","robots":{"index":"index","follow":"follow","max-snippet":"max-snippet:-1","max-image-preview":"max-image-preview:large","max-video-preview":"max-video-preview:-1"},"canonical":"https:\/\/www.wintersymposium.eu\/2024\/programm\/themen-und-schwerpunkte\/","og_locale":"de_DE","og_type":"article","og_title":"Themen und Schwerpunkte - 32. Wintersymposium 2024","og_description":"Themen und Schwerpunkte Das Kursprogramm mit einem theoretischen sowie praktischen Teil umfasst folgende Themen Ein Auszug: Autismus Milchzahnendodontie Kosmetische Korrekturen nach Kieferorthop\u00e4die Update Traumatologie Weisheitszahnentfernung und Koronotomie Wurzelresorptionen Fake News in der Kieferorthop\u00e4die Retention in der Orthodontie Logop\u00e4die Der retinierte Dreier Chirurgisches Vorgehen bei Anschlingungen Parodontologie &amp; Kieferorthop\u00e4die Juvenile idiopatische Arthritis","og_url":"https:\/\/www.wintersymposium.eu\/2024\/programm\/themen-und-schwerpunkte\/","og_site_name":"32. Wintersymposium 2024","article_modified_time":"2023-06-15T09:29:21+00:00","og_image":[{"url":"https:\/\/www.wintersymposium.eu\/2024\/wp-content\/uploads\/Bild1-2024.jpg"}],"twitter_card":"summary_large_image","twitter_misc":{"Gesch\u00e4tzte Lesezeit":"4\u00a0Minuten"},"schema":{"@context":"https:\/\/schema.org","@graph":[{"@type":"WebPage","@id":"https:\/\/www.wintersymposium.eu\/2024\/programm\/themen-und-schwerpunkte\/","url":"https:\/\/www.wintersymposium.eu\/2024\/programm\/themen-und-schwerpunkte\/","name":"Themen und Schwerpunkte - 32. Wintersymposium 2024","isPartOf":{"@id":"https:\/\/www.wintersymposium.eu\/2024\/#website"},"primaryImageOfPage":{"@id":"https:\/\/www.wintersymposium.eu\/2024\/programm\/themen-und-schwerpunkte\/#primaryimage"},"image":{"@id":"https:\/\/www.wintersymposium.eu\/2024\/programm\/themen-und-schwerpunkte\/#primaryimage"},"thumbnailUrl":"https:\/\/www.wintersymposium.eu\/2024\/wp-content\/uploads\/Bild1-2024.jpg","datePublished":"2021-07-09T09:39:19+00:00","dateModified":"2023-06-15T09:29:21+00:00","breadcrumb":{"@id":"https:\/\/www.wintersymposium.eu\/2024\/programm\/themen-und-schwerpunkte\/#breadcrumb"},"inLanguage":"de","potentialAction":[{"@type":"ReadAction","target":["https:\/\/www.wintersymposium.eu\/2024\/programm\/themen-und-schwerpunkte\/"]}]},{"@type":"ImageObject","inLanguage":"de","@id":"https:\/\/www.wintersymposium.eu\/2024\/programm\/themen-und-schwerpunkte\/#primaryimage","url":"https:\/\/www.wintersymposium.eu\/2024\/wp-content\/uploads\/Bild1-2024.jpg","contentUrl":"https:\/\/www.wintersymposium.eu\/2024\/wp-content\/uploads\/Bild1-2024.jpg","width":500,"height":333},{"@type":"BreadcrumbList","@id":"https:\/\/www.wintersymposium.eu\/2024\/programm\/themen-und-schwerpunkte\/#breadcrumb","itemListElement":[{"@type":"ListItem","position":1,"name":"Startseite","item":"https:\/\/www.wintersymposium.eu\/2024\/"},{"@type":"ListItem","position":2,"name":"Programm","item":"https:\/\/www.wintersymposium.eu\/2024\/programm\/"},{"@type":"ListItem","position":3,"name":"Themen und Schwerpunkte"}]},{"@type":"WebSite","@id":"https:\/\/www.wintersymposium.eu\/2024\/#website","url":"https:\/\/www.wintersymposium.eu\/2024\/","name":"32. Wintersymposium 2024","description":"13.-18. Januar 2024, A-Going\/ Tirol, Kieferorthop\u00e4die und Kinderzahnmedizin f\u00fcr die t\u00e4gliche Praxis","publisher":{"@id":"https:\/\/www.wintersymposium.eu\/2024\/#organization"},"potentialAction":[{"@type":"SearchAction","target":{"@type":"EntryPoint","urlTemplate":"https:\/\/www.wintersymposium.eu\/2024\/?s={search_term_string}"},"query-input":"required name=search_term_string"}],"inLanguage":"de"},{"@type":"Organization","@id":"https:\/\/www.wintersymposium.eu\/2024\/#organization","name":"32. Wintersymposium 2024","url":"https:\/\/www.wintersymposium.eu\/2024\/","logo":{"@type":"ImageObject","inLanguage":"de","@id":"https:\/\/www.wintersymposium.eu\/2024\/#\/schema\/logo\/image\/","url":"https:\/\/www.wintersymposium.eu\/2024\/wp-content\/uploads\/WS-Logo-2024-1.png","contentUrl":"https:\/\/www.wintersymposium.eu\/2024\/wp-content\/uploads\/WS-Logo-2024-1.png","width":550,"height":300,"caption":"32. Wintersymposium 2024"},"image":{"@id":"https:\/\/www.wintersymposium.eu\/2024\/#\/schema\/logo\/image\/"}}]}},"_links":{"self":[{"href":"https:\/\/www.wintersymposium.eu\/2024\/wp-json\/wp\/v2\/pages\/2996"}],"collection":[{"href":"https:\/\/www.wintersymposium.eu\/2024\/wp-json\/wp\/v2\/pages"}],"about":[{"href":"https:\/\/www.wintersymposium.eu\/2024\/wp-json\/wp\/v2\/types\/page"}],"author":[{"embeddable":true,"href":"https:\/\/www.wintersymposium.eu\/2024\/wp-json\/wp\/v2\/users\/5"}],"replies":[{"embeddable":true,"href":"https:\/\/www.wintersymposium.eu\/2024\/wp-json\/wp\/v2\/comments?post=2996"}],"version-history":[{"count":0,"href":"https:\/\/www.wintersymposium.eu\/2024\/wp-json\/wp\/v2\/pages\/2996\/revisions"}],"up":[{"embeddable":true,"href":"https:\/\/www.wintersymposium.eu\/2024\/wp-json\/wp\/v2\/pages\/3358"}],"wp:attachment":[{"href":"https:\/\/www.wintersymposium.eu\/2024\/wp-json\/wp\/v2\/media?parent=2996"}],"curies":[{"name":"wp","href":"https:\/\/api.w.org\/{rel}","templated":true}]}}