{"id":3358,"date":"2021-11-01T14:28:02","date_gmt":"2021-11-01T13:28:02","guid":{"rendered":"https:\/\/www.wintersymposium.eu\/2024\/?page_id=3358"},"modified":"2023-09-19T15:27:53","modified_gmt":"2023-09-19T13:27:53","slug":"programm","status":"publish","type":"page","link":"https:\/\/www.wintersymposium.eu\/2024\/programm\/","title":{"rendered":"Programm"},"content":{"rendered":"\t\t<div data-elementor-type=\"wp-page\" data-elementor-id=\"3358\" class=\"elementor elementor-3358\" data-elementor-post-type=\"page\">\n\t\t\t\t\t\t<section class=\"elementor-section elementor-top-section elementor-element elementor-element-e583c48 elementor-section-boxed elementor-section-height-default elementor-section-height-default\" data-id=\"e583c48\" data-element_type=\"section\">\n\t\t\t\t\t\t<div class=\"elementor-container elementor-column-gap-default\">\n\t\t\t\t\t<div class=\"elementor-column elementor-col-100 elementor-top-column elementor-element elementor-element-8e0282d\" data-id=\"8e0282d\" data-element_type=\"column\">\n\t\t\t<div class=\"elementor-widget-wrap elementor-element-populated\">\n\t\t\t\t\t\t<div class=\"elementor-element elementor-element-e475892 elementor-widget elementor-widget-heading\" data-id=\"e475892\" data-element_type=\"widget\" data-widget_type=\"heading.default\">\n\t\t\t\t<div class=\"elementor-widget-container\">\n\t\t\t<h1 class=\"elementor-heading-title elementor-size-default\">Programm<span style=\"float:right; font-size:18px; margin-top:20px\">Programm\u00e4nderungen vorbehalten<\/span><\/h1>\t\t<\/div>\n\t\t\t\t<\/div>\n\t\t\t\t<div class=\"elementor-element elementor-element-c01aa7e trenner elementor-widget-divider--view-line elementor-widget elementor-widget-global elementor-global-391 elementor-widget-divider\" data-id=\"c01aa7e\" data-element_type=\"widget\" data-widget_type=\"divider.default\">\n\t\t\t\t<div class=\"elementor-widget-container\">\n\t\t\t\t\t<div class=\"elementor-divider\">\n\t\t\t<span class=\"elementor-divider-separator\">\n\t\t\t\t\t\t<\/span>\n\t\t<\/div>\n\t\t\t\t<\/div>\n\t\t\t\t<\/div>\n\t\t\t\t\t<\/div>\n\t\t<\/div>\n\t\t\t\t\t<\/div>\n\t\t<\/section>\n\t\t\t\t<section class=\"elementor-section elementor-top-section elementor-element elementor-element-de512a2 elementor-section-boxed elementor-section-height-default elementor-section-height-default\" data-id=\"de512a2\" data-element_type=\"section\">\n\t\t\t\t\t\t<div class=\"elementor-container elementor-column-gap-default\">\n\t\t\t\t\t<div class=\"elementor-column elementor-col-100 elementor-top-column elementor-element elementor-element-8d1c76f\" data-id=\"8d1c76f\" data-element_type=\"column\">\n\t\t\t<div class=\"elementor-widget-wrap elementor-element-populated\">\n\t\t\t\t\t\t<div class=\"elementor-element elementor-element-d291190 elementor-hidden-desktop elementor-hidden-tablet elementor-hidden-mobile elementor-widget elementor-widget-text-editor\" data-id=\"d291190\" data-element_type=\"widget\" data-widget_type=\"text-editor.default\">\n\t\t\t\t<div class=\"elementor-widget-container\">\n\t\t\t\t\t\t\t<p><a href=\"https:\/\/www.wintersymposium.eu\/2024\/wp-content\/uploads\/Wintersymposium-Programmheft-2023.pdf\" target=\"_blank\" rel=\"noopener\"><strong>Das vollst\u00e4ndige Programmheft finden Sie hier.<\/strong><\/a><\/p>\t\t\t\t\t\t<\/div>\n\t\t\t\t<\/div>\n\t\t\t\t<div class=\"elementor-element elementor-element-bdd20cc elementor-widget elementor-widget-text-editor\" data-id=\"bdd20cc\" data-element_type=\"widget\" data-widget_type=\"text-editor.default\">\n\t\t\t\t<div class=\"elementor-widget-container\">\n\t\t\t\t\t\t\t<table>\n<colgroup><col>\n<col span=\"6\">\n<\/colgroup><tbody><tr class=\"grey-dark\">\n<td>Tag<\/td>\n<td>Samstag<\/td>\n<td>Sonntag<\/td>\n<td>Montag<\/td>\n<td>Dienstag<\/td>\n<td>Mittwoch<\/td>\n<td>Donnerstag<\/td>\n<\/tr>\n<tr class=\"grey-dark\">\n<td>&nbsp;<\/td>\n<td>13.01.2024<\/td>\n<td>14.01.2024<\/td>\n<td>15.01.2024<\/td>\n<td>16.01.2024<\/td>\n<td>17.01.2024<\/td>\n<td>18.01.2024<\/td>\n<\/tr>\n<tr>\n<td class=\"grey\">8:15<\/td>\n<td rowspan=\"23\" class=\"grey\">Anreise<\/td>\n<td rowspan=\"4\" class=\"orange\"><strong>Katrin Bekes<\/strong><br>   Milchzahnendodontie<\/td>\n<td rowspan=\"4\" class=\"orange\"><strong>Gabriel Krastl <\/strong><br>   Kosmetische Korrekturen nach KO<\/td>\n<td rowspan=\"4\" class=\"orange\"><strong>Andreas Filippi<\/strong><br>   Weisheitszahnentfernung und Koronotomie<\/td>\n<td rowspan=\"4\" class=\"orange\"><strong>Marc Sch\u00e4tzle<\/strong><br>   Der retinierte Dreier&nbsp;<\/td>\n<td rowspan=\"4\" class=\"orange\"><strong>Marc Sch\u00e4tzle<\/strong><br>   Parodontologie &amp; Kieferorthop\u00e4die<\/td>\n<\/tr>\n<tr class=\"grey-light\">\n<td>8:30<\/td>\n<\/tr>\n<tr class=\"grey\">\n<td>8:45<\/td>\n<\/tr>\n<tr class=\"grey-light\">\n<td>9:00<\/td>\n<\/tr>\n<tr>\n<td class=\"grey\">9:15<\/td>\n<td class=\"green\">Kaffeepause<\/td>\n<td class=\"green\">Kaffeepause<\/td>\n<td class=\"green\">Kaffeepause<\/td>\n<td class=\"green\">Kaffeepause<\/td>\n<td class=\"green\">Kaffeepause<\/td>\n<\/tr>\n<tr>\n<td class=\"grey-light\">9:30<\/td>\n<td rowspan=\"4\" class=\"orange\"><strong>Wendy Bellis<\/strong><br>   The Management of Child Behaviour (in Englisch)<\/td>\n<td rowspan=\"4\" class=\"orange\"><strong>Andreas Filippi<\/strong><br>   Update Traumatologie<\/td>\n<td rowspan=\"4\" class=\"orange\"><strong>Gabriel Krastl<\/strong><br>   Wurzelresorptionen<\/td>\n<td rowspan=\"4\" class=\"orange\"><strong>Hubertus van Waes<\/strong><br>   Chirurgisches Vorgehen bei Anschlingungen&nbsp;<\/td>\n<td rowspan=\"4\" class=\"orange\"><strong>Hubertus van Waes<\/strong><br>   Durchbruchsst\u00f6rungen?&nbsp;<\/td>\n<\/tr>\n<tr class=\"grey\">\n<td>9:45<\/td>\n<\/tr>\n<tr class=\"grey-light\">\n<td>10:00<\/td>\n<\/tr>\n<tr class=\"grey\">\n<td>10:15<\/td>\n<\/tr>\n<tr>\n<td class=\"grey-light\">10:30<\/td>\n<td class=\"green\">Kaffeepause<\/td>\n<td class=\"green\">Kaffeepause<\/td>\n<td class=\"green\">Kaffeepause<\/td>\n<td class=\"green\">Kaffeepause<\/td>\n<td class=\"green\">Kaffeepause<\/td>\n<\/tr>\n<tr>\n<td class=\"grey\">10:45<\/td>\n<td rowspan=\"4\" class=\"orange\"><strong>Carlalberta Verna<\/strong><br>   Fake-News in der Kieferorthop\u00e4die<\/td>\n<td rowspan=\"4\" class=\"orange\"><strong>Wendy Bellis<\/strong><br>   Why are children with ASD so special? (in Englisch)<\/td>\n<td rowspan=\"4\" class=\"orange\">&nbsp;<strong>Raphael Patcas<\/strong><br>   Retention in der Orthodontie<\/td>\n<td rowspan=\"4\" class=\"orange\"><strong>Nina Oster<\/strong><br>   Logop\u00e4die &#8211; Zuwarten oder starten?<\/td>\n<td rowspan=\"2\" class=\"orange\"><strong>Raphael Patcas<\/strong><br>   Juvenile idiopatische Arthtritis<\/td>\n<\/tr>\n<tr class=\"grey-light\">\n<td>11:00<\/td>\n<\/tr>\n<tr>\n<td class=\"grey\">11:15<\/td>\n<td rowspan=\"2\" class=\"orange\">&nbsp;<strong>Blend Hamza<\/strong><br>   Aktuelles aus der Kinderzahnmedizin<\/td>\n<\/tr>\n<tr class=\"grey-light\">\n<td>11:30<\/td>\n<\/tr>\n<tr>\n<td class=\"grey\">11:45<\/td>\n<td rowspan=\"4\" class=\"pink\">Aktuelle Falldiskussionen: F\u00e4lle der Teilnehmer<\/td>\n<td rowspan=\"4\" class=\"pink\">Aktuelle Falldiskussionen: F\u00e4lle der Teilnehmer<\/td>\n<td rowspan=\"4\" class=\"pink\">Aktuelle Falldiskussionen: F\u00e4lle der Teilnehmer: KFO<\/td>\n<td rowspan=\"4\" class=\"pink\">Aktuelle Falldiskussionen: F\u00e4lle der Teilnehmer<\/td>\n<td rowspan=\"9\" class=\"pink\">Aktuelle Falldiskussionen und Video Lernmaterial<\/td>\n<\/tr>\n<tr class=\"grey-light\">\n<td>12:00<\/td>\n<\/tr>\n<tr class=\"grey\">\n<td>12:15<\/td>\n<\/tr>\n<tr class=\"grey-light\">\n<td>12:30<\/td>\n<\/tr>\n<tr>\n<td class=\"grey\">12:45<\/td>\n<td rowspan=\"13\" class=\"pause\">Pause<\/td>\n<td rowspan=\"13\" class=\"pause\">Pause<\/td>\n<td rowspan=\"13\" class=\"pause\">Pause<\/td>\n<td rowspan=\"13\" class=\"pause\">Pause<\/td>\n<\/tr>\n<tr class=\"grey-light\">\n<td>13:00<\/td>\n<\/tr>\n<tr class=\"grey\">\n<td>13:15<\/td>\n<\/tr>\n<tr class=\"grey-light\">\n<td>13:30<\/td>\n<\/tr>\n<tr class=\"grey\">\n<td>13:45<\/td>\n<\/tr>\n<tr>\n<td class=\"grey-light\">14:00<\/td>\n<td rowspan=\"13\" class=\"blue\">Registrierung und Abgabe Kursunterlagen<\/td>\n<td rowspan=\"25\" class=\"grey\">Abreise<\/td>\n<\/tr>\n<tr class=\"grey\">\n<td>14:15<\/td>\n<\/tr>\n<tr class=\"grey-light\">\n<td>14:30<\/td>\n<\/tr>\n<tr class=\"grey\">\n<td>14:45<\/td>\n<\/tr>\n<tr class=\"grey-light\">\n<td>15:00<\/td>\n<\/tr>\n<tr class=\"grey\">\n<td>15:15<\/td>\n<\/tr>\n<tr class=\"grey-light\">\n<td>15:30<\/td>\n<\/tr>\n<tr class=\"grey\">\n<td>15:45<\/td>\n<\/tr>\n<tr>\n<td class=\"grey-light\">16:00<\/td>\n<td rowspan=\"4\" class=\"orange\">&nbsp; <strong>Katrin Bekes<\/strong><br>   Kariesbehandlung mit Silbernitrat<\/td>\n<td rowspan=\"5\" class=\"blue\"><strong>Seminare 1, 2, 3<\/strong><br>   Katrin Bekes<br>Andreas Filippi<br>Gabriel Krastl<\/td>\n<td rowspan=\"4\" class=\"orange\"><strong>Nina Oster<\/strong><br>   Verzahnt: Logop\u00e4die und Kinderzahnmedizin<\/td>\n<td rowspan=\"5\" class=\"blue\"><strong>Seminare 1, 2, 3<\/strong><br>   Nina Oster<br>Blend Hamza<br>H. van Waes<\/td>\n<\/tr>\n<tr>\n<td class=\"grey\">16:15<\/td>\n<\/tr>\n<tr>\n<td class=\"grey-light\">16:30<\/td>\n<\/tr>\n<tr>\n<td class=\"grey\">16:45<\/td>\n<\/tr>\n<tr>\n<td class=\"grey-light\">17:00<\/td>\n<td rowspan=\"2\" class=\"green\">Kaffeepause<\/td>\n<td rowspan=\"2\" class=\"green\">Kaffeepause<\/td>\n<\/tr>\n<tr>\n<td class=\"grey\">17:15<\/td>\n<td rowspan=\"5\" class=\"orange\">Festvortrag<br>   Markus Landolt<\/td>\n<td class=\"green\">Kaffeepause<\/td>\n<td class=\"green\">Kaffeepause<\/td>\n<\/tr>\n<tr>\n<td class=\"grey-light\">17:30<\/td>\n<td rowspan=\"5\" class=\"blue\"><strong>Seminare 1, 2, 3<\/strong><br>   Katrin Bekes<br>Andreas Filippi<br>Gabriel Krastl<\/td>\n<td rowspan=\"5\" class=\"blue\"><strong>Seminare 1, 2, 3<\/strong><br>   Katrin Bekes<br>Andreas Filippi<br>Gabriel Krastl<\/td>\n<td rowspan=\"5\" class=\"blue\"><strong>Seminare 1, 2, 3<\/strong><br>   Nina Oster<br>Blend Hamza<br>H. van Waes<\/td>\n<td rowspan=\"5\" class=\"blue\"><strong>Seminare 1, 2, 3<\/strong><br>   Nina Oster<br>Blend Hamza<br>H. van Waes<\/td>\n<\/tr>\n<tr>\n<td class=\"grey\">17:45<\/td>\n<\/tr>\n<tr>\n<td class=\"grey-light\">18:00<\/td>\n<\/tr>\n<tr>\n<td class=\"grey\">18:15<\/td>\n<\/tr>\n<tr>\n<td class=\"grey-light\">18:30<\/td>\n<td rowspan=\"7\" class=\"violett\">Begr\u00fcssungsap\u00e9ro<\/td>\n<\/tr>\n<tr>\n<td class=\"grey\">18:45<\/td>\n<td class=\"grey\">&nbsp;<\/td>\n<td class=\"grey\">&nbsp;<\/td>\n<td class=\"grey\">&nbsp;<\/td>\n<td class=\"grey\">&nbsp;<\/td>\n<\/tr>\n<tr>\n<td class=\"grey-light\">19:00<\/td>\n<td class=\"grey-light\">&nbsp;<\/td>\n<td class=\"grey-light\">&nbsp;<\/td>\n<td class=\"grey-light\">&nbsp;<\/td>\n<td class=\"grey-light\">&nbsp;<\/td>\n<\/tr>\n<tr>\n<td class=\"grey\">19:15<\/td>\n<td class=\"grey\">&nbsp;<\/td>\n<td class=\"grey\">&nbsp;<\/td>\n<td class=\"grey\">&nbsp;<\/td>\n<td class=\"grey\">&nbsp;<\/td>\n<\/tr>\n<tr>\n<td class=\"grey-light\">19:30<\/td>\n<td rowspan=\"3\" class=\"violett\">Er\u00f6ffnungsbankett<\/td>\n<td class=\"grey-light\">&nbsp;<\/td>\n<td class=\"grey-light\">&nbsp;<\/td>\n<td class=\"grey-light\">&nbsp;<\/td>\n<\/tr>\n<tr>\n<td class=\"grey\">19:45<\/td>\n<td class=\"grey\">&nbsp;<\/td>\n<td class=\"grey\">&nbsp;<\/td>\n<td class=\"grey\">&nbsp;<\/td>\n<\/tr>\n<tr>\n<td class=\"grey-light\">20:00<\/td>\n<td class=\"grey-light\">&nbsp;<\/td>\n<td class=\"grey-light\">&nbsp;<\/td>\n<td class=\"grey-light\">&nbsp;<\/td>\n<\/tr>\n<\/tbody><\/table>\t\t\t\t\t\t<\/div>\n\t\t\t\t<\/div>\n\t\t\t\t\t<\/div>\n\t\t<\/div>\n\t\t\t\t\t<\/div>\n\t\t<\/section>\n\t\t\t\t<\/div>\n\t\t","protected":false},"excerpt":{"rendered":"<p>ProgrammProgramm\u00e4nderungen vorbehalten Das vollst\u00e4ndige Programmheft finden Sie hier. Tag Samstag Sonntag Montag Dienstag Mittwoch Donnerstag &nbsp; 13.01.2024 14.01.2024 15.01.2024 16.01.2024 17.01.2024 18.01.2024 8:15 Anreise Katrin Bekes Milchzahnendodontie Gabriel Krastl Kosmetische Korrekturen nach KO Andreas Filippi Weisheitszahnentfernung und Koronotomie Marc Sch\u00e4tzle Der retinierte Dreier&nbsp; Marc Sch\u00e4tzle Parodontologie &amp; Kieferorthop\u00e4die 8:30 8:45 9:00 9:15 Kaffeepause Kaffeepause Kaffeepause [&hellip;]<\/p>\n","protected":false},"author":5,"featured_media":0,"parent":0,"menu_order":4,"comment_status":"closed","ping_status":"closed","template":"","meta":{"_acf_changed":false,"footnotes":""},"class_list":["post-3358","page","type-page","status-publish","hentry"],"acf":[],"yoast_head":"<!-- This site is optimized with the Yoast SEO plugin v23.2 - https:\/\/yoast.com\/wordpress\/plugins\/seo\/ -->\n<title>Programm - 32. Wintersymposium 2024<\/title>\n<meta name=\"robots\" content=\"index, follow, max-snippet:-1, max-image-preview:large, max-video-preview:-1\" \/>\n<link rel=\"canonical\" href=\"https:\/\/www.wintersymposium.eu\/2024\/programm\/\" \/>\n<meta property=\"og:locale\" content=\"de_DE\" \/>\n<meta property=\"og:type\" content=\"article\" \/>\n<meta property=\"og:title\" content=\"Programm - 32. Wintersymposium 2024\" \/>\n<meta property=\"og:description\" content=\"ProgrammProgramm\u00e4nderungen vorbehalten Das vollst\u00e4ndige Programmheft finden Sie hier. Tag Samstag Sonntag Montag Dienstag Mittwoch Donnerstag &nbsp; 13.01.2024 14.01.2024 15.01.2024 16.01.2024 17.01.2024 18.01.2024 8:15 Anreise Katrin Bekes Milchzahnendodontie Gabriel Krastl Kosmetische Korrekturen nach KO Andreas Filippi Weisheitszahnentfernung und Koronotomie Marc Sch\u00e4tzle Der retinierte Dreier&nbsp; Marc Sch\u00e4tzle Parodontologie &amp; Kieferorthop\u00e4die 8:30 8:45 9:00 9:15 Kaffeepause Kaffeepause Kaffeepause [&hellip;]\" \/>\n<meta property=\"og:url\" content=\"https:\/\/www.wintersymposium.eu\/2024\/programm\/\" \/>\n<meta property=\"og:site_name\" content=\"32. Wintersymposium 2024\" \/>\n<meta property=\"article:modified_time\" content=\"2023-09-19T13:27:53+00:00\" \/>\n<meta name=\"twitter:card\" content=\"summary_large_image\" \/>\n<meta name=\"twitter:label1\" content=\"Gesch\u00e4tzte Lesezeit\" \/>\n\t<meta name=\"twitter:data1\" content=\"2\u00a0Minuten\" \/>\n<script type=\"application\/ld+json\" class=\"yoast-schema-graph\">{\"@context\":\"https:\/\/schema.org\",\"@graph\":[{\"@type\":\"WebPage\",\"@id\":\"https:\/\/www.wintersymposium.eu\/2024\/programm\/\",\"url\":\"https:\/\/www.wintersymposium.eu\/2024\/programm\/\",\"name\":\"Programm - 32. Wintersymposium 2024\",\"isPartOf\":{\"@id\":\"https:\/\/www.wintersymposium.eu\/2024\/#website\"},\"datePublished\":\"2021-11-01T13:28:02+00:00\",\"dateModified\":\"2023-09-19T13:27:53+00:00\",\"breadcrumb\":{\"@id\":\"https:\/\/www.wintersymposium.eu\/2024\/programm\/#breadcrumb\"},\"inLanguage\":\"de\",\"potentialAction\":[{\"@type\":\"ReadAction\",\"target\":[\"https:\/\/www.wintersymposium.eu\/2024\/programm\/\"]}]},{\"@type\":\"BreadcrumbList\",\"@id\":\"https:\/\/www.wintersymposium.eu\/2024\/programm\/#breadcrumb\",\"itemListElement\":[{\"@type\":\"ListItem\",\"position\":1,\"name\":\"Startseite\",\"item\":\"https:\/\/www.wintersymposium.eu\/2024\/\"},{\"@type\":\"ListItem\",\"position\":2,\"name\":\"Programm\"}]},{\"@type\":\"WebSite\",\"@id\":\"https:\/\/www.wintersymposium.eu\/2024\/#website\",\"url\":\"https:\/\/www.wintersymposium.eu\/2024\/\",\"name\":\"32. Wintersymposium 2024\",\"description\":\"13.-18. Januar 2024, A-Going\/ Tirol, Kieferorthop\u00e4die und Kinderzahnmedizin f\u00fcr die t\u00e4gliche Praxis\",\"publisher\":{\"@id\":\"https:\/\/www.wintersymposium.eu\/2024\/#organization\"},\"potentialAction\":[{\"@type\":\"SearchAction\",\"target\":{\"@type\":\"EntryPoint\",\"urlTemplate\":\"https:\/\/www.wintersymposium.eu\/2024\/?s={search_term_string}\"},\"query-input\":\"required name=search_term_string\"}],\"inLanguage\":\"de\"},{\"@type\":\"Organization\",\"@id\":\"https:\/\/www.wintersymposium.eu\/2024\/#organization\",\"name\":\"32. Wintersymposium 2024\",\"url\":\"https:\/\/www.wintersymposium.eu\/2024\/\",\"logo\":{\"@type\":\"ImageObject\",\"inLanguage\":\"de\",\"@id\":\"https:\/\/www.wintersymposium.eu\/2024\/#\/schema\/logo\/image\/\",\"url\":\"https:\/\/www.wintersymposium.eu\/2024\/wp-content\/uploads\/WS-Logo-2024-1.png\",\"contentUrl\":\"https:\/\/www.wintersymposium.eu\/2024\/wp-content\/uploads\/WS-Logo-2024-1.png\",\"width\":550,\"height\":300,\"caption\":\"32. Wintersymposium 2024\"},\"image\":{\"@id\":\"https:\/\/www.wintersymposium.eu\/2024\/#\/schema\/logo\/image\/\"}}]}<\/script>\n<!-- \/ Yoast SEO plugin. -->","yoast_head_json":{"title":"Programm - 32. Wintersymposium 2024","robots":{"index":"index","follow":"follow","max-snippet":"max-snippet:-1","max-image-preview":"max-image-preview:large","max-video-preview":"max-video-preview:-1"},"canonical":"https:\/\/www.wintersymposium.eu\/2024\/programm\/","og_locale":"de_DE","og_type":"article","og_title":"Programm - 32. Wintersymposium 2024","og_description":"ProgrammProgramm\u00e4nderungen vorbehalten Das vollst\u00e4ndige Programmheft finden Sie hier. Tag Samstag Sonntag Montag Dienstag Mittwoch Donnerstag &nbsp; 13.01.2024 14.01.2024 15.01.2024 16.01.2024 17.01.2024 18.01.2024 8:15 Anreise Katrin Bekes Milchzahnendodontie Gabriel Krastl Kosmetische Korrekturen nach KO Andreas Filippi Weisheitszahnentfernung und Koronotomie Marc Sch\u00e4tzle Der retinierte Dreier&nbsp; Marc Sch\u00e4tzle Parodontologie &amp; Kieferorthop\u00e4die 8:30 8:45 9:00 9:15 Kaffeepause Kaffeepause Kaffeepause [&hellip;]","og_url":"https:\/\/www.wintersymposium.eu\/2024\/programm\/","og_site_name":"32. Wintersymposium 2024","article_modified_time":"2023-09-19T13:27:53+00:00","twitter_card":"summary_large_image","twitter_misc":{"Gesch\u00e4tzte Lesezeit":"2\u00a0Minuten"},"schema":{"@context":"https:\/\/schema.org","@graph":[{"@type":"WebPage","@id":"https:\/\/www.wintersymposium.eu\/2024\/programm\/","url":"https:\/\/www.wintersymposium.eu\/2024\/programm\/","name":"Programm - 32. Wintersymposium 2024","isPartOf":{"@id":"https:\/\/www.wintersymposium.eu\/2024\/#website"},"datePublished":"2021-11-01T13:28:02+00:00","dateModified":"2023-09-19T13:27:53+00:00","breadcrumb":{"@id":"https:\/\/www.wintersymposium.eu\/2024\/programm\/#breadcrumb"},"inLanguage":"de","potentialAction":[{"@type":"ReadAction","target":["https:\/\/www.wintersymposium.eu\/2024\/programm\/"]}]},{"@type":"BreadcrumbList","@id":"https:\/\/www.wintersymposium.eu\/2024\/programm\/#breadcrumb","itemListElement":[{"@type":"ListItem","position":1,"name":"Startseite","item":"https:\/\/www.wintersymposium.eu\/2024\/"},{"@type":"ListItem","position":2,"name":"Programm"}]},{"@type":"WebSite","@id":"https:\/\/www.wintersymposium.eu\/2024\/#website","url":"https:\/\/www.wintersymposium.eu\/2024\/","name":"32. Wintersymposium 2024","description":"13.-18. Januar 2024, A-Going\/ Tirol, Kieferorthop\u00e4die und Kinderzahnmedizin f\u00fcr die t\u00e4gliche Praxis","publisher":{"@id":"https:\/\/www.wintersymposium.eu\/2024\/#organization"},"potentialAction":[{"@type":"SearchAction","target":{"@type":"EntryPoint","urlTemplate":"https:\/\/www.wintersymposium.eu\/2024\/?s={search_term_string}"},"query-input":"required name=search_term_string"}],"inLanguage":"de"},{"@type":"Organization","@id":"https:\/\/www.wintersymposium.eu\/2024\/#organization","name":"32. Wintersymposium 2024","url":"https:\/\/www.wintersymposium.eu\/2024\/","logo":{"@type":"ImageObject","inLanguage":"de","@id":"https:\/\/www.wintersymposium.eu\/2024\/#\/schema\/logo\/image\/","url":"https:\/\/www.wintersymposium.eu\/2024\/wp-content\/uploads\/WS-Logo-2024-1.png","contentUrl":"https:\/\/www.wintersymposium.eu\/2024\/wp-content\/uploads\/WS-Logo-2024-1.png","width":550,"height":300,"caption":"32. Wintersymposium 2024"},"image":{"@id":"https:\/\/www.wintersymposium.eu\/2024\/#\/schema\/logo\/image\/"}}]}},"_links":{"self":[{"href":"https:\/\/www.wintersymposium.eu\/2024\/wp-json\/wp\/v2\/pages\/3358"}],"collection":[{"href":"https:\/\/www.wintersymposium.eu\/2024\/wp-json\/wp\/v2\/pages"}],"about":[{"href":"https:\/\/www.wintersymposium.eu\/2024\/wp-json\/wp\/v2\/types\/page"}],"author":[{"embeddable":true,"href":"https:\/\/www.wintersymposium.eu\/2024\/wp-json\/wp\/v2\/users\/5"}],"replies":[{"embeddable":true,"href":"https:\/\/www.wintersymposium.eu\/2024\/wp-json\/wp\/v2\/comments?post=3358"}],"version-history":[{"count":0,"href":"https:\/\/www.wintersymposium.eu\/2024\/wp-json\/wp\/v2\/pages\/3358\/revisions"}],"wp:attachment":[{"href":"https:\/\/www.wintersymposium.eu\/2024\/wp-json\/wp\/v2\/media?parent=3358"}],"curies":[{"name":"wp","href":"https:\/\/api.w.org\/{rel}","templated":true}]}}