{"id":538,"date":"2020-11-27T13:53:54","date_gmt":"2020-11-27T12:53:54","guid":{"rendered":"https:\/\/www.wintersymposium.eu\/2024\/?page_id=538"},"modified":"2023-02-21T15:35:52","modified_gmt":"2023-02-21T14:35:52","slug":"kontakt","status":"publish","type":"page","link":"https:\/\/www.wintersymposium.eu\/2024\/kontakt\/","title":{"rendered":"Kontakt"},"content":{"rendered":"\t\t<div data-elementor-type=\"wp-page\" data-elementor-id=\"538\" class=\"elementor elementor-538\" data-elementor-post-type=\"page\">\n\t\t\t\t\t\t<section class=\"elementor-section elementor-top-section elementor-element elementor-element-653ca30f elementor-section-height-min-height elementor-section-items-stretch elementor-section-content-middle elementor-section-full_width elementor-section-height-default\" data-id=\"653ca30f\" data-element_type=\"section\">\n\t\t\t\t\t\t<div class=\"elementor-container elementor-column-gap-no\">\n\t\t\t\t\t<div class=\"elementor-column elementor-col-100 elementor-top-column elementor-element elementor-element-4b1aa21f\" data-id=\"4b1aa21f\" data-element_type=\"column\">\n\t\t\t<div class=\"elementor-widget-wrap elementor-element-populated\">\n\t\t\t\t\t\t<div class=\"elementor-element elementor-element-d249843 animated-slow elementor-widget elementor-widget-heading\" data-id=\"d249843\" data-element_type=\"widget\" data-settings=\"{&quot;_animation&quot;:&quot;none&quot;}\" data-widget_type=\"heading.default\">\n\t\t\t\t<div class=\"elementor-widget-container\">\n\t\t\t<h1 class=\"elementor-heading-title elementor-size-default\">Kontakt<\/h1>\t\t<\/div>\n\t\t\t\t<\/div>\n\t\t\t\t<div class=\"elementor-element elementor-element-63350483 elementor-widget elementor-widget-heading\" data-id=\"63350483\" data-element_type=\"widget\" data-widget_type=\"heading.default\">\n\t\t\t\t<div class=\"elementor-widget-container\">\n\t\t\t<h2 class=\"elementor-heading-title elementor-size-default\">Kongress-Agentur<\/h2>\t\t<\/div>\n\t\t\t\t<\/div>\n\t\t\t\t<section class=\"elementor-section elementor-inner-section elementor-element elementor-element-6e5abb79 elementor-section-full_width elementor-section-height-min-height elementor-section-content-top elementor-section-height-default elementor-invisible\" data-id=\"6e5abb79\" data-element_type=\"section\" data-settings=\"{&quot;animation&quot;:&quot;fadeIn&quot;,&quot;animation_mobile&quot;:&quot;none&quot;,&quot;animation_delay&quot;:&quot;200&quot;}\">\n\t\t\t\t\t\t<div class=\"elementor-container elementor-column-gap-default\">\n\t\t\t\t\t<div class=\"elementor-column elementor-col-33 elementor-inner-column elementor-element elementor-element-58de5dfd\" data-id=\"58de5dfd\" data-element_type=\"column\">\n\t\t\t<div class=\"elementor-widget-wrap elementor-element-populated\">\n\t\t\t\t\t\t<div class=\"elementor-element elementor-element-1742f76d elementor-widget elementor-widget-text-editor\" data-id=\"1742f76d\" data-element_type=\"widget\" data-widget_type=\"text-editor.default\">\n\t\t\t\t<div class=\"elementor-widget-container\">\n\t\t\t\t\t\t\t<p><strong>Frau Denise Bamert Winkler<br \/><\/strong>CBS Congress Management GmbH<br \/>Technoparkstrasse 1<br \/>8005 Z\u00fcrich, Schweiz<\/p>\t\t\t\t\t\t<\/div>\n\t\t\t\t<\/div>\n\t\t\t\t\t<\/div>\n\t\t<\/div>\n\t\t\t\t<div class=\"elementor-column elementor-col-33 elementor-inner-column elementor-element elementor-element-6c6da503\" data-id=\"6c6da503\" data-element_type=\"column\">\n\t\t\t<div class=\"elementor-widget-wrap elementor-element-populated\">\n\t\t\t\t\t\t<div class=\"elementor-element elementor-element-60e6fac9 elementor-icon-list--layout-traditional elementor-list-item-link-full_width elementor-widget elementor-widget-icon-list\" data-id=\"60e6fac9\" data-element_type=\"widget\" data-widget_type=\"icon-list.default\">\n\t\t\t\t<div class=\"elementor-widget-container\">\n\t\t\t\t\t<ul class=\"elementor-icon-list-items\">\n\t\t\t\t\t\t\t<li class=\"elementor-icon-list-item\">\n\t\t\t\t\t\t\t\t\t\t\t<span class=\"elementor-icon-list-icon\">\n\t\t\t\t\t\t\t<i aria-hidden=\"true\" class=\"fas fa-phone-alt\"><\/i>\t\t\t\t\t\t<\/span>\n\t\t\t\t\t\t\t\t\t\t<span class=\"elementor-icon-list-text\">+41 44 533 37 37<\/span>\n\t\t\t\t\t\t\t\t\t<\/li>\n\t\t\t\t\t\t\t\t<li class=\"elementor-icon-list-item\">\n\t\t\t\t\t\t\t\t\t\t\t<span class=\"elementor-icon-list-icon\">\n\t\t\t\t\t\t\t<i aria-hidden=\"true\" class=\"fas fa-fax\"><\/i>\t\t\t\t\t\t<\/span>\n\t\t\t\t\t\t\t\t\t\t<span class=\"elementor-icon-list-text\">+41 44 533 37 35<\/span>\n\t\t\t\t\t\t\t\t\t<\/li>\n\t\t\t\t\t\t\t\t<li class=\"elementor-icon-list-item\">\n\t\t\t\t\t\t\t\t\t\t\t<a href=\"mailto:info@cbs-congress.ch?subject=Wintersymposium%202024\">\n\n\t\t\t\t\t\t\t\t\t\t\t\t<span class=\"elementor-icon-list-icon\">\n\t\t\t\t\t\t\t<i aria-hidden=\"true\" class=\"fas fa-envelope\"><\/i>\t\t\t\t\t\t<\/span>\n\t\t\t\t\t\t\t\t\t\t<span class=\"elementor-icon-list-text\">info@cbs-congress.ch<\/span>\n\t\t\t\t\t\t\t\t\t\t\t<\/a>\n\t\t\t\t\t\t\t\t\t<\/li>\n\t\t\t\t\t\t\t\t<li class=\"elementor-icon-list-item\">\n\t\t\t\t\t\t\t\t\t\t\t<a href=\"http:\/\/www.wintersymposium.eu\">\n\n\t\t\t\t\t\t\t\t\t\t\t\t<span class=\"elementor-icon-list-icon\">\n\t\t\t\t\t\t\t<i aria-hidden=\"true\" class=\"fas fa-globe-americas\"><\/i>\t\t\t\t\t\t<\/span>\n\t\t\t\t\t\t\t\t\t\t<span class=\"elementor-icon-list-text\">www.wintersymposium.eu<\/span>\n\t\t\t\t\t\t\t\t\t\t\t<\/a>\n\t\t\t\t\t\t\t\t\t<\/li>\n\t\t\t\t\t\t<\/ul>\n\t\t\t\t<\/div>\n\t\t\t\t<\/div>\n\t\t\t\t\t<\/div>\n\t\t<\/div>\n\t\t\t\t<div class=\"elementor-column elementor-col-33 elementor-inner-column elementor-element elementor-element-466a1c4\" data-id=\"466a1c4\" data-element_type=\"column\">\n\t\t\t<div class=\"elementor-widget-wrap elementor-element-populated\">\n\t\t\t\t\t\t<div class=\"elementor-element elementor-element-947912a elementor-widget elementor-widget-image\" data-id=\"947912a\" data-element_type=\"widget\" data-widget_type=\"image.default\">\n\t\t\t\t<div class=\"elementor-widget-container\">\n\t\t\t\t\t\t\t\t\t\t\t\t\t\t<a href=\"http:\/\/cbs-congress.ch\/\">\n\t\t\t\t\t\t\t<img decoding=\"async\" width=\"180\" height=\"80\" src=\"https:\/\/www.wintersymposium.eu\/2024\/wp-content\/uploads\/logo_sidebox_cbs.png\" class=\"attachment-full size-full wp-image-2638\" alt=\"\" srcset=\"https:\/\/www.wintersymposium.eu\/2024\/wp-content\/uploads\/logo_sidebox_cbs.png 180w, https:\/\/www.wintersymposium.eu\/2024\/wp-content\/uploads\/logo_sidebox_cbs-150x67.png 150w\" sizes=\"(max-width: 180px) 100vw, 180px\" \/>\t\t\t\t\t\t\t\t<\/a>\n\t\t\t\t\t\t\t\t\t\t\t\t\t<\/div>\n\t\t\t\t<\/div>\n\t\t\t\t\t<\/div>\n\t\t<\/div>\n\t\t\t\t\t<\/div>\n\t\t<\/section>\n\t\t\t\t\t<\/div>\n\t\t<\/div>\n\t\t\t\t\t<\/div>\n\t\t<\/section>\n\t\t\t\t<\/div>\n\t\t","protected":false},"excerpt":{"rendered":"<p>Kontakt Kongress-Agentur Frau Denise Bamert WinklerCBS Congress Management GmbHTechnoparkstrasse 18005 Z\u00fcrich, Schweiz +41 44 533 37 37 +41 44 533 37 35 info@cbs-congress.ch www.wintersymposium.eu<\/p>\n","protected":false},"author":5,"featured_media":0,"parent":0,"menu_order":96,"comment_status":"closed","ping_status":"closed","template":"","meta":{"_acf_changed":false,"footnotes":""},"class_list":["post-538","page","type-page","status-publish","hentry"],"acf":[],"yoast_head":"<!-- This site is optimized with the Yoast SEO plugin v23.2 - https:\/\/yoast.com\/wordpress\/plugins\/seo\/ -->\n<title>Kontakt - 32. Wintersymposium 2024<\/title>\n<meta name=\"robots\" content=\"index, follow, max-snippet:-1, max-image-preview:large, max-video-preview:-1\" \/>\n<link rel=\"canonical\" href=\"https:\/\/www.wintersymposium.eu\/2024\/kontakt\/\" \/>\n<meta property=\"og:locale\" content=\"de_DE\" \/>\n<meta property=\"og:type\" content=\"article\" \/>\n<meta property=\"og:title\" content=\"Kontakt - 32. Wintersymposium 2024\" \/>\n<meta property=\"og:description\" content=\"Kontakt Kongress-Agentur Frau Denise Bamert WinklerCBS Congress Management GmbHTechnoparkstrasse 18005 Z\u00fcrich, Schweiz +41 44 533 37 37 +41 44 533 37 35 info@cbs-congress.ch www.wintersymposium.eu\" \/>\n<meta property=\"og:url\" content=\"https:\/\/www.wintersymposium.eu\/2024\/kontakt\/\" \/>\n<meta property=\"og:site_name\" content=\"32. Wintersymposium 2024\" \/>\n<meta property=\"article:modified_time\" content=\"2023-02-21T14:35:52+00:00\" \/>\n<meta property=\"og:image\" content=\"https:\/\/www.wintersymposium.eu\/2024\/wp-content\/uploads\/logo_sidebox_cbs.png\" \/>\n<meta name=\"twitter:card\" content=\"summary_large_image\" \/>\n<meta name=\"twitter:label1\" content=\"Gesch\u00e4tzte Lesezeit\" \/>\n\t<meta name=\"twitter:data1\" content=\"1\u00a0Minute\" \/>\n<script type=\"application\/ld+json\" class=\"yoast-schema-graph\">{\"@context\":\"https:\/\/schema.org\",\"@graph\":[{\"@type\":\"WebPage\",\"@id\":\"https:\/\/www.wintersymposium.eu\/2024\/kontakt\/\",\"url\":\"https:\/\/www.wintersymposium.eu\/2024\/kontakt\/\",\"name\":\"Kontakt - 32. Wintersymposium 2024\",\"isPartOf\":{\"@id\":\"https:\/\/www.wintersymposium.eu\/2024\/#website\"},\"primaryImageOfPage\":{\"@id\":\"https:\/\/www.wintersymposium.eu\/2024\/kontakt\/#primaryimage\"},\"image\":{\"@id\":\"https:\/\/www.wintersymposium.eu\/2024\/kontakt\/#primaryimage\"},\"thumbnailUrl\":\"https:\/\/www.wintersymposium.eu\/2024\/wp-content\/uploads\/logo_sidebox_cbs.png\",\"datePublished\":\"2020-11-27T12:53:54+00:00\",\"dateModified\":\"2023-02-21T14:35:52+00:00\",\"breadcrumb\":{\"@id\":\"https:\/\/www.wintersymposium.eu\/2024\/kontakt\/#breadcrumb\"},\"inLanguage\":\"de\",\"potentialAction\":[{\"@type\":\"ReadAction\",\"target\":[\"https:\/\/www.wintersymposium.eu\/2024\/kontakt\/\"]}]},{\"@type\":\"ImageObject\",\"inLanguage\":\"de\",\"@id\":\"https:\/\/www.wintersymposium.eu\/2024\/kontakt\/#primaryimage\",\"url\":\"https:\/\/www.wintersymposium.eu\/2024\/wp-content\/uploads\/logo_sidebox_cbs.png\",\"contentUrl\":\"https:\/\/www.wintersymposium.eu\/2024\/wp-content\/uploads\/logo_sidebox_cbs.png\",\"width\":180,\"height\":80},{\"@type\":\"BreadcrumbList\",\"@id\":\"https:\/\/www.wintersymposium.eu\/2024\/kontakt\/#breadcrumb\",\"itemListElement\":[{\"@type\":\"ListItem\",\"position\":1,\"name\":\"Startseite\",\"item\":\"https:\/\/www.wintersymposium.eu\/2024\/\"},{\"@type\":\"ListItem\",\"position\":2,\"name\":\"Kontakt\"}]},{\"@type\":\"WebSite\",\"@id\":\"https:\/\/www.wintersymposium.eu\/2024\/#website\",\"url\":\"https:\/\/www.wintersymposium.eu\/2024\/\",\"name\":\"32. Wintersymposium 2024\",\"description\":\"13.-18. Januar 2024, A-Going\/ Tirol, Kieferorthop\u00e4die und Kinderzahnmedizin f\u00fcr die t\u00e4gliche Praxis\",\"publisher\":{\"@id\":\"https:\/\/www.wintersymposium.eu\/2024\/#organization\"},\"potentialAction\":[{\"@type\":\"SearchAction\",\"target\":{\"@type\":\"EntryPoint\",\"urlTemplate\":\"https:\/\/www.wintersymposium.eu\/2024\/?s={search_term_string}\"},\"query-input\":\"required name=search_term_string\"}],\"inLanguage\":\"de\"},{\"@type\":\"Organization\",\"@id\":\"https:\/\/www.wintersymposium.eu\/2024\/#organization\",\"name\":\"32. Wintersymposium 2024\",\"url\":\"https:\/\/www.wintersymposium.eu\/2024\/\",\"logo\":{\"@type\":\"ImageObject\",\"inLanguage\":\"de\",\"@id\":\"https:\/\/www.wintersymposium.eu\/2024\/#\/schema\/logo\/image\/\",\"url\":\"https:\/\/www.wintersymposium.eu\/2024\/wp-content\/uploads\/WS-Logo-2024-1.png\",\"contentUrl\":\"https:\/\/www.wintersymposium.eu\/2024\/wp-content\/uploads\/WS-Logo-2024-1.png\",\"width\":550,\"height\":300,\"caption\":\"32. Wintersymposium 2024\"},\"image\":{\"@id\":\"https:\/\/www.wintersymposium.eu\/2024\/#\/schema\/logo\/image\/\"}}]}<\/script>\n<!-- \/ Yoast SEO plugin. -->","yoast_head_json":{"title":"Kontakt - 32. Wintersymposium 2024","robots":{"index":"index","follow":"follow","max-snippet":"max-snippet:-1","max-image-preview":"max-image-preview:large","max-video-preview":"max-video-preview:-1"},"canonical":"https:\/\/www.wintersymposium.eu\/2024\/kontakt\/","og_locale":"de_DE","og_type":"article","og_title":"Kontakt - 32. Wintersymposium 2024","og_description":"Kontakt Kongress-Agentur Frau Denise Bamert WinklerCBS Congress Management GmbHTechnoparkstrasse 18005 Z\u00fcrich, Schweiz +41 44 533 37 37 +41 44 533 37 35 info@cbs-congress.ch www.wintersymposium.eu","og_url":"https:\/\/www.wintersymposium.eu\/2024\/kontakt\/","og_site_name":"32. Wintersymposium 2024","article_modified_time":"2023-02-21T14:35:52+00:00","og_image":[{"url":"https:\/\/www.wintersymposium.eu\/2024\/wp-content\/uploads\/logo_sidebox_cbs.png"}],"twitter_card":"summary_large_image","twitter_misc":{"Gesch\u00e4tzte Lesezeit":"1\u00a0Minute"},"schema":{"@context":"https:\/\/schema.org","@graph":[{"@type":"WebPage","@id":"https:\/\/www.wintersymposium.eu\/2024\/kontakt\/","url":"https:\/\/www.wintersymposium.eu\/2024\/kontakt\/","name":"Kontakt - 32. Wintersymposium 2024","isPartOf":{"@id":"https:\/\/www.wintersymposium.eu\/2024\/#website"},"primaryImageOfPage":{"@id":"https:\/\/www.wintersymposium.eu\/2024\/kontakt\/#primaryimage"},"image":{"@id":"https:\/\/www.wintersymposium.eu\/2024\/kontakt\/#primaryimage"},"thumbnailUrl":"https:\/\/www.wintersymposium.eu\/2024\/wp-content\/uploads\/logo_sidebox_cbs.png","datePublished":"2020-11-27T12:53:54+00:00","dateModified":"2023-02-21T14:35:52+00:00","breadcrumb":{"@id":"https:\/\/www.wintersymposium.eu\/2024\/kontakt\/#breadcrumb"},"inLanguage":"de","potentialAction":[{"@type":"ReadAction","target":["https:\/\/www.wintersymposium.eu\/2024\/kontakt\/"]}]},{"@type":"ImageObject","inLanguage":"de","@id":"https:\/\/www.wintersymposium.eu\/2024\/kontakt\/#primaryimage","url":"https:\/\/www.wintersymposium.eu\/2024\/wp-content\/uploads\/logo_sidebox_cbs.png","contentUrl":"https:\/\/www.wintersymposium.eu\/2024\/wp-content\/uploads\/logo_sidebox_cbs.png","width":180,"height":80},{"@type":"BreadcrumbList","@id":"https:\/\/www.wintersymposium.eu\/2024\/kontakt\/#breadcrumb","itemListElement":[{"@type":"ListItem","position":1,"name":"Startseite","item":"https:\/\/www.wintersymposium.eu\/2024\/"},{"@type":"ListItem","position":2,"name":"Kontakt"}]},{"@type":"WebSite","@id":"https:\/\/www.wintersymposium.eu\/2024\/#website","url":"https:\/\/www.wintersymposium.eu\/2024\/","name":"32. Wintersymposium 2024","description":"13.-18. Januar 2024, A-Going\/ Tirol, Kieferorthop\u00e4die und Kinderzahnmedizin f\u00fcr die t\u00e4gliche Praxis","publisher":{"@id":"https:\/\/www.wintersymposium.eu\/2024\/#organization"},"potentialAction":[{"@type":"SearchAction","target":{"@type":"EntryPoint","urlTemplate":"https:\/\/www.wintersymposium.eu\/2024\/?s={search_term_string}"},"query-input":"required name=search_term_string"}],"inLanguage":"de"},{"@type":"Organization","@id":"https:\/\/www.wintersymposium.eu\/2024\/#organization","name":"32. Wintersymposium 2024","url":"https:\/\/www.wintersymposium.eu\/2024\/","logo":{"@type":"ImageObject","inLanguage":"de","@id":"https:\/\/www.wintersymposium.eu\/2024\/#\/schema\/logo\/image\/","url":"https:\/\/www.wintersymposium.eu\/2024\/wp-content\/uploads\/WS-Logo-2024-1.png","contentUrl":"https:\/\/www.wintersymposium.eu\/2024\/wp-content\/uploads\/WS-Logo-2024-1.png","width":550,"height":300,"caption":"32. Wintersymposium 2024"},"image":{"@id":"https:\/\/www.wintersymposium.eu\/2024\/#\/schema\/logo\/image\/"}}]}},"_links":{"self":[{"href":"https:\/\/www.wintersymposium.eu\/2024\/wp-json\/wp\/v2\/pages\/538"}],"collection":[{"href":"https:\/\/www.wintersymposium.eu\/2024\/wp-json\/wp\/v2\/pages"}],"about":[{"href":"https:\/\/www.wintersymposium.eu\/2024\/wp-json\/wp\/v2\/types\/page"}],"author":[{"embeddable":true,"href":"https:\/\/www.wintersymposium.eu\/2024\/wp-json\/wp\/v2\/users\/5"}],"replies":[{"embeddable":true,"href":"https:\/\/www.wintersymposium.eu\/2024\/wp-json\/wp\/v2\/comments?post=538"}],"version-history":[{"count":0,"href":"https:\/\/www.wintersymposium.eu\/2024\/wp-json\/wp\/v2\/pages\/538\/revisions"}],"wp:attachment":[{"href":"https:\/\/www.wintersymposium.eu\/2024\/wp-json\/wp\/v2\/media?parent=538"}],"curies":[{"name":"wp","href":"https:\/\/api.w.org\/{rel}","templated":true}]}}