{"id":5563,"date":"2023-02-21T15:50:00","date_gmt":"2023-02-21T14:50:00","guid":{"rendered":"https:\/\/www.wintersymposium.eu\/2024\/?page_id=5563"},"modified":"2023-12-07T15:11:52","modified_gmt":"2023-12-07T14:11:52","slug":"home","status":"publish","type":"page","link":"https:\/\/www.wintersymposium.eu\/2024\/","title":{"rendered":"Home"},"content":{"rendered":"\t\t<div data-elementor-type=\"wp-page\" data-elementor-id=\"5563\" class=\"elementor elementor-5563\" data-elementor-post-type=\"page\">\n\t\t\t\t\t\t<section class=\"elementor-section elementor-top-section elementor-element elementor-element-e2f4233 elementor-section-full_width elementor-section-height-default elementor-section-height-default\" data-id=\"e2f4233\" data-element_type=\"section\">\n\t\t\t\t\t\t<div class=\"elementor-container elementor-column-gap-default\">\n\t\t\t\t\t<main class=\"elementor-column elementor-col-50 elementor-top-column elementor-element elementor-element-5e0a11d\" data-id=\"5e0a11d\" data-element_type=\"column\" data-settings=\"{&quot;background_background&quot;:&quot;gradient&quot;}\">\n\t\t\t<div class=\"elementor-widget-wrap elementor-element-populated\">\n\t\t\t\t\t\t<div class=\"elementor-element elementor-element-f23e8f2 elementor-widget elementor-widget-image-carousel\" data-id=\"f23e8f2\" data-element_type=\"widget\" data-settings=\"{&quot;slides_to_show&quot;:&quot;1&quot;,&quot;navigation&quot;:&quot;none&quot;,&quot;pause_on_hover&quot;:&quot;no&quot;,&quot;pause_on_interaction&quot;:&quot;no&quot;,&quot;effect&quot;:&quot;fade&quot;,&quot;speed&quot;:3000,&quot;autoplay_speed&quot;:3000,&quot;autoplay&quot;:&quot;yes&quot;,&quot;infinite&quot;:&quot;yes&quot;}\" data-widget_type=\"image-carousel.default\">\n\t\t\t\t<div class=\"elementor-widget-container\">\n\t\t\t\t\t<div class=\"elementor-image-carousel-wrapper swiper\" dir=\"ltr\">\n\t\t\t<div class=\"elementor-image-carousel swiper-wrapper\" aria-live=\"off\">\n\t\t\t\t\t\t\t\t<div class=\"swiper-slide\" role=\"group\" aria-roledescription=\"slide\" aria-label=\"1 von 3\"><figure class=\"swiper-slide-inner\"><img decoding=\"async\" class=\"swiper-slide-image\" src=\"https:\/\/www.wintersymposium.eu\/2024\/wp-content\/uploads\/Slider2-2.jpg\" alt=\"Slider2\" \/><\/figure><\/div><div class=\"swiper-slide\" role=\"group\" aria-roledescription=\"slide\" aria-label=\"2 von 3\"><figure class=\"swiper-slide-inner\"><img decoding=\"async\" class=\"swiper-slide-image\" src=\"https:\/\/www.wintersymposium.eu\/2024\/wp-content\/uploads\/Slider1-2.jpg\" alt=\"Slider1\" \/><\/figure><\/div><div class=\"swiper-slide\" role=\"group\" aria-roledescription=\"slide\" aria-label=\"3 von 3\"><figure class=\"swiper-slide-inner\"><img decoding=\"async\" class=\"swiper-slide-image\" src=\"https:\/\/www.wintersymposium.eu\/2024\/wp-content\/uploads\/Slider3-1.jpg\" alt=\"Slider3\" \/><\/figure><\/div>\t\t\t<\/div>\n\t\t\t\t\t\t\t\n\t\t\t\t\t\t\t\t\t<\/div>\n\t\t\t\t<\/div>\n\t\t\t\t<\/div>\n\t\t\t\t\t<\/div>\n\t\t<\/main>\n\t\t\t\t<div class=\"elementor-column elementor-col-50 elementor-top-column elementor-element elementor-element-306e1b2\" data-id=\"306e1b2\" data-element_type=\"column\" data-settings=\"{&quot;background_background&quot;:&quot;gradient&quot;}\">\n\t\t\t<div class=\"elementor-widget-wrap elementor-element-populated\">\n\t\t\t\t\t\t<div class=\"elementor-element elementor-element-19304e9 elementor-widget elementor-widget-text-editor\" data-id=\"19304e9\" data-element_type=\"widget\" data-widget_type=\"text-editor.default\">\n\t\t\t\t<div class=\"elementor-widget-container\">\n\t\t\t\t\t\t\t<p><strong>Wichtige Termine:<\/strong><\/p>\n<p><strong>13.-18. Januar 2024<\/strong><br>32. Wintersymposium 2024<\/p>\n<p><strong>Ausverkauftes Symposium &#8211; Aufnahme in die Warteliste m\u00f6glich<\/strong><br>Bitte klicken Sie <span style=\"text-decoration: underline;\"><a href=\"https:\/\/www.wintersymposium.eu\/2024\/anmeldung\/\">hier<\/a><\/span>.<\/p>\t\t\t\t\t\t<\/div>\n\t\t\t\t<\/div>\n\t\t\t\t<div class=\"elementor-element elementor-element-56ec47d elementor-widget elementor-widget-text-editor\" data-id=\"56ec47d\" data-element_type=\"widget\" data-widget_type=\"text-editor.default\">\n\t\t\t\t<div class=\"elementor-widget-container\">\n\t\t\t\t\t\t\t<p>\u2022 Kieferorthop\u00e4die<br \/>\u2022 Kinderzahnmedizin<br \/>\u2022 11 Experten<br \/>\u2022 19 Vortr\u00e4ge<br \/>\u2022 6 Workshops<br \/>\u2022 praxisorientierte Themen<br \/>\u2022 Industrie-Ausstellung<br \/>\u2022 6 Tage<\/p>\t\t\t\t\t\t<\/div>\n\t\t\t\t<\/div>\n\t\t\t\t\t<\/div>\n\t\t<\/div>\n\t\t\t\t\t<\/div>\n\t\t<\/section>\n\t\t\t\t<section class=\"elementor-section elementor-top-section elementor-element elementor-element-39a1e11 elementor-section-boxed elementor-section-height-default elementor-section-height-default\" data-id=\"39a1e11\" data-element_type=\"section\">\n\t\t\t\t\t\t<div class=\"elementor-container elementor-column-gap-default\">\n\t\t\t\t\t<div class=\"elementor-column elementor-col-100 elementor-top-column elementor-element elementor-element-74a70d0\" data-id=\"74a70d0\" data-element_type=\"column\" data-settings=\"{&quot;background_background&quot;:&quot;classic&quot;}\">\n\t\t\t<div class=\"elementor-widget-wrap elementor-element-populated\">\n\t\t\t\t\t\t<div class=\"elementor-element elementor-element-18dbcea elementor-hidden-desktop elementor-hidden-tablet elementor-hidden-mobile elementor-widget elementor-widget-text-editor\" data-id=\"18dbcea\" data-element_type=\"widget\" data-widget_type=\"text-editor.default\">\n\t\t\t\t<div class=\"elementor-widget-container\">\n\t\t\t\t\t\t\t<p><strong>Registration:<\/strong><\/p>\n<p>Die Registration schliesst am 20. Dezember 2022.<br>Bitte klicken Sie <strong><a href=\"https:\/\/www.wintersymposium.eu\/2024\/anmeldung\/\">hier<\/a> <\/strong>um zur Anmeldung zu gelangen.<\/p>\t\t\t\t\t\t<\/div>\n\t\t\t\t<\/div>\n\t\t\t\t<div class=\"elementor-element elementor-element-0c48acc elementor-widget elementor-widget-text-editor\" data-id=\"0c48acc\" data-element_type=\"widget\" data-widget_type=\"text-editor.default\">\n\t\t\t\t<div class=\"elementor-widget-container\">\n\t\t\t\t\t\t\t<p><strong>Wichtige Termine:<\/strong><\/p>\n<p><strong>13.-18. Januar 2024<\/strong><br>32. Wintersymposium 2024<\/p>\n<p><strong>Ausverkauftes Symposium &#8211; Aufnahme in die Warteliste m\u00f6glich<\/strong><br>Bitte klicken Sie <span style=\"text-decoration: underline;\"><a href=\"https:\/\/www.wintersymposium.eu\/2024\/anmeldung\/\">hier<\/a><\/span>.<\/p>\t\t\t\t\t\t<\/div>\n\t\t\t\t<\/div>\n\t\t\t\t<div class=\"elementor-element elementor-element-5a55e89 elementor-hidden-desktop elementor-hidden-tablet elementor-hidden-mobile elementor-widget elementor-widget-text-editor\" data-id=\"5a55e89\" data-element_type=\"widget\" data-widget_type=\"text-editor.default\">\n\t\t\t\t<div class=\"elementor-widget-container\">\n\t\t\t\t\t\t\t<p><strong>Verl\u00e4ngerung &#8211; Hotelreservationen zu Spezialpreisen bis:<\/strong><\/p>\n<p>30. November 2022<\/p>\t\t\t\t\t\t<\/div>\n\t\t\t\t<\/div>\n\t\t\t\t<div class=\"elementor-element elementor-element-3280dac elementor-widget elementor-widget-text-editor\" data-id=\"3280dac\" data-element_type=\"widget\" data-widget_type=\"text-editor.default\">\n\t\t\t\t<div class=\"elementor-widget-container\">\n\t\t\t\t\t\t\t<p><strong>Download<\/strong><\/p>\n<p><a href=\"https:\/\/www.wintersymposium.eu\/2024\/wp-content\/uploads\/Wintersymposium-Programmheft-2024.pdf\" target=\"_blank\" rel=\"noopener\"><span style=\"color: white;\">Programmheft<\/span><br>\n<\/a><a href=\"https:\/\/www.wintersymposium.eu\/2024\/wp-content\/uploads\/Wintersymposium-Programmheft-2024.pdf\" rel=\"noopener\" target=\"_blank\"><img fetchpriority=\"high\" decoding=\"async\" src=\"https:\/\/www.wintersymposium.eu\/2024\/wp-content\/uploads\/Wintersymposium-Programmheft-2024.jpg\" width=\"250\" height=\"356\" class=\"alignnone\" alt=\"\"><\/a><\/p>\t\t\t\t\t\t<\/div>\n\t\t\t\t<\/div>\n\t\t\t\t<div class=\"elementor-element elementor-element-17a664f elementor-tablet-align-left elementor-icon-list--layout-traditional elementor-list-item-link-full_width elementor-widget elementor-widget-icon-list\" data-id=\"17a664f\" data-element_type=\"widget\" data-widget_type=\"icon-list.default\">\n\t\t\t\t<div class=\"elementor-widget-container\">\n\t\t\t\t\t<ul class=\"elementor-icon-list-items\">\n\t\t\t\t\t\t\t<li class=\"elementor-icon-list-item\">\n\t\t\t\t\t\t\t\t\t\t<span class=\"elementor-icon-list-text\"><b>Veranstalter<\/b><\/span>\n\t\t\t\t\t\t\t\t\t<\/li>\n\t\t\t\t\t\t\t\t<li class=\"elementor-icon-list-item\">\n\t\t\t\t\t\t\t\t\t\t<span class=\"elementor-icon-list-text\"><b>Dr. Hubertus van Waes<\/b><\/span>\n\t\t\t\t\t\t\t\t\t<\/li>\n\t\t\t\t\t\t\t\t<li class=\"elementor-icon-list-item\">\n\t\t\t\t\t\t\t\t\t\t<span class=\"elementor-icon-list-text\">Leiter der Sektion f\u00fcr Kinderzahnmedizin, Klinik f\u00fcr Kieferorthop\u00e4die und Kinderzahnmedizin  des Zentrum f\u00fcr Zahnmedizin der Universit\u00e4t Z\u00fcrich<\/span>\n\t\t\t\t\t\t\t\t\t<\/li>\n\t\t\t\t\t\t\t\t<li class=\"elementor-icon-list-item\">\n\t\t\t\t\t\t\t\t\t\t<span class=\"elementor-icon-list-text\">Leiter des Schulzahn\u00e4rztlichen Dienstes der Stadt Z\u00fcrich<\/span>\n\t\t\t\t\t\t\t\t\t<\/li>\n\t\t\t\t\t\t\t\t<li class=\"elementor-icon-list-item\">\n\t\t\t\t\t\t\t\t\t\t<span class=\"elementor-icon-list-text\">Plattenstrasse 11<\/span>\n\t\t\t\t\t\t\t\t\t<\/li>\n\t\t\t\t\t\t\t\t<li class=\"elementor-icon-list-item\">\n\t\t\t\t\t\t\t\t\t\t<span class=\"elementor-icon-list-text\">8032 Z\u00fcrich, Schweiz<\/span>\n\t\t\t\t\t\t\t\t\t<\/li>\n\t\t\t\t\t\t<\/ul>\n\t\t\t\t<\/div>\n\t\t\t\t<\/div>\n\t\t\t\t<div class=\"elementor-element elementor-element-b672df2 elementor-tablet-align-left elementor-icon-list--layout-traditional elementor-list-item-link-full_width elementor-widget elementor-widget-icon-list\" data-id=\"b672df2\" data-element_type=\"widget\" data-widget_type=\"icon-list.default\">\n\t\t\t\t<div class=\"elementor-widget-container\">\n\t\t\t\t\t<ul class=\"elementor-icon-list-items\">\n\t\t\t\t\t\t\t<li class=\"elementor-icon-list-item\">\n\t\t\t\t\t\t\t\t\t\t<span class=\"elementor-icon-list-text\"><b>Kongress-Agentur<\/b><\/span>\n\t\t\t\t\t\t\t\t\t<\/li>\n\t\t\t\t\t\t\t\t<li class=\"elementor-icon-list-item\">\n\t\t\t\t\t\t\t\t\t\t<span class=\"elementor-icon-list-text\"><b>CBS Congress Management GmbH<\/b><\/span>\n\t\t\t\t\t\t\t\t\t<\/li>\n\t\t\t\t\t\t\t\t<li class=\"elementor-icon-list-item\">\n\t\t\t\t\t\t\t\t\t\t<span class=\"elementor-icon-list-text\">Denise Bamert Winkler<\/span>\n\t\t\t\t\t\t\t\t\t<\/li>\n\t\t\t\t\t\t\t\t<li class=\"elementor-icon-list-item\">\n\t\t\t\t\t\t\t\t\t\t<span class=\"elementor-icon-list-text\">Technoparkstrasse 1<\/span>\n\t\t\t\t\t\t\t\t\t<\/li>\n\t\t\t\t\t\t\t\t<li class=\"elementor-icon-list-item\">\n\t\t\t\t\t\t\t\t\t\t<span class=\"elementor-icon-list-text\">8005 Z\u00fcrich, Schweiz<\/span>\n\t\t\t\t\t\t\t\t\t<\/li>\n\t\t\t\t\t\t\t\t<li class=\"elementor-icon-list-item\">\n\t\t\t\t\t\t\t\t\t\t\t<a href=\"tel:+41445333737\">\n\n\t\t\t\t\t\t\t\t\t\t\t\t<span class=\"elementor-icon-list-icon\">\n\t\t\t\t\t\t\t<i aria-hidden=\"true\" class=\"fas fa-phone-alt\"><\/i>\t\t\t\t\t\t<\/span>\n\t\t\t\t\t\t\t\t\t\t<span class=\"elementor-icon-list-text\">+41 44 533 37 37<\/span>\n\t\t\t\t\t\t\t\t\t\t\t<\/a>\n\t\t\t\t\t\t\t\t\t<\/li>\n\t\t\t\t\t\t\t\t<li class=\"elementor-icon-list-item\">\n\t\t\t\t\t\t\t\t\t\t\t<span class=\"elementor-icon-list-icon\">\n\t\t\t\t\t\t\t<i aria-hidden=\"true\" class=\"fas fa-print\"><\/i>\t\t\t\t\t\t<\/span>\n\t\t\t\t\t\t\t\t\t\t<span class=\"elementor-icon-list-text\">+41 44 533 37 35<\/span>\n\t\t\t\t\t\t\t\t\t<\/li>\n\t\t\t\t\t\t\t\t<li class=\"elementor-icon-list-item\">\n\t\t\t\t\t\t\t\t\t\t\t<a href=\"mailto:info@cbs-congress.ch?subject=Wintersymposium%202024\">\n\n\t\t\t\t\t\t\t\t\t\t\t\t<span class=\"elementor-icon-list-icon\">\n\t\t\t\t\t\t\t<i aria-hidden=\"true\" class=\"far fa-envelope\"><\/i>\t\t\t\t\t\t<\/span>\n\t\t\t\t\t\t\t\t\t\t<span class=\"elementor-icon-list-text\">info@cbs-congress.ch<\/span>\n\t\t\t\t\t\t\t\t\t\t\t<\/a>\n\t\t\t\t\t\t\t\t\t<\/li>\n\t\t\t\t\t\t<\/ul>\n\t\t\t\t<\/div>\n\t\t\t\t<\/div>\n\t\t\t\t\t<\/div>\n\t\t<\/div>\n\t\t\t\t\t<\/div>\n\t\t<\/section>\n\t\t\t\t<\/div>\n\t\t","protected":false},"excerpt":{"rendered":"<p>Wichtige Termine: 13.-18. Januar 202432. Wintersymposium 2024 Ausverkauftes Symposium &#8211; Aufnahme in die Warteliste m\u00f6glichBitte klicken Sie hier. \u2022 Kieferorthop\u00e4die\u2022 Kinderzahnmedizin\u2022 11 Experten\u2022 19 Vortr\u00e4ge\u2022 6 Workshops\u2022 praxisorientierte Themen\u2022 Industrie-Ausstellung\u2022 6 Tage Registration: Die Registration schliesst am 20. Dezember 2022.Bitte klicken Sie hier um zur Anmeldung zu gelangen. Wichtige Termine: 13.-18. Januar 202432. Wintersymposium 2024 [&hellip;]<\/p>\n","protected":false},"author":5,"featured_media":0,"parent":0,"menu_order":0,"comment_status":"closed","ping_status":"closed","template":"elementor_header_footer","meta":{"_acf_changed":false,"footnotes":""},"class_list":["post-5563","page","type-page","status-publish","hentry"],"acf":[],"yoast_head":"<!-- This site is optimized with the Yoast SEO plugin v23.2 - https:\/\/yoast.com\/wordpress\/plugins\/seo\/ -->\n<title>Home - 32. Wintersymposium 2024<\/title>\n<meta name=\"robots\" content=\"index, follow, max-snippet:-1, max-image-preview:large, max-video-preview:-1\" \/>\n<link rel=\"canonical\" href=\"https:\/\/www.wintersymposium.eu\/2024\/\" \/>\n<meta property=\"og:locale\" content=\"de_DE\" \/>\n<meta property=\"og:type\" content=\"article\" \/>\n<meta property=\"og:title\" content=\"Home - 32. Wintersymposium 2024\" \/>\n<meta property=\"og:description\" content=\"Wichtige Termine: 13.-18. Januar 202432. Wintersymposium 2024 Ausverkauftes Symposium &#8211; Aufnahme in die Warteliste m\u00f6glichBitte klicken Sie hier. \u2022 Kieferorthop\u00e4die\u2022 Kinderzahnmedizin\u2022 11 Experten\u2022 19 Vortr\u00e4ge\u2022 6 Workshops\u2022 praxisorientierte Themen\u2022 Industrie-Ausstellung\u2022 6 Tage Registration: Die Registration schliesst am 20. Dezember 2022.Bitte klicken Sie hier um zur Anmeldung zu gelangen. Wichtige Termine: 13.-18. Januar 202432. Wintersymposium 2024 [&hellip;]\" \/>\n<meta property=\"og:url\" content=\"https:\/\/www.wintersymposium.eu\/2024\/\" \/>\n<meta property=\"og:site_name\" content=\"32. Wintersymposium 2024\" \/>\n<meta property=\"article:modified_time\" content=\"2023-12-07T14:11:52+00:00\" \/>\n<meta property=\"og:image\" content=\"https:\/\/www.wintersymposium.eu\/2024\/wp-content\/uploads\/Slider2-2.jpg\" \/>\n<meta name=\"twitter:card\" content=\"summary_large_image\" \/>\n<meta name=\"twitter:label1\" content=\"Gesch\u00e4tzte Lesezeit\" \/>\n\t<meta name=\"twitter:data1\" content=\"3\u00a0Minuten\" \/>\n<script type=\"application\/ld+json\" class=\"yoast-schema-graph\">{\"@context\":\"https:\/\/schema.org\",\"@graph\":[{\"@type\":\"WebPage\",\"@id\":\"https:\/\/www.wintersymposium.eu\/2024\/\",\"url\":\"https:\/\/www.wintersymposium.eu\/2024\/\",\"name\":\"Home - 32. Wintersymposium 2024\",\"isPartOf\":{\"@id\":\"https:\/\/www.wintersymposium.eu\/2024\/#website\"},\"primaryImageOfPage\":{\"@id\":\"https:\/\/www.wintersymposium.eu\/2024\/#primaryimage\"},\"image\":{\"@id\":\"https:\/\/www.wintersymposium.eu\/2024\/#primaryimage\"},\"thumbnailUrl\":\"https:\/\/www.wintersymposium.eu\/2024\/wp-content\/uploads\/Slider2-2.jpg\",\"datePublished\":\"2023-02-21T14:50:00+00:00\",\"dateModified\":\"2023-12-07T14:11:52+00:00\",\"breadcrumb\":{\"@id\":\"https:\/\/www.wintersymposium.eu\/2024\/#breadcrumb\"},\"inLanguage\":\"de\",\"potentialAction\":[{\"@type\":\"ReadAction\",\"target\":[\"https:\/\/www.wintersymposium.eu\/2024\/\"]}]},{\"@type\":\"ImageObject\",\"inLanguage\":\"de\",\"@id\":\"https:\/\/www.wintersymposium.eu\/2024\/#primaryimage\",\"url\":\"https:\/\/www.wintersymposium.eu\/2024\/wp-content\/uploads\/Slider2-2.jpg\",\"contentUrl\":\"https:\/\/www.wintersymposium.eu\/2024\/wp-content\/uploads\/Slider2-2.jpg\",\"width\":1536,\"height\":893},{\"@type\":\"BreadcrumbList\",\"@id\":\"https:\/\/www.wintersymposium.eu\/2024\/#breadcrumb\",\"itemListElement\":[{\"@type\":\"ListItem\",\"position\":1,\"name\":\"Startseite\",\"item\":\"https:\/\/www.wintersymposium.eu\/2024\/\"},{\"@type\":\"ListItem\",\"position\":2,\"name\":\"Home\"}]},{\"@type\":\"WebSite\",\"@id\":\"https:\/\/www.wintersymposium.eu\/2024\/#website\",\"url\":\"https:\/\/www.wintersymposium.eu\/2024\/\",\"name\":\"32. Wintersymposium 2024\",\"description\":\"13.-18. Januar 2024, A-Going\/ Tirol, Kieferorthop\u00e4die und Kinderzahnmedizin f\u00fcr die t\u00e4gliche Praxis\",\"publisher\":{\"@id\":\"https:\/\/www.wintersymposium.eu\/2024\/#organization\"},\"potentialAction\":[{\"@type\":\"SearchAction\",\"target\":{\"@type\":\"EntryPoint\",\"urlTemplate\":\"https:\/\/www.wintersymposium.eu\/2024\/?s={search_term_string}\"},\"query-input\":\"required name=search_term_string\"}],\"inLanguage\":\"de\"},{\"@type\":\"Organization\",\"@id\":\"https:\/\/www.wintersymposium.eu\/2024\/#organization\",\"name\":\"32. Wintersymposium 2024\",\"url\":\"https:\/\/www.wintersymposium.eu\/2024\/\",\"logo\":{\"@type\":\"ImageObject\",\"inLanguage\":\"de\",\"@id\":\"https:\/\/www.wintersymposium.eu\/2024\/#\/schema\/logo\/image\/\",\"url\":\"https:\/\/www.wintersymposium.eu\/2024\/wp-content\/uploads\/WS-Logo-2024-1.png\",\"contentUrl\":\"https:\/\/www.wintersymposium.eu\/2024\/wp-content\/uploads\/WS-Logo-2024-1.png\",\"width\":550,\"height\":300,\"caption\":\"32. Wintersymposium 2024\"},\"image\":{\"@id\":\"https:\/\/www.wintersymposium.eu\/2024\/#\/schema\/logo\/image\/\"}}]}<\/script>\n<!-- \/ Yoast SEO plugin. -->","yoast_head_json":{"title":"Home - 32. Wintersymposium 2024","robots":{"index":"index","follow":"follow","max-snippet":"max-snippet:-1","max-image-preview":"max-image-preview:large","max-video-preview":"max-video-preview:-1"},"canonical":"https:\/\/www.wintersymposium.eu\/2024\/","og_locale":"de_DE","og_type":"article","og_title":"Home - 32. Wintersymposium 2024","og_description":"Wichtige Termine: 13.-18. Januar 202432. Wintersymposium 2024 Ausverkauftes Symposium &#8211; Aufnahme in die Warteliste m\u00f6glichBitte klicken Sie hier. \u2022 Kieferorthop\u00e4die\u2022 Kinderzahnmedizin\u2022 11 Experten\u2022 19 Vortr\u00e4ge\u2022 6 Workshops\u2022 praxisorientierte Themen\u2022 Industrie-Ausstellung\u2022 6 Tage Registration: Die Registration schliesst am 20. Dezember 2022.Bitte klicken Sie hier um zur Anmeldung zu gelangen. Wichtige Termine: 13.-18. Januar 202432. Wintersymposium 2024 [&hellip;]","og_url":"https:\/\/www.wintersymposium.eu\/2024\/","og_site_name":"32. Wintersymposium 2024","article_modified_time":"2023-12-07T14:11:52+00:00","og_image":[{"url":"https:\/\/www.wintersymposium.eu\/2024\/wp-content\/uploads\/Slider2-2.jpg"}],"twitter_card":"summary_large_image","twitter_misc":{"Gesch\u00e4tzte Lesezeit":"3\u00a0Minuten"},"schema":{"@context":"https:\/\/schema.org","@graph":[{"@type":"WebPage","@id":"https:\/\/www.wintersymposium.eu\/2024\/","url":"https:\/\/www.wintersymposium.eu\/2024\/","name":"Home - 32. Wintersymposium 2024","isPartOf":{"@id":"https:\/\/www.wintersymposium.eu\/2024\/#website"},"primaryImageOfPage":{"@id":"https:\/\/www.wintersymposium.eu\/2024\/#primaryimage"},"image":{"@id":"https:\/\/www.wintersymposium.eu\/2024\/#primaryimage"},"thumbnailUrl":"https:\/\/www.wintersymposium.eu\/2024\/wp-content\/uploads\/Slider2-2.jpg","datePublished":"2023-02-21T14:50:00+00:00","dateModified":"2023-12-07T14:11:52+00:00","breadcrumb":{"@id":"https:\/\/www.wintersymposium.eu\/2024\/#breadcrumb"},"inLanguage":"de","potentialAction":[{"@type":"ReadAction","target":["https:\/\/www.wintersymposium.eu\/2024\/"]}]},{"@type":"ImageObject","inLanguage":"de","@id":"https:\/\/www.wintersymposium.eu\/2024\/#primaryimage","url":"https:\/\/www.wintersymposium.eu\/2024\/wp-content\/uploads\/Slider2-2.jpg","contentUrl":"https:\/\/www.wintersymposium.eu\/2024\/wp-content\/uploads\/Slider2-2.jpg","width":1536,"height":893},{"@type":"BreadcrumbList","@id":"https:\/\/www.wintersymposium.eu\/2024\/#breadcrumb","itemListElement":[{"@type":"ListItem","position":1,"name":"Startseite","item":"https:\/\/www.wintersymposium.eu\/2024\/"},{"@type":"ListItem","position":2,"name":"Home"}]},{"@type":"WebSite","@id":"https:\/\/www.wintersymposium.eu\/2024\/#website","url":"https:\/\/www.wintersymposium.eu\/2024\/","name":"32. Wintersymposium 2024","description":"13.-18. Januar 2024, A-Going\/ Tirol, Kieferorthop\u00e4die und Kinderzahnmedizin f\u00fcr die t\u00e4gliche Praxis","publisher":{"@id":"https:\/\/www.wintersymposium.eu\/2024\/#organization"},"potentialAction":[{"@type":"SearchAction","target":{"@type":"EntryPoint","urlTemplate":"https:\/\/www.wintersymposium.eu\/2024\/?s={search_term_string}"},"query-input":"required name=search_term_string"}],"inLanguage":"de"},{"@type":"Organization","@id":"https:\/\/www.wintersymposium.eu\/2024\/#organization","name":"32. Wintersymposium 2024","url":"https:\/\/www.wintersymposium.eu\/2024\/","logo":{"@type":"ImageObject","inLanguage":"de","@id":"https:\/\/www.wintersymposium.eu\/2024\/#\/schema\/logo\/image\/","url":"https:\/\/www.wintersymposium.eu\/2024\/wp-content\/uploads\/WS-Logo-2024-1.png","contentUrl":"https:\/\/www.wintersymposium.eu\/2024\/wp-content\/uploads\/WS-Logo-2024-1.png","width":550,"height":300,"caption":"32. Wintersymposium 2024"},"image":{"@id":"https:\/\/www.wintersymposium.eu\/2024\/#\/schema\/logo\/image\/"}}]}},"_links":{"self":[{"href":"https:\/\/www.wintersymposium.eu\/2024\/wp-json\/wp\/v2\/pages\/5563"}],"collection":[{"href":"https:\/\/www.wintersymposium.eu\/2024\/wp-json\/wp\/v2\/pages"}],"about":[{"href":"https:\/\/www.wintersymposium.eu\/2024\/wp-json\/wp\/v2\/types\/page"}],"author":[{"embeddable":true,"href":"https:\/\/www.wintersymposium.eu\/2024\/wp-json\/wp\/v2\/users\/5"}],"replies":[{"embeddable":true,"href":"https:\/\/www.wintersymposium.eu\/2024\/wp-json\/wp\/v2\/comments?post=5563"}],"version-history":[{"count":0,"href":"https:\/\/www.wintersymposium.eu\/2024\/wp-json\/wp\/v2\/pages\/5563\/revisions"}],"wp:attachment":[{"href":"https:\/\/www.wintersymposium.eu\/2024\/wp-json\/wp\/v2\/media?parent=5563"}],"curies":[{"name":"wp","href":"https:\/\/api.w.org\/{rel}","templated":true}]}}