{"id":5645,"date":"2023-06-07T12:51:48","date_gmt":"2023-06-07T10:51:48","guid":{"rendered":"https:\/\/www.wintersymposium.eu\/2024\/?page_id=5645"},"modified":"2023-06-07T12:55:38","modified_gmt":"2023-06-07T10:55:38","slug":"agb","status":"publish","type":"page","link":"https:\/\/www.wintersymposium.eu\/2024\/agb\/","title":{"rendered":"AGB"},"content":{"rendered":"\t\t<div data-elementor-type=\"wp-page\" data-elementor-id=\"5645\" class=\"elementor elementor-5645\" data-elementor-post-type=\"page\">\n\t\t\t\t\t\t<section class=\"elementor-section elementor-top-section elementor-element elementor-element-a23f190 elementor-section-boxed elementor-section-height-default elementor-section-height-default\" data-id=\"a23f190\" data-element_type=\"section\">\n\t\t\t\t\t\t<div class=\"elementor-container elementor-column-gap-default\">\n\t\t\t\t\t<div class=\"elementor-column elementor-col-100 elementor-top-column elementor-element elementor-element-cc23592\" data-id=\"cc23592\" data-element_type=\"column\">\n\t\t\t<div class=\"elementor-widget-wrap elementor-element-populated\">\n\t\t\t\t\t\t<div class=\"elementor-element elementor-element-a7417e3 elementor-widget__width-initial elementor-absolute elementor-widget-tablet__width-initial elementor-widget-mobile__width-initial animated-slow elementor-hidden-mobile elementor-invisible elementor-widget elementor-widget-spacer\" data-id=\"a7417e3\" data-element_type=\"widget\" data-settings=\"{&quot;_position&quot;:&quot;absolute&quot;,&quot;motion_fx_motion_fx_scrolling&quot;:&quot;yes&quot;,&quot;motion_fx_translateX_effect&quot;:&quot;yes&quot;,&quot;motion_fx_translateX_speed&quot;:{&quot;unit&quot;:&quot;px&quot;,&quot;size&quot;:2,&quot;sizes&quot;:[]},&quot;motion_fx_devices&quot;:[&quot;desktop&quot;,&quot;tablet&quot;],&quot;motion_fx_translateX_direction&quot;:&quot;negative&quot;,&quot;_animation&quot;:&quot;fadeInRight&quot;,&quot;motion_fx_translateX_affectedRange&quot;:{&quot;unit&quot;:&quot;%&quot;,&quot;size&quot;:&quot;&quot;,&quot;sizes&quot;:{&quot;start&quot;:0,&quot;end&quot;:100}}}\" data-widget_type=\"spacer.default\">\n\t\t\t\t<div class=\"elementor-widget-container\">\n\t\t\t\t\t<div class=\"elementor-spacer\">\n\t\t\t<div class=\"elementor-spacer-inner\"><\/div>\n\t\t<\/div>\n\t\t\t\t<\/div>\n\t\t\t\t<\/div>\n\t\t\t\t<div class=\"elementor-element elementor-element-86947fe animated-slow elementor-widget elementor-widget-heading\" data-id=\"86947fe\" data-element_type=\"widget\" data-settings=\"{&quot;_animation&quot;:&quot;none&quot;}\" data-widget_type=\"heading.default\">\n\t\t\t\t<div class=\"elementor-widget-container\">\n\t\t\t<h1 class=\"elementor-heading-title elementor-size-default\">Allgemeine Gesch\u00e4ftsbedingungen<br>des 32. Wintersymposiums 2024<\/h1>\t\t<\/div>\n\t\t\t\t<\/div>\n\t\t\t\t\t<\/div>\n\t\t<\/div>\n\t\t\t\t\t<\/div>\n\t\t<\/section>\n\t\t\t\t<section class=\"elementor-section elementor-top-section elementor-element elementor-element-50e0cec elementor-section-boxed elementor-section-height-default elementor-section-height-default\" data-id=\"50e0cec\" data-element_type=\"section\">\n\t\t\t\t\t\t<div class=\"elementor-container elementor-column-gap-default\">\n\t\t\t\t\t<div class=\"elementor-column elementor-col-100 elementor-top-column elementor-element elementor-element-a2ac3d9\" data-id=\"a2ac3d9\" data-element_type=\"column\">\n\t\t\t<div class=\"elementor-widget-wrap elementor-element-populated\">\n\t\t\t\t\t\t<div class=\"elementor-element elementor-element-bd9515c elementor-widget elementor-widget-heading\" data-id=\"bd9515c\" data-element_type=\"widget\" data-widget_type=\"heading.default\">\n\t\t\t\t<div class=\"elementor-widget-container\">\n\t\t\t<h2 class=\"elementor-heading-title elementor-size-default\">Tagungsanmeldung<\/h2>\t\t<\/div>\n\t\t\t\t<\/div>\n\t\t\t\t<div class=\"elementor-element elementor-element-e7371a6 elementor-widget elementor-widget-text-editor\" data-id=\"e7371a6\" data-element_type=\"widget\" data-widget_type=\"text-editor.default\">\n\t\t\t\t<div class=\"elementor-widget-container\">\n\t\t\t\t\t\t\t<p>In der Teilnahmegeb\u00fchr von EUR 1.400,00 exkl. 20% MwSt. (ohne Hotelkosten) ist die Teilnahme am wissenschaftlichen Programm, Gastvortrag mit Willkommensap\u00e9ro, Er\u00f6ffnungsbankett inkl. Getr\u00e4nke, Kaffee in den Pausen und die Tagungsunterlagen enthalten.<\/p><p>In der Geb\u00fchr von EUR 110,00 exkl. 20% MwSt. f\u00fcr Begleitpersonen (ohne Hotelkosten) ist folgendes inbegriffen: Gastvortrag mit Willkommensap\u00e9ro, Er\u00f6ffnungsbankett inkl. Getr\u00e4nke, Kaffee in den Pausen.<\/p><p><u>Die Best\u00e4tigung\/Rechnung erhalten<\/u> Sie schriftlich per E-Mail (nicht per Postversand) mit den Bankangaben f\u00fcr die \u00dcberweisung des Kursbeitrages.<\/p><p><u>Jede \u00c4nderung oder Stornierung<\/u> bedarf der Schriftform an die Kongress-Agentur: CBS Congress Management GmbH.<\/p><p>Die <u>Stornierungskonditionen<\/u> sind wie folgt: Nach schriftlich erfolgter Anmeldung werden 15% der Kursgeb\u00fchr als Stornogeb\u00fchr in Rechnung gestellt. Bei einem eventuellen R\u00fccktritt ab dem 1. Dezember 2023 muss die volle Tagungsgeb\u00fchr verrechnet werden. Es gilt das Datum des Eingangs bei CBS Congress Management GmbH.<\/p>\t\t\t\t\t\t<\/div>\n\t\t\t\t<\/div>\n\t\t\t\t\t<\/div>\n\t\t<\/div>\n\t\t\t\t\t<\/div>\n\t\t<\/section>\n\t\t\t\t<section class=\"elementor-section elementor-top-section elementor-element elementor-element-1cfea86 elementor-section-boxed elementor-section-height-default elementor-section-height-default\" data-id=\"1cfea86\" data-element_type=\"section\">\n\t\t\t\t\t\t<div class=\"elementor-container elementor-column-gap-default\">\n\t\t\t\t\t<div class=\"elementor-column elementor-col-100 elementor-top-column elementor-element elementor-element-0b242d2\" data-id=\"0b242d2\" data-element_type=\"column\">\n\t\t\t<div class=\"elementor-widget-wrap elementor-element-populated\">\n\t\t\t\t\t\t<div class=\"elementor-element elementor-element-c79b850 elementor-widget elementor-widget-heading\" data-id=\"c79b850\" data-element_type=\"widget\" data-widget_type=\"heading.default\">\n\t\t\t\t<div class=\"elementor-widget-container\">\n\t\t\t<h2 class=\"elementor-heading-title elementor-size-default\">Hotelanmeldung<\/h2>\t\t<\/div>\n\t\t\t\t<\/div>\n\t\t\t\t<div class=\"elementor-element elementor-element-bb17840 elementor-widget elementor-widget-text-editor\" data-id=\"bb17840\" data-element_type=\"widget\" data-widget_type=\"text-editor.default\">\n\t\t\t\t<div class=\"elementor-widget-container\">\n\t\t\t\t\t\t\t<p>Die Preise vom 13.-19. Januar 2024 verstehen sich pro Zimmer \/ Nacht inklusive Halbpension, Service, Taxen und MwSt. Die gesetzm\u00e4ssige Ortstaxe von EUR 2.50 wird pro Person und pro Tag auf den jeweiligen Zimmerpreis aufgerechnet.<\/p><p>Die ausgeschriebenen Zimmerpreise w\u00e4hrend des Hahnenkamm Wochenendes vom 19.-21. Januar 2024 verstehen sich pro Zimmer \/ Nacht und sind nur inklusive Fr\u00fchst\u00fcck. Eine Abreise am 20. Januar 2024 ist nicht m\u00f6glich. Die gesetzm\u00e4ssige Ortstaxe von EUR 2.50 wird pro Person und pro Tag auf den jeweiligen Zimmerpreis aufgerechnet.<\/p><p>Die Zahlung der Hotelkosten sowie evtl. zus\u00e4tzlicher Nebenkosten erfolgt direkt im Hotel.<\/p><p>Die Vergabe im Rahmen des f\u00fcr die Tagung zur Verf\u00fcgung stehenden Zimmerkontingents erfolgt in der Reihenfolge des Eingangs der Hotelanmeldung. Ein Anspruch auf ein bestimmtes Hotel bzw. Zimmerkategorie besteht nicht. Eine Hotelbuchung ist nur m\u00f6glich, sofern eine erforderliche Garantie der Kreditkarte erteilt wird.<br \/>Danach erfolgt eine schriftliche Best\u00e4tigung durch die Kongress-Agentur CBS Congress Management GmbH. Die Hotelzimmer sind damit f\u00fcr den gebuchten Zeitraum verbindlich reserviert. Die Daten des Teilnehmers werden durch CBS Congress Management GmbH an das Hotel weitergegeben.<\/p><p>Eine vorherige Abbuchung der Kreditkarte erfolgt nur im Fall einer Stornierung. Die Zahlung der Hotelzimmer sowie evtl. zus\u00e4tzliche Nebenkosten erfolgt direkt im Hotel.<\/p><p><u>Zimmer-Stornokonditionen des Bio-Hotel Stanglwirt:<br \/><\/u>bis 3 Monate vorher &#8211; 0% des Gesamtaufenthaltes<br \/>bis 1 Monat vorher &#8211; 50% des Gesamtaufenthaltes<br \/>bis 3 Wochen vorher &#8211; 70% des Gesamtaufenthaltes<br \/>ab 3 Wochen vor Anreise &#8211; 100% des Gesamtaufenthaltes<\/p><p>Stornierungen k\u00f6nnen nur schriftliche entgegengenommen werden.<\/p><p>Wir empfehlen den Abschluss einer Reiser\u00fccktrittsversicherung, zum Beispiel bei der Europ\u00e4ischen Reiseversicherung: <span><a href=\"http:\/\/start.europaeische.at\/hsp?AGN=05600206\" target=\"_blank\" rel=\"noopener\">http:\/\/start.europaeische.at\/hsp?AGN=05600206<\/a><\/span><\/p><p><u>Haftungsausschluss<br \/><\/u>Der Teilnehmer erkennt an, dass er\/sie kein Recht hat, Schadenersatzanspr\u00fcche gegen den Veranstalter und die Kongress-Agentur geltend zu machen, wenn im Fall von Programm\u00e4nderungen oder Nichterscheinen von Referenten, respektive Annullierung von Programmpunkten, \u00c4nderungen zum ausgeschriebenen Programm n\u00f6tig werden. Verhindern unvorhersehbare oder nicht abwendbare Umst\u00e4nde (h\u00f6here Gewalt, Feuer, Sicherheitsrisiken, Krieg oder Aufst\u00e4nde, Streiks, terroristische Akte, Naturkatastrophen, Epidemien, Pandemien und damit verbundene beh\u00f6rdliche Massnahmen und Anordnungen, etc.) die planm\u00e4ssige Durchf\u00fchrung des Symposiums, hat der Teilnehmer, die vom Veranstalter und der Kongress-Agentur in Rechnung gestellten Kosten und nachweislich erbrachten Aufwendungen f\u00fcr die Organisation erbrachten (Voraus-)Kosten zu bezahlen.<\/p><p>Der Veranstalter kann nicht f\u00fcr Kosten, Sch\u00e4den oder Ausgaben verantwortlich gemacht werden, die den angemeldeten Personen infolge der Verschiebung oder Absage der Veranstaltung entstehen k\u00f6nnen. Aufgrund unvermeidbarer Umst\u00e4nde werden bei einer \u00c4nderung des Veranstaltungsortes der Konferenz alle angemeldeten Teilnehmer unverz\u00fcglich \u00fcber die \u00c4nderung informiert.<\/p><p>Der Veranstalter lehnt jede Verantwortung ab f\u00fcr jegliche Art von Schaden an Sachen und Personen, die sich im Zusammenhang mit der Veranstaltung ergeben k\u00f6nnen. Es wird im Allgemeinen keine Haftung f\u00fcr verwahrte oder mitgebrachte Gegenst\u00e4nde \u00fcbernommen.<\/p><p>Mit ihrer Anmeldung akzeptieren die Teilnehmer diesen Vorbehalt.<\/p><p><u>Personenversicherung<br \/><\/u>Die Organisatoren \u00fcbernehmen keine Verantwortung f\u00fcr die pers\u00f6nliche Medizinische-, Reise- oder Personenversicherungen. Allen Teilnehmern wird dringend empfohlen, ihre eigene pers\u00f6nliche Versicherung vor der Abreise zum Symposium abzuschliessen.<\/p><p><u>Ver\u00f6ffentlichung<br \/><\/u><strong>Mit der Anmeldung erkl\u00e4rt sich der Teilnehmer einverstanden, dass Name, Vorname und Institution\/Firma, Adresse in der Teilnehmerliste ver\u00f6ffentlicht werden. Ebenso erkl\u00e4rt er sich einverstanden, dass evtl. Fotos im Rahmen der Veranstaltung zur Tagung sowie der Rahmenveranstaltungen f\u00fcr Ver\u00f6ffentlichungen der Veranstaltung genutzt werden k\u00f6nnen. <\/strong><\/p>\t\t\t\t\t\t<\/div>\n\t\t\t\t<\/div>\n\t\t\t\t\t<\/div>\n\t\t<\/div>\n\t\t\t\t\t<\/div>\n\t\t<\/section>\n\t\t\t\t<\/div>\n\t\t","protected":false},"excerpt":{"rendered":"<p>Allgemeine Gesch\u00e4ftsbedingungendes 32. Wintersymposiums 2024 Tagungsanmeldung In der Teilnahmegeb\u00fchr von EUR 1.400,00 exkl. 20% MwSt. (ohne Hotelkosten) ist die Teilnahme am wissenschaftlichen Programm, Gastvortrag mit Willkommensap\u00e9ro, Er\u00f6ffnungsbankett inkl. Getr\u00e4nke, Kaffee in den Pausen und die Tagungsunterlagen enthalten. In der Geb\u00fchr von EUR 110,00 exkl. 20% MwSt. f\u00fcr Begleitpersonen (ohne Hotelkosten) ist folgendes inbegriffen: Gastvortrag mit [&hellip;]<\/p>\n","protected":false},"author":5,"featured_media":0,"parent":0,"menu_order":8,"comment_status":"closed","ping_status":"closed","template":"","meta":{"_acf_changed":false,"footnotes":""},"class_list":["post-5645","page","type-page","status-publish","hentry"],"acf":[],"yoast_head":"<!-- This site is optimized with the Yoast SEO plugin v23.2 - https:\/\/yoast.com\/wordpress\/plugins\/seo\/ -->\n<title>AGB - 32. Wintersymposium 2024<\/title>\n<meta name=\"robots\" content=\"index, follow, max-snippet:-1, max-image-preview:large, max-video-preview:-1\" \/>\n<link rel=\"canonical\" href=\"https:\/\/www.wintersymposium.eu\/2024\/agb\/\" \/>\n<meta property=\"og:locale\" content=\"de_DE\" \/>\n<meta property=\"og:type\" content=\"article\" \/>\n<meta property=\"og:title\" content=\"AGB - 32. Wintersymposium 2024\" \/>\n<meta property=\"og:description\" content=\"Allgemeine Gesch\u00e4ftsbedingungendes 32. Wintersymposiums 2024 Tagungsanmeldung In der Teilnahmegeb\u00fchr von EUR 1.400,00 exkl. 20% MwSt. (ohne Hotelkosten) ist die Teilnahme am wissenschaftlichen Programm, Gastvortrag mit Willkommensap\u00e9ro, Er\u00f6ffnungsbankett inkl. Getr\u00e4nke, Kaffee in den Pausen und die Tagungsunterlagen enthalten. In der Geb\u00fchr von EUR 110,00 exkl. 20% MwSt. f\u00fcr Begleitpersonen (ohne Hotelkosten) ist folgendes inbegriffen: Gastvortrag mit [&hellip;]\" \/>\n<meta property=\"og:url\" content=\"https:\/\/www.wintersymposium.eu\/2024\/agb\/\" \/>\n<meta property=\"og:site_name\" content=\"32. Wintersymposium 2024\" \/>\n<meta property=\"article:modified_time\" content=\"2023-06-07T10:55:38+00:00\" \/>\n<meta name=\"twitter:card\" content=\"summary_large_image\" \/>\n<meta name=\"twitter:label1\" content=\"Gesch\u00e4tzte Lesezeit\" \/>\n\t<meta name=\"twitter:data1\" content=\"4\u00a0Minuten\" \/>\n<script type=\"application\/ld+json\" class=\"yoast-schema-graph\">{\"@context\":\"https:\/\/schema.org\",\"@graph\":[{\"@type\":\"WebPage\",\"@id\":\"https:\/\/www.wintersymposium.eu\/2024\/agb\/\",\"url\":\"https:\/\/www.wintersymposium.eu\/2024\/agb\/\",\"name\":\"AGB - 32. Wintersymposium 2024\",\"isPartOf\":{\"@id\":\"https:\/\/www.wintersymposium.eu\/2024\/#website\"},\"datePublished\":\"2023-06-07T10:51:48+00:00\",\"dateModified\":\"2023-06-07T10:55:38+00:00\",\"breadcrumb\":{\"@id\":\"https:\/\/www.wintersymposium.eu\/2024\/agb\/#breadcrumb\"},\"inLanguage\":\"de\",\"potentialAction\":[{\"@type\":\"ReadAction\",\"target\":[\"https:\/\/www.wintersymposium.eu\/2024\/agb\/\"]}]},{\"@type\":\"BreadcrumbList\",\"@id\":\"https:\/\/www.wintersymposium.eu\/2024\/agb\/#breadcrumb\",\"itemListElement\":[{\"@type\":\"ListItem\",\"position\":1,\"name\":\"Startseite\",\"item\":\"https:\/\/www.wintersymposium.eu\/2024\/\"},{\"@type\":\"ListItem\",\"position\":2,\"name\":\"AGB\"}]},{\"@type\":\"WebSite\",\"@id\":\"https:\/\/www.wintersymposium.eu\/2024\/#website\",\"url\":\"https:\/\/www.wintersymposium.eu\/2024\/\",\"name\":\"32. Wintersymposium 2024\",\"description\":\"13.-18. Januar 2024, A-Going\/ Tirol, Kieferorthop\u00e4die und Kinderzahnmedizin f\u00fcr die t\u00e4gliche Praxis\",\"publisher\":{\"@id\":\"https:\/\/www.wintersymposium.eu\/2024\/#organization\"},\"potentialAction\":[{\"@type\":\"SearchAction\",\"target\":{\"@type\":\"EntryPoint\",\"urlTemplate\":\"https:\/\/www.wintersymposium.eu\/2024\/?s={search_term_string}\"},\"query-input\":\"required name=search_term_string\"}],\"inLanguage\":\"de\"},{\"@type\":\"Organization\",\"@id\":\"https:\/\/www.wintersymposium.eu\/2024\/#organization\",\"name\":\"32. Wintersymposium 2024\",\"url\":\"https:\/\/www.wintersymposium.eu\/2024\/\",\"logo\":{\"@type\":\"ImageObject\",\"inLanguage\":\"de\",\"@id\":\"https:\/\/www.wintersymposium.eu\/2024\/#\/schema\/logo\/image\/\",\"url\":\"https:\/\/www.wintersymposium.eu\/2024\/wp-content\/uploads\/WS-Logo-2024-1.png\",\"contentUrl\":\"https:\/\/www.wintersymposium.eu\/2024\/wp-content\/uploads\/WS-Logo-2024-1.png\",\"width\":550,\"height\":300,\"caption\":\"32. Wintersymposium 2024\"},\"image\":{\"@id\":\"https:\/\/www.wintersymposium.eu\/2024\/#\/schema\/logo\/image\/\"}}]}<\/script>\n<!-- \/ Yoast SEO plugin. -->","yoast_head_json":{"title":"AGB - 32. Wintersymposium 2024","robots":{"index":"index","follow":"follow","max-snippet":"max-snippet:-1","max-image-preview":"max-image-preview:large","max-video-preview":"max-video-preview:-1"},"canonical":"https:\/\/www.wintersymposium.eu\/2024\/agb\/","og_locale":"de_DE","og_type":"article","og_title":"AGB - 32. Wintersymposium 2024","og_description":"Allgemeine Gesch\u00e4ftsbedingungendes 32. Wintersymposiums 2024 Tagungsanmeldung In der Teilnahmegeb\u00fchr von EUR 1.400,00 exkl. 20% MwSt. (ohne Hotelkosten) ist die Teilnahme am wissenschaftlichen Programm, Gastvortrag mit Willkommensap\u00e9ro, Er\u00f6ffnungsbankett inkl. Getr\u00e4nke, Kaffee in den Pausen und die Tagungsunterlagen enthalten. In der Geb\u00fchr von EUR 110,00 exkl. 20% MwSt. f\u00fcr Begleitpersonen (ohne Hotelkosten) ist folgendes inbegriffen: Gastvortrag mit [&hellip;]","og_url":"https:\/\/www.wintersymposium.eu\/2024\/agb\/","og_site_name":"32. Wintersymposium 2024","article_modified_time":"2023-06-07T10:55:38+00:00","twitter_card":"summary_large_image","twitter_misc":{"Gesch\u00e4tzte Lesezeit":"4\u00a0Minuten"},"schema":{"@context":"https:\/\/schema.org","@graph":[{"@type":"WebPage","@id":"https:\/\/www.wintersymposium.eu\/2024\/agb\/","url":"https:\/\/www.wintersymposium.eu\/2024\/agb\/","name":"AGB - 32. Wintersymposium 2024","isPartOf":{"@id":"https:\/\/www.wintersymposium.eu\/2024\/#website"},"datePublished":"2023-06-07T10:51:48+00:00","dateModified":"2023-06-07T10:55:38+00:00","breadcrumb":{"@id":"https:\/\/www.wintersymposium.eu\/2024\/agb\/#breadcrumb"},"inLanguage":"de","potentialAction":[{"@type":"ReadAction","target":["https:\/\/www.wintersymposium.eu\/2024\/agb\/"]}]},{"@type":"BreadcrumbList","@id":"https:\/\/www.wintersymposium.eu\/2024\/agb\/#breadcrumb","itemListElement":[{"@type":"ListItem","position":1,"name":"Startseite","item":"https:\/\/www.wintersymposium.eu\/2024\/"},{"@type":"ListItem","position":2,"name":"AGB"}]},{"@type":"WebSite","@id":"https:\/\/www.wintersymposium.eu\/2024\/#website","url":"https:\/\/www.wintersymposium.eu\/2024\/","name":"32. Wintersymposium 2024","description":"13.-18. Januar 2024, A-Going\/ Tirol, Kieferorthop\u00e4die und Kinderzahnmedizin f\u00fcr die t\u00e4gliche Praxis","publisher":{"@id":"https:\/\/www.wintersymposium.eu\/2024\/#organization"},"potentialAction":[{"@type":"SearchAction","target":{"@type":"EntryPoint","urlTemplate":"https:\/\/www.wintersymposium.eu\/2024\/?s={search_term_string}"},"query-input":"required name=search_term_string"}],"inLanguage":"de"},{"@type":"Organization","@id":"https:\/\/www.wintersymposium.eu\/2024\/#organization","name":"32. Wintersymposium 2024","url":"https:\/\/www.wintersymposium.eu\/2024\/","logo":{"@type":"ImageObject","inLanguage":"de","@id":"https:\/\/www.wintersymposium.eu\/2024\/#\/schema\/logo\/image\/","url":"https:\/\/www.wintersymposium.eu\/2024\/wp-content\/uploads\/WS-Logo-2024-1.png","contentUrl":"https:\/\/www.wintersymposium.eu\/2024\/wp-content\/uploads\/WS-Logo-2024-1.png","width":550,"height":300,"caption":"32. Wintersymposium 2024"},"image":{"@id":"https:\/\/www.wintersymposium.eu\/2024\/#\/schema\/logo\/image\/"}}]}},"_links":{"self":[{"href":"https:\/\/www.wintersymposium.eu\/2024\/wp-json\/wp\/v2\/pages\/5645"}],"collection":[{"href":"https:\/\/www.wintersymposium.eu\/2024\/wp-json\/wp\/v2\/pages"}],"about":[{"href":"https:\/\/www.wintersymposium.eu\/2024\/wp-json\/wp\/v2\/types\/page"}],"author":[{"embeddable":true,"href":"https:\/\/www.wintersymposium.eu\/2024\/wp-json\/wp\/v2\/users\/5"}],"replies":[{"embeddable":true,"href":"https:\/\/www.wintersymposium.eu\/2024\/wp-json\/wp\/v2\/comments?post=5645"}],"version-history":[{"count":0,"href":"https:\/\/www.wintersymposium.eu\/2024\/wp-json\/wp\/v2\/pages\/5645\/revisions"}],"wp:attachment":[{"href":"https:\/\/www.wintersymposium.eu\/2024\/wp-json\/wp\/v2\/media?parent=5645"}],"curies":[{"name":"wp","href":"https:\/\/api.w.org\/{rel}","templated":true}]}}