{"id":2996,"date":"2021-07-09T11:39:19","date_gmt":"2021-07-09T09:39:19","guid":{"rendered":"https:\/\/www.wintersymposium.eu\/2025\/?page_id=2996"},"modified":"2024-06-06T11:29:45","modified_gmt":"2024-06-06T09:29:45","slug":"themen-und-schwerpunkte","status":"publish","type":"page","link":"https:\/\/www.wintersymposium.eu\/2025\/programm\/themen-und-schwerpunkte\/","title":{"rendered":"Themen und Schwerpunkte"},"content":{"rendered":"\t\t<div data-elementor-type=\"wp-post\" data-elementor-id=\"2996\" class=\"elementor elementor-2996\" data-elementor-post-type=\"page\">\n\t\t\t\t\t\t<section class=\"elementor-section elementor-top-section elementor-element elementor-element-cd0ca43 elementor-section-boxed elementor-section-height-default elementor-section-height-default\" data-id=\"cd0ca43\" data-element_type=\"section\">\n\t\t\t\t\t\t<div class=\"elementor-container elementor-column-gap-default\">\n\t\t\t\t\t<div class=\"elementor-column elementor-col-100 elementor-top-column elementor-element elementor-element-5a8b576\" data-id=\"5a8b576\" data-element_type=\"column\">\n\t\t\t<div class=\"elementor-widget-wrap elementor-element-populated\">\n\t\t\t\t\t\t<div class=\"elementor-element elementor-element-03f86ad elementor-widget__width-initial elementor-absolute elementor-widget-tablet__width-initial elementor-widget-mobile__width-initial animated-slow elementor-hidden-mobile elementor-invisible elementor-widget elementor-widget-spacer\" data-id=\"03f86ad\" data-element_type=\"widget\" data-settings=\"{&quot;_position&quot;:&quot;absolute&quot;,&quot;motion_fx_motion_fx_scrolling&quot;:&quot;yes&quot;,&quot;motion_fx_translateX_effect&quot;:&quot;yes&quot;,&quot;motion_fx_translateX_speed&quot;:{&quot;unit&quot;:&quot;px&quot;,&quot;size&quot;:2,&quot;sizes&quot;:[]},&quot;motion_fx_devices&quot;:[&quot;desktop&quot;,&quot;tablet&quot;],&quot;motion_fx_translateX_direction&quot;:&quot;negative&quot;,&quot;_animation&quot;:&quot;fadeInRight&quot;,&quot;motion_fx_translateX_affectedRange&quot;:{&quot;unit&quot;:&quot;%&quot;,&quot;size&quot;:&quot;&quot;,&quot;sizes&quot;:{&quot;start&quot;:0,&quot;end&quot;:100}}}\" data-widget_type=\"spacer.default\">\n\t\t\t\t<div class=\"elementor-widget-container\">\n\t\t\t\t\t\t\t<div class=\"elementor-spacer\">\n\t\t\t<div class=\"elementor-spacer-inner\"><\/div>\n\t\t<\/div>\n\t\t\t\t\t\t<\/div>\n\t\t\t\t<\/div>\n\t\t\t\t<div class=\"elementor-element elementor-element-308fb7f elementor-widget elementor-widget-heading\" data-id=\"308fb7f\" data-element_type=\"widget\" data-widget_type=\"heading.default\">\n\t\t\t\t<div class=\"elementor-widget-container\">\n\t\t\t\t\t<h1 class=\"elementor-heading-title elementor-size-default\">Themen und Schwerpunkte<\/h1>\t\t\t\t<\/div>\n\t\t\t\t<\/div>\n\t\t\t\t\t<\/div>\n\t\t<\/div>\n\t\t\t\t\t<\/div>\n\t\t<\/section>\n\t\t\t\t<section class=\"elementor-section elementor-top-section elementor-element elementor-element-e3d249b elementor-section-boxed elementor-section-height-default elementor-section-height-default\" data-id=\"e3d249b\" data-element_type=\"section\">\n\t\t\t\t\t\t<div class=\"elementor-container elementor-column-gap-default\">\n\t\t\t\t\t<div class=\"elementor-column elementor-col-100 elementor-top-column elementor-element elementor-element-fc60165\" data-id=\"fc60165\" data-element_type=\"column\">\n\t\t\t<div class=\"elementor-widget-wrap elementor-element-populated\">\n\t\t\t\t\t\t<div class=\"elementor-element elementor-element-f7842a6 elementor-widget__width-initial elementor-absolute elementor-widget elementor-widget-image-carousel\" data-id=\"f7842a6\" data-element_type=\"widget\" data-settings=\"{&quot;slides_to_show&quot;:&quot;4&quot;,&quot;navigation&quot;:&quot;none&quot;,&quot;speed&quot;:10000,&quot;autoplay_speed&quot;:2000,&quot;_position&quot;:&quot;absolute&quot;,&quot;pause_on_hover&quot;:&quot;no&quot;,&quot;pause_on_interaction&quot;:&quot;no&quot;,&quot;autoplay&quot;:&quot;yes&quot;,&quot;infinite&quot;:&quot;yes&quot;}\" data-widget_type=\"image-carousel.default\">\n\t\t\t\t<div class=\"elementor-widget-container\">\n\t\t\t\t\t\t\t<div class=\"elementor-image-carousel-wrapper swiper\" role=\"region\" aria-roledescription=\"carousel\" aria-label=\"Bilderkarussell\" dir=\"rtl\">\n\t\t\t<div class=\"elementor-image-carousel swiper-wrapper\" aria-live=\"off\">\n\t\t\t\t\t\t\t\t<div class=\"swiper-slide\" role=\"group\" aria-roledescription=\"slide\" aria-label=\"1 von 7\"><figure class=\"swiper-slide-inner\"><img decoding=\"async\" class=\"swiper-slide-image\" src=\"https:\/\/www.wintersymposium.eu\/2025\/wp-content\/uploads\/Bild7_2025.jpg\" alt=\"Bild7_2025\" \/><\/figure><\/div><div class=\"swiper-slide\" role=\"group\" aria-roledescription=\"slide\" aria-label=\"2 von 7\"><figure class=\"swiper-slide-inner\"><img decoding=\"async\" class=\"swiper-slide-image\" src=\"https:\/\/www.wintersymposium.eu\/2025\/wp-content\/uploads\/Bild6_2025.jpg\" alt=\"Bild6_2025\" \/><\/figure><\/div><div class=\"swiper-slide\" role=\"group\" aria-roledescription=\"slide\" aria-label=\"3 von 7\"><figure class=\"swiper-slide-inner\"><img decoding=\"async\" class=\"swiper-slide-image\" src=\"https:\/\/www.wintersymposium.eu\/2025\/wp-content\/uploads\/Bild5_2025.jpg\" alt=\"Bild5_2025\" \/><\/figure><\/div><div class=\"swiper-slide\" role=\"group\" aria-roledescription=\"slide\" aria-label=\"4 von 7\"><figure class=\"swiper-slide-inner\"><img decoding=\"async\" class=\"swiper-slide-image\" src=\"https:\/\/www.wintersymposium.eu\/2025\/wp-content\/uploads\/Bild4_2025.jpg\" alt=\"Bild4_2025\" \/><\/figure><\/div><div class=\"swiper-slide\" role=\"group\" aria-roledescription=\"slide\" aria-label=\"5 von 7\"><figure class=\"swiper-slide-inner\"><img decoding=\"async\" class=\"swiper-slide-image\" src=\"https:\/\/www.wintersymposium.eu\/2025\/wp-content\/uploads\/Bild3_2025.jpg\" alt=\"Bild3_2025\" \/><\/figure><\/div><div class=\"swiper-slide\" role=\"group\" aria-roledescription=\"slide\" aria-label=\"6 von 7\"><figure class=\"swiper-slide-inner\"><img decoding=\"async\" class=\"swiper-slide-image\" src=\"https:\/\/www.wintersymposium.eu\/2025\/wp-content\/uploads\/Bild2_2025.jpg\" alt=\"Bild2_2025\" \/><\/figure><\/div><div class=\"swiper-slide\" role=\"group\" aria-roledescription=\"slide\" aria-label=\"7 von 7\"><figure class=\"swiper-slide-inner\"><img decoding=\"async\" class=\"swiper-slide-image\" src=\"https:\/\/www.wintersymposium.eu\/2025\/wp-content\/uploads\/Bild1_2025.jpg\" alt=\"Bild1_2025\" \/><\/figure><\/div>\t\t\t<\/div>\n\t\t\t\t\t\t\t\n\t\t\t\t\t\t\t\t\t<\/div>\n\t\t\t\t\t\t<\/div>\n\t\t\t\t<\/div>\n\t\t\t\t\t<\/div>\n\t\t<\/div>\n\t\t\t\t\t<\/div>\n\t\t<\/section>\n\t\t\t\t<section class=\"elementor-section elementor-top-section elementor-element elementor-element-e08f017 elementor-section-boxed elementor-section-height-default elementor-section-height-default\" data-id=\"e08f017\" data-element_type=\"section\">\n\t\t\t\t\t\t<div class=\"elementor-container elementor-column-gap-default\">\n\t\t\t\t\t<div class=\"elementor-column elementor-col-100 elementor-top-column elementor-element elementor-element-b6b1a43\" data-id=\"b6b1a43\" data-element_type=\"column\">\n\t\t\t<div class=\"elementor-widget-wrap elementor-element-populated\">\n\t\t\t\t\t\t<div class=\"elementor-element elementor-element-013d915 elementor-widget elementor-widget-text-editor\" data-id=\"013d915\" data-element_type=\"widget\" data-widget_type=\"text-editor.default\">\n\t\t\t\t<div class=\"elementor-widget-container\">\n\t\t\t\t\t\t\t\t\t<p><span>Das Kursprogramm mit einem theoretischen sowie praktischen Teil umfasst folgende Themen <\/span><\/p>\t\t\t\t\t\t\t\t<\/div>\n\t\t\t\t<\/div>\n\t\t\t\t<div class=\"elementor-element elementor-element-949a4da elementor-widget elementor-widget-text-editor\" data-id=\"949a4da\" data-element_type=\"widget\" data-widget_type=\"text-editor.default\">\n\t\t\t\t<div class=\"elementor-widget-container\">\n\t\t\t\t\t\t\t\t\t<p><span>Ein Auszug:<\/span><\/p><ul><li>Aligner<\/li><li>Kiefergelenkbeschwerden<\/li><li>Kieferorthop\u00e4dische Vorkoordination<\/li><li>Kraniofaziale Chirurgie<\/li><li>Lippen- Kiefer- Gaumenspalten<\/li><li>Update Trauma im Milchgebiss<\/li><li>Hypomineralisierte Milchz\u00e4hne<\/li><li>Extraktion MIH-befallener Molaren<\/li><li>Prophylaxe<\/li><li>Hypnose<\/li><li>Aktuelles aus der KZM-Forschung<\/li><li>Kommunikation<\/li><li>Praxismanagement<\/li><\/ul>\t\t\t\t\t\t\t\t<\/div>\n\t\t\t\t<\/div>\n\t\t\t\t\t<\/div>\n\t\t<\/div>\n\t\t\t\t\t<\/div>\n\t\t<\/section>\n\t\t\t\t<\/div>\n\t\t","protected":false},"excerpt":{"rendered":"<p>Themen und Schwerpunkte Das Kursprogramm mit einem theoretischen sowie praktischen Teil umfasst folgende Themen Ein Auszug: Aligner Kiefergelenkbeschwerden Kieferorthop\u00e4dische Vorkoordination Kraniofaziale Chirurgie Lippen- Kiefer- Gaumenspalten Update Trauma im Milchgebiss Hypomineralisierte Milchz\u00e4hne Extraktion MIH-befallener Molaren Prophylaxe Hypnose Aktuelles aus der KZM-Forschung Kommunikation Praxismanagement<\/p>\n","protected":false},"author":5,"featured_media":0,"parent":3358,"menu_order":3,"comment_status":"closed","ping_status":"closed","template":"","meta":{"_acf_changed":false,"footnotes":""},"class_list":["post-2996","page","type-page","status-publish","hentry"],"acf":[],"yoast_head":"<!-- This site is optimized with the Yoast SEO plugin v24.3 - https:\/\/yoast.com\/wordpress\/plugins\/seo\/ -->\n<title>Themen und Schwerpunkte - 34. Wintersymposium 2026<\/title>\n<meta name=\"robots\" content=\"index, follow, max-snippet:-1, max-image-preview:large, max-video-preview:-1\" \/>\n<link rel=\"canonical\" href=\"https:\/\/www.wintersymposium.eu\/2025\/programm\/themen-und-schwerpunkte\/\" \/>\n<meta property=\"og:locale\" content=\"de_DE\" \/>\n<meta property=\"og:type\" content=\"article\" \/>\n<meta property=\"og:title\" content=\"Themen und Schwerpunkte - 34. Wintersymposium 2026\" \/>\n<meta property=\"og:description\" content=\"Themen und Schwerpunkte Das Kursprogramm mit einem theoretischen sowie praktischen Teil umfasst folgende Themen Ein Auszug: Aligner Kiefergelenkbeschwerden Kieferorthop\u00e4dische Vorkoordination Kraniofaziale Chirurgie Lippen- Kiefer- Gaumenspalten Update Trauma im Milchgebiss Hypomineralisierte Milchz\u00e4hne Extraktion MIH-befallener Molaren Prophylaxe Hypnose Aktuelles aus der KZM-Forschung Kommunikation Praxismanagement\" \/>\n<meta property=\"og:url\" content=\"https:\/\/www.wintersymposium.eu\/2025\/programm\/themen-und-schwerpunkte\/\" \/>\n<meta property=\"og:site_name\" content=\"34. Wintersymposium 2026\" \/>\n<meta property=\"article:modified_time\" content=\"2024-06-06T09:29:45+00:00\" \/>\n<meta property=\"og:image\" content=\"https:\/\/www.wintersymposium.eu\/2025\/wp-content\/uploads\/Bild7_2025.jpg\" \/>\n<meta name=\"twitter:card\" content=\"summary_large_image\" \/>\n<meta name=\"twitter:label1\" content=\"Gesch\u00e4tzte Lesezeit\" \/>\n\t<meta name=\"twitter:data1\" content=\"4\u00a0Minuten\" \/>\n<script type=\"application\/ld+json\" class=\"yoast-schema-graph\">{\"@context\":\"https:\/\/schema.org\",\"@graph\":[{\"@type\":\"WebPage\",\"@id\":\"https:\/\/www.wintersymposium.eu\/2025\/programm\/themen-und-schwerpunkte\/\",\"url\":\"https:\/\/www.wintersymposium.eu\/2025\/programm\/themen-und-schwerpunkte\/\",\"name\":\"Themen und Schwerpunkte - 34. Wintersymposium 2026\",\"isPartOf\":{\"@id\":\"https:\/\/www.wintersymposium.eu\/2025\/#website\"},\"primaryImageOfPage\":{\"@id\":\"https:\/\/www.wintersymposium.eu\/2025\/programm\/themen-und-schwerpunkte\/#primaryimage\"},\"image\":{\"@id\":\"https:\/\/www.wintersymposium.eu\/2025\/programm\/themen-und-schwerpunkte\/#primaryimage\"},\"thumbnailUrl\":\"https:\/\/www.wintersymposium.eu\/2025\/wp-content\/uploads\/Bild7_2025.jpg\",\"datePublished\":\"2021-07-09T09:39:19+00:00\",\"dateModified\":\"2024-06-06T09:29:45+00:00\",\"breadcrumb\":{\"@id\":\"https:\/\/www.wintersymposium.eu\/2025\/programm\/themen-und-schwerpunkte\/#breadcrumb\"},\"inLanguage\":\"de\",\"potentialAction\":[{\"@type\":\"ReadAction\",\"target\":[\"https:\/\/www.wintersymposium.eu\/2025\/programm\/themen-und-schwerpunkte\/\"]}]},{\"@type\":\"ImageObject\",\"inLanguage\":\"de\",\"@id\":\"https:\/\/www.wintersymposium.eu\/2025\/programm\/themen-und-schwerpunkte\/#primaryimage\",\"url\":\"https:\/\/www.wintersymposium.eu\/2025\/wp-content\/uploads\/Bild7_2025.jpg\",\"contentUrl\":\"https:\/\/www.wintersymposium.eu\/2025\/wp-content\/uploads\/Bild7_2025.jpg\",\"width\":450,\"height\":300},{\"@type\":\"BreadcrumbList\",\"@id\":\"https:\/\/www.wintersymposium.eu\/2025\/programm\/themen-und-schwerpunkte\/#breadcrumb\",\"itemListElement\":[{\"@type\":\"ListItem\",\"position\":1,\"name\":\"Startseite\",\"item\":\"https:\/\/www.wintersymposium.eu\/2025\/\"},{\"@type\":\"ListItem\",\"position\":2,\"name\":\"Programm\",\"item\":\"https:\/\/www.wintersymposium.eu\/2025\/programm\/\"},{\"@type\":\"ListItem\",\"position\":3,\"name\":\"Themen und Schwerpunkte\"}]},{\"@type\":\"WebSite\",\"@id\":\"https:\/\/www.wintersymposium.eu\/2025\/#website\",\"url\":\"https:\/\/www.wintersymposium.eu\/2025\/\",\"name\":\"34. Wintersymposium 2026\",\"description\":\"10.-15. Januar 2026, A-Going\/ Tirol, Kieferorthop\u00e4die und Kinderzahnmedizin f\u00fcr die t\u00e4gliche Praxis\",\"publisher\":{\"@id\":\"https:\/\/www.wintersymposium.eu\/2025\/#organization\"},\"potentialAction\":[{\"@type\":\"SearchAction\",\"target\":{\"@type\":\"EntryPoint\",\"urlTemplate\":\"https:\/\/www.wintersymposium.eu\/2025\/?s={search_term_string}\"},\"query-input\":{\"@type\":\"PropertyValueSpecification\",\"valueRequired\":true,\"valueName\":\"search_term_string\"}}],\"inLanguage\":\"de\"},{\"@type\":\"Organization\",\"@id\":\"https:\/\/www.wintersymposium.eu\/2025\/#organization\",\"name\":\"34. Wintersymposium 2026\",\"url\":\"https:\/\/www.wintersymposium.eu\/2025\/\",\"logo\":{\"@type\":\"ImageObject\",\"inLanguage\":\"de\",\"@id\":\"https:\/\/www.wintersymposium.eu\/2025\/#\/schema\/logo\/image\/\",\"url\":\"https:\/\/www.wintersymposium.eu\/2025\/wp-content\/uploads\/WS-Logo-2024-1.png\",\"contentUrl\":\"https:\/\/www.wintersymposium.eu\/2025\/wp-content\/uploads\/WS-Logo-2024-1.png\",\"width\":550,\"height\":300,\"caption\":\"34. Wintersymposium 2026\"},\"image\":{\"@id\":\"https:\/\/www.wintersymposium.eu\/2025\/#\/schema\/logo\/image\/\"}}]}<\/script>\n<!-- \/ Yoast SEO plugin. -->","yoast_head_json":{"title":"Themen und Schwerpunkte - 34. Wintersymposium 2026","robots":{"index":"index","follow":"follow","max-snippet":"max-snippet:-1","max-image-preview":"max-image-preview:large","max-video-preview":"max-video-preview:-1"},"canonical":"https:\/\/www.wintersymposium.eu\/2025\/programm\/themen-und-schwerpunkte\/","og_locale":"de_DE","og_type":"article","og_title":"Themen und Schwerpunkte - 34. Wintersymposium 2026","og_description":"Themen und Schwerpunkte Das Kursprogramm mit einem theoretischen sowie praktischen Teil umfasst folgende Themen Ein Auszug: Aligner Kiefergelenkbeschwerden Kieferorthop\u00e4dische Vorkoordination Kraniofaziale Chirurgie Lippen- Kiefer- Gaumenspalten Update Trauma im Milchgebiss Hypomineralisierte Milchz\u00e4hne Extraktion MIH-befallener Molaren Prophylaxe Hypnose Aktuelles aus der KZM-Forschung Kommunikation Praxismanagement","og_url":"https:\/\/www.wintersymposium.eu\/2025\/programm\/themen-und-schwerpunkte\/","og_site_name":"34. Wintersymposium 2026","article_modified_time":"2024-06-06T09:29:45+00:00","og_image":[{"url":"https:\/\/www.wintersymposium.eu\/2025\/wp-content\/uploads\/Bild7_2025.jpg","type":"","width":"","height":""}],"twitter_card":"summary_large_image","twitter_misc":{"Gesch\u00e4tzte Lesezeit":"4\u00a0Minuten"},"schema":{"@context":"https:\/\/schema.org","@graph":[{"@type":"WebPage","@id":"https:\/\/www.wintersymposium.eu\/2025\/programm\/themen-und-schwerpunkte\/","url":"https:\/\/www.wintersymposium.eu\/2025\/programm\/themen-und-schwerpunkte\/","name":"Themen und Schwerpunkte - 34. Wintersymposium 2026","isPartOf":{"@id":"https:\/\/www.wintersymposium.eu\/2025\/#website"},"primaryImageOfPage":{"@id":"https:\/\/www.wintersymposium.eu\/2025\/programm\/themen-und-schwerpunkte\/#primaryimage"},"image":{"@id":"https:\/\/www.wintersymposium.eu\/2025\/programm\/themen-und-schwerpunkte\/#primaryimage"},"thumbnailUrl":"https:\/\/www.wintersymposium.eu\/2025\/wp-content\/uploads\/Bild7_2025.jpg","datePublished":"2021-07-09T09:39:19+00:00","dateModified":"2024-06-06T09:29:45+00:00","breadcrumb":{"@id":"https:\/\/www.wintersymposium.eu\/2025\/programm\/themen-und-schwerpunkte\/#breadcrumb"},"inLanguage":"de","potentialAction":[{"@type":"ReadAction","target":["https:\/\/www.wintersymposium.eu\/2025\/programm\/themen-und-schwerpunkte\/"]}]},{"@type":"ImageObject","inLanguage":"de","@id":"https:\/\/www.wintersymposium.eu\/2025\/programm\/themen-und-schwerpunkte\/#primaryimage","url":"https:\/\/www.wintersymposium.eu\/2025\/wp-content\/uploads\/Bild7_2025.jpg","contentUrl":"https:\/\/www.wintersymposium.eu\/2025\/wp-content\/uploads\/Bild7_2025.jpg","width":450,"height":300},{"@type":"BreadcrumbList","@id":"https:\/\/www.wintersymposium.eu\/2025\/programm\/themen-und-schwerpunkte\/#breadcrumb","itemListElement":[{"@type":"ListItem","position":1,"name":"Startseite","item":"https:\/\/www.wintersymposium.eu\/2025\/"},{"@type":"ListItem","position":2,"name":"Programm","item":"https:\/\/www.wintersymposium.eu\/2025\/programm\/"},{"@type":"ListItem","position":3,"name":"Themen und Schwerpunkte"}]},{"@type":"WebSite","@id":"https:\/\/www.wintersymposium.eu\/2025\/#website","url":"https:\/\/www.wintersymposium.eu\/2025\/","name":"34. Wintersymposium 2026","description":"10.-15. Januar 2026, A-Going\/ Tirol, Kieferorthop\u00e4die und Kinderzahnmedizin f\u00fcr die t\u00e4gliche Praxis","publisher":{"@id":"https:\/\/www.wintersymposium.eu\/2025\/#organization"},"potentialAction":[{"@type":"SearchAction","target":{"@type":"EntryPoint","urlTemplate":"https:\/\/www.wintersymposium.eu\/2025\/?s={search_term_string}"},"query-input":{"@type":"PropertyValueSpecification","valueRequired":true,"valueName":"search_term_string"}}],"inLanguage":"de"},{"@type":"Organization","@id":"https:\/\/www.wintersymposium.eu\/2025\/#organization","name":"34. Wintersymposium 2026","url":"https:\/\/www.wintersymposium.eu\/2025\/","logo":{"@type":"ImageObject","inLanguage":"de","@id":"https:\/\/www.wintersymposium.eu\/2025\/#\/schema\/logo\/image\/","url":"https:\/\/www.wintersymposium.eu\/2025\/wp-content\/uploads\/WS-Logo-2024-1.png","contentUrl":"https:\/\/www.wintersymposium.eu\/2025\/wp-content\/uploads\/WS-Logo-2024-1.png","width":550,"height":300,"caption":"34. Wintersymposium 2026"},"image":{"@id":"https:\/\/www.wintersymposium.eu\/2025\/#\/schema\/logo\/image\/"}}]}},"_links":{"self":[{"href":"https:\/\/www.wintersymposium.eu\/2025\/wp-json\/wp\/v2\/pages\/2996","targetHints":{"allow":["GET"]}}],"collection":[{"href":"https:\/\/www.wintersymposium.eu\/2025\/wp-json\/wp\/v2\/pages"}],"about":[{"href":"https:\/\/www.wintersymposium.eu\/2025\/wp-json\/wp\/v2\/types\/page"}],"author":[{"embeddable":true,"href":"https:\/\/www.wintersymposium.eu\/2025\/wp-json\/wp\/v2\/users\/5"}],"replies":[{"embeddable":true,"href":"https:\/\/www.wintersymposium.eu\/2025\/wp-json\/wp\/v2\/comments?post=2996"}],"version-history":[{"count":7,"href":"https:\/\/www.wintersymposium.eu\/2025\/wp-json\/wp\/v2\/pages\/2996\/revisions"}],"predecessor-version":[{"id":6002,"href":"https:\/\/www.wintersymposium.eu\/2025\/wp-json\/wp\/v2\/pages\/2996\/revisions\/6002"}],"up":[{"embeddable":true,"href":"https:\/\/www.wintersymposium.eu\/2025\/wp-json\/wp\/v2\/pages\/3358"}],"wp:attachment":[{"href":"https:\/\/www.wintersymposium.eu\/2025\/wp-json\/wp\/v2\/media?parent=2996"}],"curies":[{"name":"wp","href":"https:\/\/api.w.org\/{rel}","templated":true}]}}