{"id":2594,"date":"2021-01-27T12:01:03","date_gmt":"2021-01-27T11:01:03","guid":{"rendered":"https:\/\/www.wintersymposium.eu\/2026\/?page_id=2594"},"modified":"2022-06-10T14:29:23","modified_gmt":"2022-06-10T12:29:23","slug":"fotocredits","status":"publish","type":"page","link":"https:\/\/www.wintersymposium.eu\/2026\/fotocredits\/","title":{"rendered":"Fotocredits"},"content":{"rendered":"\t\t<div data-elementor-type=\"wp-page\" data-elementor-id=\"2594\" class=\"elementor elementor-2594\" data-elementor-post-type=\"page\">\n\t\t\t\t\t\t<section class=\"elementor-section elementor-top-section elementor-element elementor-element-eb46781 elementor-section-boxed ang-section-padding-initial elementor-section-height-default elementor-section-height-default elementor-repeater-item-none elementor-repeater-item-none_hover\" data-id=\"eb46781\" data-element_type=\"section\" data-e-type=\"section\">\n\t\t\t\t\t\t<div class=\"elementor-container elementor-column-gap-default\">\n\t\t\t\t\t<div class=\"elementor-column elementor-col-100 elementor-top-column elementor-element elementor-element-da4c3f8 elementor-repeater-item-none elementor-repeater-item-none_hover\" data-id=\"da4c3f8\" data-element_type=\"column\" data-e-type=\"column\">\n\t\t\t<div class=\"elementor-widget-wrap elementor-element-populated\">\n\t\t\t\t\t\t<div class=\"elementor-element elementor-element-fc3fc59 animated-slow elementor-repeater-item-none elementor-repeater-item-none_hover elementor-widget elementor-widget-heading\" data-id=\"fc3fc59\" data-element_type=\"widget\" data-e-type=\"widget\" data-settings=\"{&quot;_animation&quot;:&quot;none&quot;}\" data-widget_type=\"heading.default\">\n\t\t\t\t<div class=\"elementor-widget-container\">\n\t\t\t\t\t<h1 class=\"elementor-heading-title elementor-size-default\">Kontakt<\/h1>\t\t\t\t<\/div>\n\t\t\t\t<\/div>\n\t\t\t\t<div class=\"elementor-element elementor-element-f529693 elementor-repeater-item-none elementor-repeater-item-none_hover elementor-widget elementor-widget-text-editor\" data-id=\"f529693\" data-element_type=\"widget\" data-e-type=\"widget\" data-widget_type=\"text-editor.default\">\n\t\t\t\t<div class=\"elementor-widget-container\">\n\t\t\t\t\t\t\t\t\t<p><strong>Fotos Hotel Stanglwirt<br \/><\/strong>Source: Hotel Stanglwirt, Fotograf: Paul Dahan<strong><\/strong><\/p><p><strong>Fotos Zahnmedizin<br \/><\/strong>Klinik f\u00fcr Kieferorthop\u00e4die und Kinderzahnmedizin, Zentrum f\u00fcr Zahnmedizin der Universit\u00e4t Z\u00fcrich &amp; Referenten-Team<\/p>\t\t\t\t\t\t\t\t<\/div>\n\t\t\t\t<\/div>\n\t\t\t\t\t<\/div>\n\t\t<\/div>\n\t\t\t\t\t<\/div>\n\t\t<\/section>\n\t\t\t\t<\/div>\n\t\t","protected":false},"excerpt":{"rendered":"<p>Kontakt Fotos Hotel StanglwirtSource: Hotel Stanglwirt, Fotograf: Paul Dahan Fotos ZahnmedizinKlinik f\u00fcr Kieferorthop\u00e4die und Kinderzahnmedizin, Zentrum f\u00fcr Zahnmedizin der Universit\u00e4t Z\u00fcrich &amp; Referenten-Team<\/p>\n","protected":false},"author":5,"featured_media":0,"parent":0,"menu_order":97,"comment_status":"closed","ping_status":"closed","template":"","meta":{"footnotes":""},"class_list":["post-2594","page","type-page","status-publish","hentry"],"yoast_head":"<!-- This site is optimized with the Yoast SEO plugin v27.0 - https:\/\/yoast.com\/product\/yoast-seo-wordpress\/ -->\n<title>Fotocredits - 34. Wintersymposium 2026<\/title>\n<meta name=\"robots\" content=\"index, follow, max-snippet:-1, max-image-preview:large, max-video-preview:-1\" \/>\n<link rel=\"canonical\" href=\"https:\/\/www.wintersymposium.eu\/2026\/fotocredits\/\" \/>\n<meta property=\"og:locale\" content=\"de_DE\" \/>\n<meta property=\"og:type\" content=\"article\" \/>\n<meta property=\"og:title\" content=\"Fotocredits - 34. Wintersymposium 2026\" \/>\n<meta property=\"og:description\" content=\"Kontakt Fotos Hotel StanglwirtSource: Hotel Stanglwirt, Fotograf: Paul Dahan Fotos ZahnmedizinKlinik f\u00fcr Kieferorthop\u00e4die und Kinderzahnmedizin, Zentrum f\u00fcr Zahnmedizin der Universit\u00e4t Z\u00fcrich &amp; Referenten-Team\" \/>\n<meta property=\"og:url\" content=\"https:\/\/www.wintersymposium.eu\/2026\/fotocredits\/\" \/>\n<meta property=\"og:site_name\" content=\"34. Wintersymposium 2026\" \/>\n<meta property=\"article:modified_time\" content=\"2022-06-10T12:29:23+00:00\" \/>\n<meta name=\"twitter:card\" content=\"summary_large_image\" \/>\n<script type=\"application\/ld+json\" class=\"yoast-schema-graph\">{\"@context\":\"https:\/\/schema.org\",\"@graph\":[{\"@type\":\"WebPage\",\"@id\":\"https:\/\/www.wintersymposium.eu\/2026\/fotocredits\/\",\"url\":\"https:\/\/www.wintersymposium.eu\/2026\/fotocredits\/\",\"name\":\"Fotocredits - 34. Wintersymposium 2026\",\"isPartOf\":{\"@id\":\"https:\/\/www.wintersymposium.eu\/2026\/#website\"},\"datePublished\":\"2021-01-27T11:01:03+00:00\",\"dateModified\":\"2022-06-10T12:29:23+00:00\",\"breadcrumb\":{\"@id\":\"https:\/\/www.wintersymposium.eu\/2026\/fotocredits\/#breadcrumb\"},\"inLanguage\":\"de\",\"potentialAction\":[{\"@type\":\"ReadAction\",\"target\":[\"https:\/\/www.wintersymposium.eu\/2026\/fotocredits\/\"]}]},{\"@type\":\"BreadcrumbList\",\"@id\":\"https:\/\/www.wintersymposium.eu\/2026\/fotocredits\/#breadcrumb\",\"itemListElement\":[{\"@type\":\"ListItem\",\"position\":1,\"name\":\"Startseite\",\"item\":\"https:\/\/www.wintersymposium.eu\/2026\/\"},{\"@type\":\"ListItem\",\"position\":2,\"name\":\"Fotocredits\"}]},{\"@type\":\"WebSite\",\"@id\":\"https:\/\/www.wintersymposium.eu\/2026\/#website\",\"url\":\"https:\/\/www.wintersymposium.eu\/2026\/\",\"name\":\"34. Wintersymposium 2026\",\"description\":\"10.-15. Januar 2026, A-Going\/ Tirol, Kieferorthop\u00e4die und Kinderzahnmedizin f\u00fcr die t\u00e4gliche Praxis\",\"publisher\":{\"@id\":\"https:\/\/www.wintersymposium.eu\/2026\/#organization\"},\"potentialAction\":[{\"@type\":\"SearchAction\",\"target\":{\"@type\":\"EntryPoint\",\"urlTemplate\":\"https:\/\/www.wintersymposium.eu\/2026\/?s={search_term_string}\"},\"query-input\":{\"@type\":\"PropertyValueSpecification\",\"valueRequired\":true,\"valueName\":\"search_term_string\"}}],\"inLanguage\":\"de\"},{\"@type\":\"Organization\",\"@id\":\"https:\/\/www.wintersymposium.eu\/2026\/#organization\",\"name\":\"34. Wintersymposium 2026\",\"url\":\"https:\/\/www.wintersymposium.eu\/2026\/\",\"logo\":{\"@type\":\"ImageObject\",\"inLanguage\":\"de\",\"@id\":\"https:\/\/www.wintersymposium.eu\/2026\/#\/schema\/logo\/image\/\",\"url\":\"https:\/\/www.wintersymposium.eu\/2026\/wp-content\/uploads\/WS-Logo-2024-1.png\",\"contentUrl\":\"https:\/\/www.wintersymposium.eu\/2026\/wp-content\/uploads\/WS-Logo-2024-1.png\",\"width\":550,\"height\":300,\"caption\":\"34. Wintersymposium 2026\"},\"image\":{\"@id\":\"https:\/\/www.wintersymposium.eu\/2026\/#\/schema\/logo\/image\/\"}}]}<\/script>\n<!-- \/ Yoast SEO plugin. -->","yoast_head_json":{"title":"Fotocredits - 34. Wintersymposium 2026","robots":{"index":"index","follow":"follow","max-snippet":"max-snippet:-1","max-image-preview":"max-image-preview:large","max-video-preview":"max-video-preview:-1"},"canonical":"https:\/\/www.wintersymposium.eu\/2026\/fotocredits\/","og_locale":"de_DE","og_type":"article","og_title":"Fotocredits - 34. Wintersymposium 2026","og_description":"Kontakt Fotos Hotel StanglwirtSource: Hotel Stanglwirt, Fotograf: Paul Dahan Fotos ZahnmedizinKlinik f\u00fcr Kieferorthop\u00e4die und Kinderzahnmedizin, Zentrum f\u00fcr Zahnmedizin der Universit\u00e4t Z\u00fcrich &amp; Referenten-Team","og_url":"https:\/\/www.wintersymposium.eu\/2026\/fotocredits\/","og_site_name":"34. Wintersymposium 2026","article_modified_time":"2022-06-10T12:29:23+00:00","twitter_card":"summary_large_image","schema":{"@context":"https:\/\/schema.org","@graph":[{"@type":"WebPage","@id":"https:\/\/www.wintersymposium.eu\/2026\/fotocredits\/","url":"https:\/\/www.wintersymposium.eu\/2026\/fotocredits\/","name":"Fotocredits - 34. Wintersymposium 2026","isPartOf":{"@id":"https:\/\/www.wintersymposium.eu\/2026\/#website"},"datePublished":"2021-01-27T11:01:03+00:00","dateModified":"2022-06-10T12:29:23+00:00","breadcrumb":{"@id":"https:\/\/www.wintersymposium.eu\/2026\/fotocredits\/#breadcrumb"},"inLanguage":"de","potentialAction":[{"@type":"ReadAction","target":["https:\/\/www.wintersymposium.eu\/2026\/fotocredits\/"]}]},{"@type":"BreadcrumbList","@id":"https:\/\/www.wintersymposium.eu\/2026\/fotocredits\/#breadcrumb","itemListElement":[{"@type":"ListItem","position":1,"name":"Startseite","item":"https:\/\/www.wintersymposium.eu\/2026\/"},{"@type":"ListItem","position":2,"name":"Fotocredits"}]},{"@type":"WebSite","@id":"https:\/\/www.wintersymposium.eu\/2026\/#website","url":"https:\/\/www.wintersymposium.eu\/2026\/","name":"34. Wintersymposium 2026","description":"10.-15. Januar 2026, A-Going\/ Tirol, Kieferorthop\u00e4die und Kinderzahnmedizin f\u00fcr die t\u00e4gliche Praxis","publisher":{"@id":"https:\/\/www.wintersymposium.eu\/2026\/#organization"},"potentialAction":[{"@type":"SearchAction","target":{"@type":"EntryPoint","urlTemplate":"https:\/\/www.wintersymposium.eu\/2026\/?s={search_term_string}"},"query-input":{"@type":"PropertyValueSpecification","valueRequired":true,"valueName":"search_term_string"}}],"inLanguage":"de"},{"@type":"Organization","@id":"https:\/\/www.wintersymposium.eu\/2026\/#organization","name":"34. Wintersymposium 2026","url":"https:\/\/www.wintersymposium.eu\/2026\/","logo":{"@type":"ImageObject","inLanguage":"de","@id":"https:\/\/www.wintersymposium.eu\/2026\/#\/schema\/logo\/image\/","url":"https:\/\/www.wintersymposium.eu\/2026\/wp-content\/uploads\/WS-Logo-2024-1.png","contentUrl":"https:\/\/www.wintersymposium.eu\/2026\/wp-content\/uploads\/WS-Logo-2024-1.png","width":550,"height":300,"caption":"34. Wintersymposium 2026"},"image":{"@id":"https:\/\/www.wintersymposium.eu\/2026\/#\/schema\/logo\/image\/"}}]}},"_links":{"self":[{"href":"https:\/\/www.wintersymposium.eu\/2026\/wp-json\/wp\/v2\/pages\/2594","targetHints":{"allow":["GET"]}}],"collection":[{"href":"https:\/\/www.wintersymposium.eu\/2026\/wp-json\/wp\/v2\/pages"}],"about":[{"href":"https:\/\/www.wintersymposium.eu\/2026\/wp-json\/wp\/v2\/types\/page"}],"author":[{"embeddable":true,"href":"https:\/\/www.wintersymposium.eu\/2026\/wp-json\/wp\/v2\/users\/5"}],"replies":[{"embeddable":true,"href":"https:\/\/www.wintersymposium.eu\/2026\/wp-json\/wp\/v2\/comments?post=2594"}],"version-history":[{"count":0,"href":"https:\/\/www.wintersymposium.eu\/2026\/wp-json\/wp\/v2\/pages\/2594\/revisions"}],"wp:attachment":[{"href":"https:\/\/www.wintersymposium.eu\/2026\/wp-json\/wp\/v2\/media?parent=2594"}],"curies":[{"name":"wp","href":"https:\/\/api.w.org\/{rel}","templated":true}]}}