{"id":2975,"date":"2021-07-09T11:04:37","date_gmt":"2021-07-09T09:04:37","guid":{"rendered":"https:\/\/www.wintersymposium.eu\/2026\/?page_id=2975"},"modified":"2025-05-22T14:07:29","modified_gmt":"2025-05-22T12:07:29","slug":"grusswort","status":"publish","type":"page","link":"https:\/\/www.wintersymposium.eu\/2026\/grusswort\/","title":{"rendered":"Grusswort"},"content":{"rendered":"\t\t<div data-elementor-type=\"wp-page\" data-elementor-id=\"2975\" class=\"elementor elementor-2975\" data-elementor-post-type=\"page\">\n\t\t\t\t\t\t<section class=\"elementor-section elementor-top-section elementor-element elementor-element-ee95c61 elementor-section-boxed ang-section-padding-initial elementor-section-height-default elementor-section-height-default elementor-repeater-item-none elementor-repeater-item-none_hover\" data-id=\"ee95c61\" data-element_type=\"section\" data-e-type=\"section\">\n\t\t\t\t\t\t<div class=\"elementor-container elementor-column-gap-default\">\n\t\t\t\t\t<div class=\"elementor-column elementor-col-100 elementor-top-column elementor-element elementor-element-f76faeb elementor-repeater-item-none elementor-repeater-item-none_hover\" data-id=\"f76faeb\" data-element_type=\"column\" data-e-type=\"column\">\n\t\t\t<div class=\"elementor-widget-wrap elementor-element-populated\">\n\t\t\t\t\t\t<div class=\"elementor-element elementor-element-f639ddc elementor-widget__width-initial elementor-absolute elementor-widget-tablet__width-initial elementor-widget-mobile__width-initial animated-slow elementor-hidden-mobile elementor-repeater-item-none elementor-repeater-item-none_hover elementor-invisible elementor-widget elementor-widget-spacer\" data-id=\"f639ddc\" data-element_type=\"widget\" data-e-type=\"widget\" data-settings=\"{&quot;_position&quot;:&quot;absolute&quot;,&quot;motion_fx_motion_fx_scrolling&quot;:&quot;yes&quot;,&quot;motion_fx_translateX_effect&quot;:&quot;yes&quot;,&quot;motion_fx_translateX_speed&quot;:{&quot;unit&quot;:&quot;px&quot;,&quot;size&quot;:2,&quot;sizes&quot;:[]},&quot;motion_fx_devices&quot;:[&quot;desktop&quot;,&quot;tablet&quot;],&quot;motion_fx_translateX_direction&quot;:&quot;negative&quot;,&quot;_animation&quot;:&quot;fadeInRight&quot;,&quot;motion_fx_translateX_affectedRange&quot;:{&quot;unit&quot;:&quot;%&quot;,&quot;size&quot;:&quot;&quot;,&quot;sizes&quot;:{&quot;start&quot;:0,&quot;end&quot;:100}}}\" data-widget_type=\"spacer.default\">\n\t\t\t\t<div class=\"elementor-widget-container\">\n\t\t\t\t\t\t\t<div class=\"elementor-spacer\">\n\t\t\t<div class=\"elementor-spacer-inner\"><\/div>\n\t\t<\/div>\n\t\t\t\t\t\t<\/div>\n\t\t\t\t<\/div>\n\t\t\t\t<div class=\"elementor-element elementor-element-8c27ea2 animated-slow elementor-repeater-item-none elementor-repeater-item-none_hover elementor-widget elementor-widget-heading\" data-id=\"8c27ea2\" data-element_type=\"widget\" data-e-type=\"widget\" data-settings=\"{&quot;_animation&quot;:&quot;none&quot;}\" data-widget_type=\"heading.default\">\n\t\t\t\t<div class=\"elementor-widget-container\">\n\t\t\t\t\t<h1 class=\"elementor-heading-title elementor-size-default\">Grusswort<\/h1>\t\t\t\t<\/div>\n\t\t\t\t<\/div>\n\t\t\t\t<section class=\"elementor-section elementor-inner-section elementor-element elementor-element-5fab56e elementor-section-boxed ang-section-padding-initial elementor-section-height-default elementor-section-height-default elementor-repeater-item-none elementor-repeater-item-none_hover\" data-id=\"5fab56e\" data-element_type=\"section\" data-e-type=\"section\">\n\t\t\t\t\t\t<div class=\"elementor-container elementor-column-gap-default\">\n\t\t\t\t\t<div class=\"elementor-column elementor-col-50 elementor-inner-column elementor-element elementor-element-017b12d elementor-repeater-item-none elementor-repeater-item-none_hover\" data-id=\"017b12d\" data-element_type=\"column\" data-e-type=\"column\">\n\t\t\t<div class=\"elementor-widget-wrap elementor-element-populated\">\n\t\t\t\t\t\t<div class=\"elementor-element elementor-element-141af69 elementor-repeater-item-none elementor-repeater-item-none_hover elementor-widget elementor-widget-text-editor\" data-id=\"141af69\" data-element_type=\"widget\" data-e-type=\"widget\" data-widget_type=\"text-editor.default\">\n\t\t\t\t<div class=\"elementor-widget-container\">\n\t\t\t\t\t\t\t\t\t<p>Liebe Kolleginnen und Kollegen<\/p><p>Nach einem restlos ausgebuchten und sehr interessantem Wintersymposium 2025 freue ich mich, Sie zum n\u00e4chsten <strong>Wintersymposium<\/strong> vom <strong>10.-15. Januar 2026<\/strong> einladen zu d\u00fcrfen. Wir haben wiederum Referentinnen und Referenten mit grosser klinischer Erfahrung eingeladen. Sie werden mit Ihnen in sehr <strong>praxisorientierten Vortr\u00e4gen und Seminare \/ Workshops<\/strong> ihr Wissen teilen. Traditionell fokussieren wir uns auf Gebiete, die sowohl f\u00fcr den <strong>kieferorthop\u00e4dischen und kinderzahnmedizinischen Alltag<\/strong> relevant sind und auch die P\u00e4diatrie kommt nicht zu kurz.<\/p><p>Die famili\u00e4re Atmosph\u00e4re, welche diesen Kurs seit vielen Jahren pr\u00e4gt, erlaubt es den Teilnehmenden zudem auch eigene \u00abSorgenf\u00e4lle\u00bb mit den Referenten und anderen Teilnehmenden in ungezwungenem Rahmen zu diskutieren.<\/p><p>Neben dem Fortbildungsprogramm bleibt gen\u00fcgend Zeit, das ber\u00fchmte Bio-Hotel \u00abStanglwirt\u00bb und das Tirol mit all seinen sportlichen und touristischen M\u00f6glichkeiten zu geniessen.<\/p><p>Das Organisationsteam, die Referenten und die Mitarbeiter des Stanglwirts freuen sich schon darauf, Sie beim <strong>34. Winter-symposium<\/strong> begr\u00fcssen zu d\u00fcrfen und werden wieder mit vollem Einsatz daf\u00fcr sorgen, dass sowohl Fortbildung als auch Erholung zum Erlebnis werden!<\/p><p>Ihr<br \/>Dr. med. dent. Hubertus van Waes<br \/>Kursleitung<br \/>Klinik f\u00fcr Kieferorthop\u00e4die und Kinderzahnmedizin, Zentrum f\u00fcr Zahnmedizin der Universit\u00e4t Z\u00fcrich, Schulzahn\u00e4rztlicher Dienst der Stadt Z\u00fcrich, Schweiz<\/p>\t\t\t\t\t\t\t\t<\/div>\n\t\t\t\t<\/div>\n\t\t\t\t\t<\/div>\n\t\t<\/div>\n\t\t\t\t<div class=\"elementor-column elementor-col-50 elementor-inner-column elementor-element elementor-element-2e220db elementor-repeater-item-none elementor-repeater-item-none_hover\" data-id=\"2e220db\" data-element_type=\"column\" data-e-type=\"column\">\n\t\t\t<div class=\"elementor-widget-wrap elementor-element-populated\">\n\t\t\t\t\t\t<div class=\"elementor-element elementor-element-dd91494 animated-slow external_elementor-repeater-item-none_external elementor-repeater-item-none elementor-repeater-item-none_hover elementor-widget elementor-widget-image\" data-id=\"dd91494\" data-element_type=\"widget\" data-e-type=\"widget\" data-settings=\"{&quot;_animation&quot;:&quot;none&quot;,&quot;_animation_delay&quot;:500}\" data-widget_type=\"image.default\">\n\t\t\t\t<div class=\"elementor-widget-container\">\n\t\t\t\t\t\t\t\t\t\t\t\t\t\t\t<img fetchpriority=\"high\" decoding=\"async\" width=\"200\" height=\"300\" src=\"https:\/\/www.wintersymposium.eu\/2026\/wp-content\/uploads\/van-Waes-Hubertus.jpg\" class=\"attachment-full size-full wp-image-5123\" alt=\"\" srcset=\"https:\/\/www.wintersymposium.eu\/2026\/wp-content\/uploads\/van-Waes-Hubertus.jpg 200w, https:\/\/www.wintersymposium.eu\/2026\/wp-content\/uploads\/van-Waes-Hubertus-100x150.jpg 100w\" sizes=\"(max-width: 200px) 100vw, 200px\" \/>\t\t\t\t\t\t\t\t\t\t\t\t\t\t\t<\/div>\n\t\t\t\t<\/div>\n\t\t\t\t\t<\/div>\n\t\t<\/div>\n\t\t\t\t\t<\/div>\n\t\t<\/section>\n\t\t\t\t\t<\/div>\n\t\t<\/div>\n\t\t\t\t\t<\/div>\n\t\t<\/section>\n\t\t\t\t<\/div>\n\t\t","protected":false},"excerpt":{"rendered":"<p>Grusswort Liebe Kolleginnen und Kollegen Nach einem restlos ausgebuchten und sehr interessantem Wintersymposium 2025 freue ich mich, Sie zum n\u00e4chsten Wintersymposium vom 10.-15. Januar 2026 einladen zu d\u00fcrfen. Wir haben wiederum Referentinnen und Referenten mit grosser klinischer Erfahrung eingeladen. Sie werden mit Ihnen in sehr praxisorientierten Vortr\u00e4gen und Seminare \/ Workshops ihr Wissen teilen. Traditionell [&hellip;]<\/p>\n","protected":false},"author":5,"featured_media":0,"parent":0,"menu_order":1,"comment_status":"closed","ping_status":"closed","template":"","meta":{"footnotes":""},"class_list":["post-2975","page","type-page","status-publish","hentry"],"yoast_head":"<!-- This site is optimized with the Yoast SEO plugin v27.0 - https:\/\/yoast.com\/product\/yoast-seo-wordpress\/ -->\n<title>Grusswort - 34. Wintersymposium 2026<\/title>\n<meta name=\"robots\" content=\"index, follow, max-snippet:-1, max-image-preview:large, max-video-preview:-1\" \/>\n<link rel=\"canonical\" href=\"https:\/\/www.wintersymposium.eu\/2026\/grusswort\/\" \/>\n<meta property=\"og:locale\" content=\"de_DE\" \/>\n<meta property=\"og:type\" content=\"article\" \/>\n<meta property=\"og:title\" content=\"Grusswort - 34. Wintersymposium 2026\" \/>\n<meta property=\"og:description\" content=\"Grusswort Liebe Kolleginnen und Kollegen Nach einem restlos ausgebuchten und sehr interessantem Wintersymposium 2025 freue ich mich, Sie zum n\u00e4chsten Wintersymposium vom 10.-15. Januar 2026 einladen zu d\u00fcrfen. Wir haben wiederum Referentinnen und Referenten mit grosser klinischer Erfahrung eingeladen. Sie werden mit Ihnen in sehr praxisorientierten Vortr\u00e4gen und Seminare \/ Workshops ihr Wissen teilen. Traditionell [&hellip;]\" \/>\n<meta property=\"og:url\" content=\"https:\/\/www.wintersymposium.eu\/2026\/grusswort\/\" \/>\n<meta property=\"og:site_name\" content=\"34. Wintersymposium 2026\" \/>\n<meta property=\"article:modified_time\" content=\"2025-05-22T12:07:29+00:00\" \/>\n<meta property=\"og:image\" content=\"https:\/\/www.wintersymposium.eu\/2026\/wp-content\/uploads\/van-Waes-Hubertus.jpg\" \/>\n<meta name=\"twitter:card\" content=\"summary_large_image\" \/>\n<meta name=\"twitter:label1\" content=\"Gesch\u00e4tzte Lesezeit\" \/>\n\t<meta name=\"twitter:data1\" content=\"2\u00a0Minuten\" \/>\n<script type=\"application\/ld+json\" class=\"yoast-schema-graph\">{\"@context\":\"https:\/\/schema.org\",\"@graph\":[{\"@type\":\"WebPage\",\"@id\":\"https:\/\/www.wintersymposium.eu\/2026\/grusswort\/\",\"url\":\"https:\/\/www.wintersymposium.eu\/2026\/grusswort\/\",\"name\":\"Grusswort - 34. Wintersymposium 2026\",\"isPartOf\":{\"@id\":\"https:\/\/www.wintersymposium.eu\/2026\/#website\"},\"primaryImageOfPage\":{\"@id\":\"https:\/\/www.wintersymposium.eu\/2026\/grusswort\/#primaryimage\"},\"image\":{\"@id\":\"https:\/\/www.wintersymposium.eu\/2026\/grusswort\/#primaryimage\"},\"thumbnailUrl\":\"https:\/\/www.wintersymposium.eu\/2026\/wp-content\/uploads\/van-Waes-Hubertus.jpg\",\"datePublished\":\"2021-07-09T09:04:37+00:00\",\"dateModified\":\"2025-05-22T12:07:29+00:00\",\"breadcrumb\":{\"@id\":\"https:\/\/www.wintersymposium.eu\/2026\/grusswort\/#breadcrumb\"},\"inLanguage\":\"de\",\"potentialAction\":[{\"@type\":\"ReadAction\",\"target\":[\"https:\/\/www.wintersymposium.eu\/2026\/grusswort\/\"]}]},{\"@type\":\"ImageObject\",\"inLanguage\":\"de\",\"@id\":\"https:\/\/www.wintersymposium.eu\/2026\/grusswort\/#primaryimage\",\"url\":\"https:\/\/www.wintersymposium.eu\/2026\/wp-content\/uploads\/van-Waes-Hubertus.jpg\",\"contentUrl\":\"https:\/\/www.wintersymposium.eu\/2026\/wp-content\/uploads\/van-Waes-Hubertus.jpg\",\"width\":200,\"height\":300},{\"@type\":\"BreadcrumbList\",\"@id\":\"https:\/\/www.wintersymposium.eu\/2026\/grusswort\/#breadcrumb\",\"itemListElement\":[{\"@type\":\"ListItem\",\"position\":1,\"name\":\"Startseite\",\"item\":\"https:\/\/www.wintersymposium.eu\/2026\/\"},{\"@type\":\"ListItem\",\"position\":2,\"name\":\"Grusswort\"}]},{\"@type\":\"WebSite\",\"@id\":\"https:\/\/www.wintersymposium.eu\/2026\/#website\",\"url\":\"https:\/\/www.wintersymposium.eu\/2026\/\",\"name\":\"34. Wintersymposium 2026\",\"description\":\"10.-15. Januar 2026, A-Going\/ Tirol, Kieferorthop\u00e4die und Kinderzahnmedizin f\u00fcr die t\u00e4gliche Praxis\",\"publisher\":{\"@id\":\"https:\/\/www.wintersymposium.eu\/2026\/#organization\"},\"potentialAction\":[{\"@type\":\"SearchAction\",\"target\":{\"@type\":\"EntryPoint\",\"urlTemplate\":\"https:\/\/www.wintersymposium.eu\/2026\/?s={search_term_string}\"},\"query-input\":{\"@type\":\"PropertyValueSpecification\",\"valueRequired\":true,\"valueName\":\"search_term_string\"}}],\"inLanguage\":\"de\"},{\"@type\":\"Organization\",\"@id\":\"https:\/\/www.wintersymposium.eu\/2026\/#organization\",\"name\":\"34. Wintersymposium 2026\",\"url\":\"https:\/\/www.wintersymposium.eu\/2026\/\",\"logo\":{\"@type\":\"ImageObject\",\"inLanguage\":\"de\",\"@id\":\"https:\/\/www.wintersymposium.eu\/2026\/#\/schema\/logo\/image\/\",\"url\":\"https:\/\/www.wintersymposium.eu\/2026\/wp-content\/uploads\/WS-Logo-2024-1.png\",\"contentUrl\":\"https:\/\/www.wintersymposium.eu\/2026\/wp-content\/uploads\/WS-Logo-2024-1.png\",\"width\":550,\"height\":300,\"caption\":\"34. Wintersymposium 2026\"},\"image\":{\"@id\":\"https:\/\/www.wintersymposium.eu\/2026\/#\/schema\/logo\/image\/\"}}]}<\/script>\n<!-- \/ Yoast SEO plugin. -->","yoast_head_json":{"title":"Grusswort - 34. Wintersymposium 2026","robots":{"index":"index","follow":"follow","max-snippet":"max-snippet:-1","max-image-preview":"max-image-preview:large","max-video-preview":"max-video-preview:-1"},"canonical":"https:\/\/www.wintersymposium.eu\/2026\/grusswort\/","og_locale":"de_DE","og_type":"article","og_title":"Grusswort - 34. Wintersymposium 2026","og_description":"Grusswort Liebe Kolleginnen und Kollegen Nach einem restlos ausgebuchten und sehr interessantem Wintersymposium 2025 freue ich mich, Sie zum n\u00e4chsten Wintersymposium vom 10.-15. Januar 2026 einladen zu d\u00fcrfen. Wir haben wiederum Referentinnen und Referenten mit grosser klinischer Erfahrung eingeladen. Sie werden mit Ihnen in sehr praxisorientierten Vortr\u00e4gen und Seminare \/ Workshops ihr Wissen teilen. Traditionell [&hellip;]","og_url":"https:\/\/www.wintersymposium.eu\/2026\/grusswort\/","og_site_name":"34. Wintersymposium 2026","article_modified_time":"2025-05-22T12:07:29+00:00","og_image":[{"url":"https:\/\/www.wintersymposium.eu\/2026\/wp-content\/uploads\/van-Waes-Hubertus.jpg","type":"","width":"","height":""}],"twitter_card":"summary_large_image","twitter_misc":{"Gesch\u00e4tzte Lesezeit":"2\u00a0Minuten"},"schema":{"@context":"https:\/\/schema.org","@graph":[{"@type":"WebPage","@id":"https:\/\/www.wintersymposium.eu\/2026\/grusswort\/","url":"https:\/\/www.wintersymposium.eu\/2026\/grusswort\/","name":"Grusswort - 34. Wintersymposium 2026","isPartOf":{"@id":"https:\/\/www.wintersymposium.eu\/2026\/#website"},"primaryImageOfPage":{"@id":"https:\/\/www.wintersymposium.eu\/2026\/grusswort\/#primaryimage"},"image":{"@id":"https:\/\/www.wintersymposium.eu\/2026\/grusswort\/#primaryimage"},"thumbnailUrl":"https:\/\/www.wintersymposium.eu\/2026\/wp-content\/uploads\/van-Waes-Hubertus.jpg","datePublished":"2021-07-09T09:04:37+00:00","dateModified":"2025-05-22T12:07:29+00:00","breadcrumb":{"@id":"https:\/\/www.wintersymposium.eu\/2026\/grusswort\/#breadcrumb"},"inLanguage":"de","potentialAction":[{"@type":"ReadAction","target":["https:\/\/www.wintersymposium.eu\/2026\/grusswort\/"]}]},{"@type":"ImageObject","inLanguage":"de","@id":"https:\/\/www.wintersymposium.eu\/2026\/grusswort\/#primaryimage","url":"https:\/\/www.wintersymposium.eu\/2026\/wp-content\/uploads\/van-Waes-Hubertus.jpg","contentUrl":"https:\/\/www.wintersymposium.eu\/2026\/wp-content\/uploads\/van-Waes-Hubertus.jpg","width":200,"height":300},{"@type":"BreadcrumbList","@id":"https:\/\/www.wintersymposium.eu\/2026\/grusswort\/#breadcrumb","itemListElement":[{"@type":"ListItem","position":1,"name":"Startseite","item":"https:\/\/www.wintersymposium.eu\/2026\/"},{"@type":"ListItem","position":2,"name":"Grusswort"}]},{"@type":"WebSite","@id":"https:\/\/www.wintersymposium.eu\/2026\/#website","url":"https:\/\/www.wintersymposium.eu\/2026\/","name":"34. Wintersymposium 2026","description":"10.-15. Januar 2026, A-Going\/ Tirol, Kieferorthop\u00e4die und Kinderzahnmedizin f\u00fcr die t\u00e4gliche Praxis","publisher":{"@id":"https:\/\/www.wintersymposium.eu\/2026\/#organization"},"potentialAction":[{"@type":"SearchAction","target":{"@type":"EntryPoint","urlTemplate":"https:\/\/www.wintersymposium.eu\/2026\/?s={search_term_string}"},"query-input":{"@type":"PropertyValueSpecification","valueRequired":true,"valueName":"search_term_string"}}],"inLanguage":"de"},{"@type":"Organization","@id":"https:\/\/www.wintersymposium.eu\/2026\/#organization","name":"34. Wintersymposium 2026","url":"https:\/\/www.wintersymposium.eu\/2026\/","logo":{"@type":"ImageObject","inLanguage":"de","@id":"https:\/\/www.wintersymposium.eu\/2026\/#\/schema\/logo\/image\/","url":"https:\/\/www.wintersymposium.eu\/2026\/wp-content\/uploads\/WS-Logo-2024-1.png","contentUrl":"https:\/\/www.wintersymposium.eu\/2026\/wp-content\/uploads\/WS-Logo-2024-1.png","width":550,"height":300,"caption":"34. Wintersymposium 2026"},"image":{"@id":"https:\/\/www.wintersymposium.eu\/2026\/#\/schema\/logo\/image\/"}}]}},"_links":{"self":[{"href":"https:\/\/www.wintersymposium.eu\/2026\/wp-json\/wp\/v2\/pages\/2975","targetHints":{"allow":["GET"]}}],"collection":[{"href":"https:\/\/www.wintersymposium.eu\/2026\/wp-json\/wp\/v2\/pages"}],"about":[{"href":"https:\/\/www.wintersymposium.eu\/2026\/wp-json\/wp\/v2\/types\/page"}],"author":[{"embeddable":true,"href":"https:\/\/www.wintersymposium.eu\/2026\/wp-json\/wp\/v2\/users\/5"}],"replies":[{"embeddable":true,"href":"https:\/\/www.wintersymposium.eu\/2026\/wp-json\/wp\/v2\/comments?post=2975"}],"version-history":[{"count":0,"href":"https:\/\/www.wintersymposium.eu\/2026\/wp-json\/wp\/v2\/pages\/2975\/revisions"}],"wp:attachment":[{"href":"https:\/\/www.wintersymposium.eu\/2026\/wp-json\/wp\/v2\/media?parent=2975"}],"curies":[{"name":"wp","href":"https:\/\/api.w.org\/{rel}","templated":true}]}}