{"id":2996,"date":"2021-07-09T11:39:19","date_gmt":"2021-07-09T09:39:19","guid":{"rendered":"https:\/\/www.wintersymposium.eu\/2026\/?page_id=2996"},"modified":"2025-05-14T16:10:32","modified_gmt":"2025-05-14T14:10:32","slug":"themen-und-schwerpunkte","status":"publish","type":"page","link":"https:\/\/www.wintersymposium.eu\/2026\/programm\/themen-und-schwerpunkte\/","title":{"rendered":"Themen und Schwerpunkte"},"content":{"rendered":"\t\t<div data-elementor-type=\"wp-post\" data-elementor-id=\"2996\" class=\"elementor elementor-2996\" data-elementor-post-type=\"page\">\n\t\t\t\t\t\t<section class=\"elementor-section elementor-top-section elementor-element elementor-element-cd0ca43 elementor-section-boxed ang-section-padding-initial elementor-section-height-default elementor-section-height-default elementor-repeater-item-none elementor-repeater-item-none_hover\" data-id=\"cd0ca43\" data-element_type=\"section\" data-e-type=\"section\">\n\t\t\t\t\t\t<div class=\"elementor-container elementor-column-gap-default\">\n\t\t\t\t\t<div class=\"elementor-column elementor-col-100 elementor-top-column elementor-element elementor-element-5a8b576 elementor-repeater-item-none elementor-repeater-item-none_hover\" data-id=\"5a8b576\" data-element_type=\"column\" data-e-type=\"column\">\n\t\t\t<div class=\"elementor-widget-wrap elementor-element-populated\">\n\t\t\t\t\t\t<div class=\"elementor-element elementor-element-03f86ad elementor-widget__width-initial elementor-absolute elementor-widget-tablet__width-initial elementor-widget-mobile__width-initial animated-slow elementor-hidden-mobile elementor-repeater-item-none elementor-repeater-item-none_hover elementor-invisible elementor-widget elementor-widget-spacer\" data-id=\"03f86ad\" data-element_type=\"widget\" data-e-type=\"widget\" data-settings=\"{&quot;_position&quot;:&quot;absolute&quot;,&quot;motion_fx_motion_fx_scrolling&quot;:&quot;yes&quot;,&quot;motion_fx_translateX_effect&quot;:&quot;yes&quot;,&quot;motion_fx_translateX_speed&quot;:{&quot;unit&quot;:&quot;px&quot;,&quot;size&quot;:2,&quot;sizes&quot;:[]},&quot;motion_fx_devices&quot;:[&quot;desktop&quot;,&quot;tablet&quot;],&quot;motion_fx_translateX_direction&quot;:&quot;negative&quot;,&quot;_animation&quot;:&quot;fadeInRight&quot;,&quot;motion_fx_translateX_affectedRange&quot;:{&quot;unit&quot;:&quot;%&quot;,&quot;size&quot;:&quot;&quot;,&quot;sizes&quot;:{&quot;start&quot;:0,&quot;end&quot;:100}}}\" data-widget_type=\"spacer.default\">\n\t\t\t\t<div class=\"elementor-widget-container\">\n\t\t\t\t\t\t\t<div class=\"elementor-spacer\">\n\t\t\t<div class=\"elementor-spacer-inner\"><\/div>\n\t\t<\/div>\n\t\t\t\t\t\t<\/div>\n\t\t\t\t<\/div>\n\t\t\t\t<div class=\"elementor-element elementor-element-308fb7f elementor-repeater-item-none elementor-repeater-item-none_hover elementor-widget elementor-widget-heading\" data-id=\"308fb7f\" data-element_type=\"widget\" data-e-type=\"widget\" data-widget_type=\"heading.default\">\n\t\t\t\t<div class=\"elementor-widget-container\">\n\t\t\t\t\t<h1 class=\"elementor-heading-title elementor-size-default\">Themen und Schwerpunkte<\/h1>\t\t\t\t<\/div>\n\t\t\t\t<\/div>\n\t\t\t\t\t<\/div>\n\t\t<\/div>\n\t\t\t\t\t<\/div>\n\t\t<\/section>\n\t\t\t\t<section class=\"elementor-section elementor-top-section elementor-element elementor-element-e3d249b elementor-section-boxed ang-section-padding-initial elementor-section-height-default elementor-section-height-default elementor-repeater-item-none elementor-repeater-item-none_hover\" data-id=\"e3d249b\" data-element_type=\"section\" data-e-type=\"section\">\n\t\t\t\t\t\t<div class=\"elementor-container elementor-column-gap-default\">\n\t\t\t\t\t<div class=\"elementor-column elementor-col-100 elementor-top-column elementor-element elementor-element-fc60165 elementor-repeater-item-none elementor-repeater-item-none_hover\" data-id=\"fc60165\" data-element_type=\"column\" data-e-type=\"column\">\n\t\t\t<div class=\"elementor-widget-wrap elementor-element-populated\">\n\t\t\t\t\t\t<div class=\"elementor-element elementor-element-f7842a6 elementor-widget__width-initial elementor-absolute elementor-repeater-item-none elementor-repeater-item-none_hover elementor-widget elementor-widget-image-carousel\" data-id=\"f7842a6\" data-element_type=\"widget\" data-e-type=\"widget\" data-settings=\"{&quot;slides_to_show&quot;:&quot;2&quot;,&quot;navigation&quot;:&quot;none&quot;,&quot;speed&quot;:10000,&quot;autoplay_speed&quot;:2000,&quot;_position&quot;:&quot;absolute&quot;,&quot;pause_on_hover&quot;:&quot;no&quot;,&quot;pause_on_interaction&quot;:&quot;no&quot;,&quot;autoplay&quot;:&quot;yes&quot;,&quot;infinite&quot;:&quot;yes&quot;}\" data-widget_type=\"image-carousel.default\">\n\t\t\t\t<div class=\"elementor-widget-container\">\n\t\t\t\t\t\t\t<div class=\"elementor-image-carousel-wrapper swiper\" role=\"region\" aria-roledescription=\"carousel\" aria-label=\"Bilderkarussell\" dir=\"rtl\">\n\t\t\t<div class=\"elementor-image-carousel swiper-wrapper\" aria-live=\"off\">\n\t\t\t\t\t\t\t\t<div class=\"swiper-slide\" role=\"group\" aria-roledescription=\"slide\" aria-label=\"1 von 3\"><figure class=\"swiper-slide-inner\"><img decoding=\"async\" class=\"swiper-slide-image\" src=\"https:\/\/www.wintersymposium.eu\/2026\/wp-content\/uploads\/IMG_6637-kleiner.jpg\" alt=\"IMG_6637-kleiner\" \/><\/figure><\/div><div class=\"swiper-slide\" role=\"group\" aria-roledescription=\"slide\" aria-label=\"2 von 3\"><figure class=\"swiper-slide-inner\"><img decoding=\"async\" class=\"swiper-slide-image\" src=\"https:\/\/www.wintersymposium.eu\/2026\/wp-content\/uploads\/Schmelzflecken-Sven.jpg\" alt=\"Schmelzflecken Sven\" \/><\/figure><\/div><div class=\"swiper-slide\" role=\"group\" aria-roledescription=\"slide\" aria-label=\"3 von 3\"><figure class=\"swiper-slide-inner\"><img decoding=\"async\" class=\"swiper-slide-image\" src=\"https:\/\/www.wintersymposium.eu\/2026\/wp-content\/uploads\/Flieger-Sven.jpg\" alt=\"Flieger Sven\" \/><\/figure><\/div>\t\t\t<\/div>\n\t\t\t\t\t\t\t\n\t\t\t\t\t\t\t\t\t<\/div>\n\t\t\t\t\t\t<\/div>\n\t\t\t\t<\/div>\n\t\t\t\t\t<\/div>\n\t\t<\/div>\n\t\t\t\t\t<\/div>\n\t\t<\/section>\n\t\t\t\t<section class=\"elementor-section elementor-top-section elementor-element elementor-element-e08f017 elementor-section-boxed ang-section-padding-initial elementor-section-height-default elementor-section-height-default elementor-repeater-item-none elementor-repeater-item-none_hover\" data-id=\"e08f017\" data-element_type=\"section\" data-e-type=\"section\">\n\t\t\t\t\t\t<div class=\"elementor-container elementor-column-gap-default\">\n\t\t\t\t\t<div class=\"elementor-column elementor-col-100 elementor-top-column elementor-element elementor-element-b6b1a43 elementor-repeater-item-none elementor-repeater-item-none_hover\" data-id=\"b6b1a43\" data-element_type=\"column\" data-e-type=\"column\">\n\t\t\t<div class=\"elementor-widget-wrap elementor-element-populated\">\n\t\t\t\t\t\t<div class=\"elementor-element elementor-element-013d915 elementor-repeater-item-none elementor-repeater-item-none_hover elementor-widget elementor-widget-text-editor\" data-id=\"013d915\" data-element_type=\"widget\" data-e-type=\"widget\" data-widget_type=\"text-editor.default\">\n\t\t\t\t<div class=\"elementor-widget-container\">\n\t\t\t\t\t\t\t\t\t<p><span>Das Kursprogramm mit einem theoretischen sowie praktischen Teil umfasst folgende Schwerpunkt-Themen<\/span><\/p>\t\t\t\t\t\t\t\t<\/div>\n\t\t\t\t<\/div>\n\t\t\t\t<div class=\"elementor-element elementor-element-949a4da elementor-repeater-item-none elementor-repeater-item-none_hover elementor-widget elementor-widget-text-editor\" data-id=\"949a4da\" data-element_type=\"widget\" data-e-type=\"widget\" data-widget_type=\"text-editor.default\">\n\t\t\t\t<div class=\"elementor-widget-container\">\n\t\t\t\t\t\t\t\t\t<p><span>Ein Auszug:<\/span><\/p><ul><li>Dentale Traumatologie<\/li><li>Sportzahnmedizin<\/li><li>Restaurative Versorgung bei Zahnanomalien<\/li><li>Prothetische Versorgung bei Nichtanlagen<\/li><li>Endodontisch bedingte Zahnverf\u00e4rbungen<\/li><li>Zahnerhaltung extrem<\/li><li>Notf\u00e4lle P\u00e4diatrie<\/li><li>Basic Life Support bei Kindern<\/li><li>Infektiologie<\/li><li>Worte mit Wirkung: Hypnosebasierte Kommunikation<\/li><li>Die transversale Dimension im Kontext des Alters<\/li><li>Kieferorthop\u00e4dische L\u00f6sungen bei Nichtanlagen und persistierenden Milchz\u00e4hnen<\/li><li>Aktuelles aus der KZM-Forschung<\/li><\/ul>\t\t\t\t\t\t\t\t<\/div>\n\t\t\t\t<\/div>\n\t\t\t\t\t<\/div>\n\t\t<\/div>\n\t\t\t\t\t<\/div>\n\t\t<\/section>\n\t\t\t\t<\/div>\n\t\t","protected":false},"excerpt":{"rendered":"<p>Themen und Schwerpunkte Das Kursprogramm mit einem theoretischen sowie praktischen Teil umfasst folgende Schwerpunkt-Themen Ein Auszug: Dentale Traumatologie Sportzahnmedizin Restaurative Versorgung bei Zahnanomalien Prothetische Versorgung bei Nichtanlagen Endodontisch bedingte Zahnverf\u00e4rbungen Zahnerhaltung extrem Notf\u00e4lle P\u00e4diatrie Basic Life Support bei Kindern Infektiologie Worte mit Wirkung: Hypnosebasierte Kommunikation Die transversale Dimension im Kontext des Alters Kieferorthop\u00e4dische L\u00f6sungen bei [&hellip;]<\/p>\n","protected":false},"author":5,"featured_media":0,"parent":3358,"menu_order":3,"comment_status":"closed","ping_status":"closed","template":"","meta":{"footnotes":""},"class_list":["post-2996","page","type-page","status-publish","hentry"],"yoast_head":"<!-- This site is optimized with the Yoast SEO plugin v27.0 - https:\/\/yoast.com\/product\/yoast-seo-wordpress\/ -->\n<title>Themen und Schwerpunkte - 34. Wintersymposium 2026<\/title>\n<meta name=\"robots\" content=\"index, follow, max-snippet:-1, max-image-preview:large, max-video-preview:-1\" \/>\n<link rel=\"canonical\" href=\"https:\/\/www.wintersymposium.eu\/2026\/programm\/themen-und-schwerpunkte\/\" \/>\n<meta property=\"og:locale\" content=\"de_DE\" \/>\n<meta property=\"og:type\" content=\"article\" \/>\n<meta property=\"og:title\" content=\"Themen und Schwerpunkte - 34. Wintersymposium 2026\" \/>\n<meta property=\"og:description\" content=\"Themen und Schwerpunkte Das Kursprogramm mit einem theoretischen sowie praktischen Teil umfasst folgende Schwerpunkt-Themen Ein Auszug: Dentale Traumatologie Sportzahnmedizin Restaurative Versorgung bei Zahnanomalien Prothetische Versorgung bei Nichtanlagen Endodontisch bedingte Zahnverf\u00e4rbungen Zahnerhaltung extrem Notf\u00e4lle P\u00e4diatrie Basic Life Support bei Kindern Infektiologie Worte mit Wirkung: Hypnosebasierte Kommunikation Die transversale Dimension im Kontext des Alters Kieferorthop\u00e4dische L\u00f6sungen bei [&hellip;]\" \/>\n<meta property=\"og:url\" content=\"https:\/\/www.wintersymposium.eu\/2026\/programm\/themen-und-schwerpunkte\/\" \/>\n<meta property=\"og:site_name\" content=\"34. Wintersymposium 2026\" \/>\n<meta property=\"article:modified_time\" content=\"2025-05-14T14:10:32+00:00\" \/>\n<meta property=\"og:image\" content=\"https:\/\/www.wintersymposium.eu\/2026\/wp-content\/uploads\/IMG_6637-kleiner.jpg\" \/>\n<meta name=\"twitter:card\" content=\"summary_large_image\" \/>\n<meta name=\"twitter:label1\" content=\"Gesch\u00e4tzte Lesezeit\" \/>\n\t<meta name=\"twitter:data1\" content=\"2\u00a0Minuten\" \/>\n<script type=\"application\/ld+json\" class=\"yoast-schema-graph\">{\"@context\":\"https:\/\/schema.org\",\"@graph\":[{\"@type\":\"WebPage\",\"@id\":\"https:\/\/www.wintersymposium.eu\/2026\/programm\/themen-und-schwerpunkte\/\",\"url\":\"https:\/\/www.wintersymposium.eu\/2026\/programm\/themen-und-schwerpunkte\/\",\"name\":\"Themen und Schwerpunkte - 34. Wintersymposium 2026\",\"isPartOf\":{\"@id\":\"https:\/\/www.wintersymposium.eu\/2026\/#website\"},\"primaryImageOfPage\":{\"@id\":\"https:\/\/www.wintersymposium.eu\/2026\/programm\/themen-und-schwerpunkte\/#primaryimage\"},\"image\":{\"@id\":\"https:\/\/www.wintersymposium.eu\/2026\/programm\/themen-und-schwerpunkte\/#primaryimage\"},\"thumbnailUrl\":\"https:\/\/www.wintersymposium.eu\/2026\/wp-content\/uploads\/IMG_6637-kleiner.jpg\",\"datePublished\":\"2021-07-09T09:39:19+00:00\",\"dateModified\":\"2025-05-14T14:10:32+00:00\",\"breadcrumb\":{\"@id\":\"https:\/\/www.wintersymposium.eu\/2026\/programm\/themen-und-schwerpunkte\/#breadcrumb\"},\"inLanguage\":\"de\",\"potentialAction\":[{\"@type\":\"ReadAction\",\"target\":[\"https:\/\/www.wintersymposium.eu\/2026\/programm\/themen-und-schwerpunkte\/\"]}]},{\"@type\":\"ImageObject\",\"inLanguage\":\"de\",\"@id\":\"https:\/\/www.wintersymposium.eu\/2026\/programm\/themen-und-schwerpunkte\/#primaryimage\",\"url\":\"https:\/\/www.wintersymposium.eu\/2026\/wp-content\/uploads\/IMG_6637-kleiner.jpg\",\"contentUrl\":\"https:\/\/www.wintersymposium.eu\/2026\/wp-content\/uploads\/IMG_6637-kleiner.jpg\",\"width\":2412,\"height\":1357},{\"@type\":\"BreadcrumbList\",\"@id\":\"https:\/\/www.wintersymposium.eu\/2026\/programm\/themen-und-schwerpunkte\/#breadcrumb\",\"itemListElement\":[{\"@type\":\"ListItem\",\"position\":1,\"name\":\"Startseite\",\"item\":\"https:\/\/www.wintersymposium.eu\/2026\/\"},{\"@type\":\"ListItem\",\"position\":2,\"name\":\"Privat: Programm\",\"item\":\"https:\/\/www.wintersymposium.eu\/2026\/?page_id=3358\"},{\"@type\":\"ListItem\",\"position\":3,\"name\":\"Themen und Schwerpunkte\"}]},{\"@type\":\"WebSite\",\"@id\":\"https:\/\/www.wintersymposium.eu\/2026\/#website\",\"url\":\"https:\/\/www.wintersymposium.eu\/2026\/\",\"name\":\"34. Wintersymposium 2026\",\"description\":\"10.-15. Januar 2026, A-Going\/ Tirol, Kieferorthop\u00e4die und Kinderzahnmedizin f\u00fcr die t\u00e4gliche Praxis\",\"publisher\":{\"@id\":\"https:\/\/www.wintersymposium.eu\/2026\/#organization\"},\"potentialAction\":[{\"@type\":\"SearchAction\",\"target\":{\"@type\":\"EntryPoint\",\"urlTemplate\":\"https:\/\/www.wintersymposium.eu\/2026\/?s={search_term_string}\"},\"query-input\":{\"@type\":\"PropertyValueSpecification\",\"valueRequired\":true,\"valueName\":\"search_term_string\"}}],\"inLanguage\":\"de\"},{\"@type\":\"Organization\",\"@id\":\"https:\/\/www.wintersymposium.eu\/2026\/#organization\",\"name\":\"34. Wintersymposium 2026\",\"url\":\"https:\/\/www.wintersymposium.eu\/2026\/\",\"logo\":{\"@type\":\"ImageObject\",\"inLanguage\":\"de\",\"@id\":\"https:\/\/www.wintersymposium.eu\/2026\/#\/schema\/logo\/image\/\",\"url\":\"https:\/\/www.wintersymposium.eu\/2026\/wp-content\/uploads\/WS-Logo-2024-1.png\",\"contentUrl\":\"https:\/\/www.wintersymposium.eu\/2026\/wp-content\/uploads\/WS-Logo-2024-1.png\",\"width\":550,\"height\":300,\"caption\":\"34. Wintersymposium 2026\"},\"image\":{\"@id\":\"https:\/\/www.wintersymposium.eu\/2026\/#\/schema\/logo\/image\/\"}}]}<\/script>\n<!-- \/ Yoast SEO plugin. -->","yoast_head_json":{"title":"Themen und Schwerpunkte - 34. Wintersymposium 2026","robots":{"index":"index","follow":"follow","max-snippet":"max-snippet:-1","max-image-preview":"max-image-preview:large","max-video-preview":"max-video-preview:-1"},"canonical":"https:\/\/www.wintersymposium.eu\/2026\/programm\/themen-und-schwerpunkte\/","og_locale":"de_DE","og_type":"article","og_title":"Themen und Schwerpunkte - 34. Wintersymposium 2026","og_description":"Themen und Schwerpunkte Das Kursprogramm mit einem theoretischen sowie praktischen Teil umfasst folgende Schwerpunkt-Themen Ein Auszug: Dentale Traumatologie Sportzahnmedizin Restaurative Versorgung bei Zahnanomalien Prothetische Versorgung bei Nichtanlagen Endodontisch bedingte Zahnverf\u00e4rbungen Zahnerhaltung extrem Notf\u00e4lle P\u00e4diatrie Basic Life Support bei Kindern Infektiologie Worte mit Wirkung: Hypnosebasierte Kommunikation Die transversale Dimension im Kontext des Alters Kieferorthop\u00e4dische L\u00f6sungen bei [&hellip;]","og_url":"https:\/\/www.wintersymposium.eu\/2026\/programm\/themen-und-schwerpunkte\/","og_site_name":"34. Wintersymposium 2026","article_modified_time":"2025-05-14T14:10:32+00:00","og_image":[{"url":"https:\/\/www.wintersymposium.eu\/2026\/wp-content\/uploads\/IMG_6637-kleiner.jpg","type":"","width":"","height":""}],"twitter_card":"summary_large_image","twitter_misc":{"Gesch\u00e4tzte Lesezeit":"2\u00a0Minuten"},"schema":{"@context":"https:\/\/schema.org","@graph":[{"@type":"WebPage","@id":"https:\/\/www.wintersymposium.eu\/2026\/programm\/themen-und-schwerpunkte\/","url":"https:\/\/www.wintersymposium.eu\/2026\/programm\/themen-und-schwerpunkte\/","name":"Themen und Schwerpunkte - 34. Wintersymposium 2026","isPartOf":{"@id":"https:\/\/www.wintersymposium.eu\/2026\/#website"},"primaryImageOfPage":{"@id":"https:\/\/www.wintersymposium.eu\/2026\/programm\/themen-und-schwerpunkte\/#primaryimage"},"image":{"@id":"https:\/\/www.wintersymposium.eu\/2026\/programm\/themen-und-schwerpunkte\/#primaryimage"},"thumbnailUrl":"https:\/\/www.wintersymposium.eu\/2026\/wp-content\/uploads\/IMG_6637-kleiner.jpg","datePublished":"2021-07-09T09:39:19+00:00","dateModified":"2025-05-14T14:10:32+00:00","breadcrumb":{"@id":"https:\/\/www.wintersymposium.eu\/2026\/programm\/themen-und-schwerpunkte\/#breadcrumb"},"inLanguage":"de","potentialAction":[{"@type":"ReadAction","target":["https:\/\/www.wintersymposium.eu\/2026\/programm\/themen-und-schwerpunkte\/"]}]},{"@type":"ImageObject","inLanguage":"de","@id":"https:\/\/www.wintersymposium.eu\/2026\/programm\/themen-und-schwerpunkte\/#primaryimage","url":"https:\/\/www.wintersymposium.eu\/2026\/wp-content\/uploads\/IMG_6637-kleiner.jpg","contentUrl":"https:\/\/www.wintersymposium.eu\/2026\/wp-content\/uploads\/IMG_6637-kleiner.jpg","width":2412,"height":1357},{"@type":"BreadcrumbList","@id":"https:\/\/www.wintersymposium.eu\/2026\/programm\/themen-und-schwerpunkte\/#breadcrumb","itemListElement":[{"@type":"ListItem","position":1,"name":"Startseite","item":"https:\/\/www.wintersymposium.eu\/2026\/"},{"@type":"ListItem","position":2,"name":"Privat: Programm","item":"https:\/\/www.wintersymposium.eu\/2026\/?page_id=3358"},{"@type":"ListItem","position":3,"name":"Themen und Schwerpunkte"}]},{"@type":"WebSite","@id":"https:\/\/www.wintersymposium.eu\/2026\/#website","url":"https:\/\/www.wintersymposium.eu\/2026\/","name":"34. Wintersymposium 2026","description":"10.-15. Januar 2026, A-Going\/ Tirol, Kieferorthop\u00e4die und Kinderzahnmedizin f\u00fcr die t\u00e4gliche Praxis","publisher":{"@id":"https:\/\/www.wintersymposium.eu\/2026\/#organization"},"potentialAction":[{"@type":"SearchAction","target":{"@type":"EntryPoint","urlTemplate":"https:\/\/www.wintersymposium.eu\/2026\/?s={search_term_string}"},"query-input":{"@type":"PropertyValueSpecification","valueRequired":true,"valueName":"search_term_string"}}],"inLanguage":"de"},{"@type":"Organization","@id":"https:\/\/www.wintersymposium.eu\/2026\/#organization","name":"34. Wintersymposium 2026","url":"https:\/\/www.wintersymposium.eu\/2026\/","logo":{"@type":"ImageObject","inLanguage":"de","@id":"https:\/\/www.wintersymposium.eu\/2026\/#\/schema\/logo\/image\/","url":"https:\/\/www.wintersymposium.eu\/2026\/wp-content\/uploads\/WS-Logo-2024-1.png","contentUrl":"https:\/\/www.wintersymposium.eu\/2026\/wp-content\/uploads\/WS-Logo-2024-1.png","width":550,"height":300,"caption":"34. Wintersymposium 2026"},"image":{"@id":"https:\/\/www.wintersymposium.eu\/2026\/#\/schema\/logo\/image\/"}}]}},"_links":{"self":[{"href":"https:\/\/www.wintersymposium.eu\/2026\/wp-json\/wp\/v2\/pages\/2996","targetHints":{"allow":["GET"]}}],"collection":[{"href":"https:\/\/www.wintersymposium.eu\/2026\/wp-json\/wp\/v2\/pages"}],"about":[{"href":"https:\/\/www.wintersymposium.eu\/2026\/wp-json\/wp\/v2\/types\/page"}],"author":[{"embeddable":true,"href":"https:\/\/www.wintersymposium.eu\/2026\/wp-json\/wp\/v2\/users\/5"}],"replies":[{"embeddable":true,"href":"https:\/\/www.wintersymposium.eu\/2026\/wp-json\/wp\/v2\/comments?post=2996"}],"version-history":[{"count":0,"href":"https:\/\/www.wintersymposium.eu\/2026\/wp-json\/wp\/v2\/pages\/2996\/revisions"}],"up":[{"embeddable":true,"href":"https:\/\/www.wintersymposium.eu\/2026\/wp-json\/wp\/v2\/pages\/3358"}],"wp:attachment":[{"href":"https:\/\/www.wintersymposium.eu\/2026\/wp-json\/wp\/v2\/media?parent=2996"}],"curies":[{"name":"wp","href":"https:\/\/api.w.org\/{rel}","templated":true}]}}