{"id":5563,"date":"2023-02-21T15:50:00","date_gmt":"2023-02-21T14:50:00","guid":{"rendered":"https:\/\/www.wintersymposium.eu\/2026\/?page_id=5563"},"modified":"2025-05-22T14:04:14","modified_gmt":"2025-05-22T12:04:14","slug":"willkommen","status":"publish","type":"page","link":"https:\/\/www.wintersymposium.eu\/2026\/","title":{"rendered":"Willkommen"},"content":{"rendered":"\t\t<div data-elementor-type=\"wp-page\" data-elementor-id=\"5563\" class=\"elementor elementor-5563\" data-elementor-post-type=\"page\">\n\t\t\t\t\t\t<section class=\"elementor-section elementor-top-section elementor-element elementor-element-e2f4233 elementor-section-full_width ang-section-padding-initial elementor-section-height-default elementor-section-height-default elementor-repeater-item-none elementor-repeater-item-none_hover\" data-id=\"e2f4233\" data-element_type=\"section\" data-e-type=\"section\">\n\t\t\t\t\t\t<div class=\"elementor-container elementor-column-gap-default\">\n\t\t\t\t\t<main class=\"elementor-column elementor-col-50 elementor-top-column elementor-element elementor-element-5e0a11d elementor-repeater-item-none elementor-repeater-item-none_hover\" data-id=\"5e0a11d\" data-element_type=\"column\" data-e-type=\"column\" data-settings=\"{&quot;background_background&quot;:&quot;gradient&quot;}\">\n\t\t\t<div class=\"elementor-widget-wrap elementor-element-populated\">\n\t\t\t\t\t\t<div class=\"elementor-element elementor-element-13cc985 elementor-repeater-item-none elementor-repeater-item-none_hover elementor-widget elementor-widget-image-carousel\" data-id=\"13cc985\" data-element_type=\"widget\" data-e-type=\"widget\" data-settings=\"{&quot;slides_to_show&quot;:&quot;1&quot;,&quot;navigation&quot;:&quot;none&quot;,&quot;effect&quot;:&quot;fade&quot;,&quot;speed&quot;:2000,&quot;autoplay&quot;:&quot;yes&quot;,&quot;pause_on_hover&quot;:&quot;yes&quot;,&quot;pause_on_interaction&quot;:&quot;yes&quot;,&quot;autoplay_speed&quot;:5000,&quot;infinite&quot;:&quot;yes&quot;}\" data-widget_type=\"image-carousel.default\">\n\t\t\t\t<div class=\"elementor-widget-container\">\n\t\t\t\t\t\t\t<div class=\"elementor-image-carousel-wrapper swiper\" role=\"region\" aria-roledescription=\"carousel\" aria-label=\"Bilderkarussell\" dir=\"ltr\">\n\t\t\t<div class=\"elementor-image-carousel swiper-wrapper\" aria-live=\"off\">\n\t\t\t\t\t\t\t\t<div class=\"swiper-slide\" role=\"group\" aria-roledescription=\"slide\" aria-label=\"1 von 3\"><figure class=\"swiper-slide-inner\"><img decoding=\"async\" class=\"swiper-slide-image\" src=\"https:\/\/www.wintersymposium.eu\/2026\/wp-content\/uploads\/Slider2026_1.jpg\" alt=\"Slider2026_1\" \/><\/figure><\/div><div class=\"swiper-slide\" role=\"group\" aria-roledescription=\"slide\" aria-label=\"2 von 3\"><figure class=\"swiper-slide-inner\"><img decoding=\"async\" class=\"swiper-slide-image\" src=\"https:\/\/www.wintersymposium.eu\/2026\/wp-content\/uploads\/Slider2026_2.jpg\" alt=\"Slider2026_2\" \/><\/figure><\/div><div class=\"swiper-slide\" role=\"group\" aria-roledescription=\"slide\" aria-label=\"3 von 3\"><figure class=\"swiper-slide-inner\"><img decoding=\"async\" class=\"swiper-slide-image\" src=\"https:\/\/www.wintersymposium.eu\/2026\/wp-content\/uploads\/Slider2026_3.jpg\" alt=\"Slider2026_3\" \/><\/figure><\/div>\t\t\t<\/div>\n\t\t\t\t\t\t\t\n\t\t\t\t\t\t\t\t\t<\/div>\n\t\t\t\t\t\t<\/div>\n\t\t\t\t<\/div>\n\t\t\t\t\t<\/div>\n\t\t<\/main>\n\t\t\t\t<div class=\"elementor-column elementor-col-50 elementor-top-column elementor-element elementor-element-306e1b2 elementor-repeater-item-none elementor-repeater-item-none_hover\" data-id=\"306e1b2\" data-element_type=\"column\" data-e-type=\"column\" data-settings=\"{&quot;background_background&quot;:&quot;gradient&quot;}\">\n\t\t\t<div class=\"elementor-widget-wrap elementor-element-populated\">\n\t\t\t\t\t\t<div class=\"elementor-element elementor-element-19304e9 elementor-hidden-desktop elementor-hidden-tablet elementor-hidden-mobile elementor-repeater-item-none elementor-repeater-item-none_hover elementor-widget elementor-widget-text-editor\" data-id=\"19304e9\" data-element_type=\"widget\" data-e-type=\"widget\" data-widget_type=\"text-editor.default\">\n\t\t\t\t<div class=\"elementor-widget-container\">\n\t\t\t\t\t\t\t\t\t<p><strong>Wichtige Termine:<\/strong><\/p><p><strong>11.-16. Januar 2025<\/strong><br \/>33. Wintersymposium 2025 <br \/><!--<br \/><strong>Ausverkauftes Symposium - Aufnahme in die Warteliste m\u00f6glich<\/strong><br \/>Bitte klicken Sie <span style=\"text-decoration: underline;\"><a href=\"https:\/\/www.wintersymposium.eu\/2026\/anmeldung\/\">hier<\/a><\/span>.<br \/>--><\/p><p><strong>Ausverkauftes Symposium &#8211; Aufnahme in die Warteliste m\u00f6glich<\/strong><br \/>Bitte klicken Sie <span><a href=\"https:\/\/www.wintersymposium.eu\/2026\/anmeldung\/\">hier<\/a><\/span>.<\/p>\t\t\t\t\t\t\t\t<\/div>\n\t\t\t\t<\/div>\n\t\t\t\t<div class=\"elementor-element elementor-element-56ec47d elementor-repeater-item-none elementor-repeater-item-none_hover elementor-widget elementor-widget-text-editor\" data-id=\"56ec47d\" data-element_type=\"widget\" data-e-type=\"widget\" data-widget_type=\"text-editor.default\">\n\t\t\t\t<div class=\"elementor-widget-container\">\n\t\t\t\t\t\t\t\t\t<p>\u2022 Kieferorthop\u00e4die<br \/>\u2022 Kinderzahnmedizin<br \/>\u2022 13 Experten<br \/>\u2022 19 Vortr\u00e4ge<br \/>\u2022 6 Workshops<br \/>\u2022 praxisorientierte Themen<br \/>\u2022 Industrie-Ausstellung<br \/>\u2022 6 Tage<\/p>\t\t\t\t\t\t\t\t<\/div>\n\t\t\t\t<\/div>\n\t\t\t\t\t<\/div>\n\t\t<\/div>\n\t\t\t\t\t<\/div>\n\t\t<\/section>\n\t\t\t\t<\/div>\n\t\t","protected":false},"excerpt":{"rendered":"<p>Wichtige Termine: 11.-16. Januar 202533. Wintersymposium 2025 Ausverkauftes Symposium &#8211; Aufnahme in die Warteliste m\u00f6glichBitte klicken Sie hier. \u2022 Kieferorthop\u00e4die\u2022 Kinderzahnmedizin\u2022 13 Experten\u2022 19 Vortr\u00e4ge\u2022 6 Workshops\u2022 praxisorientierte Themen\u2022 Industrie-Ausstellung\u2022 6 Tage<\/p>\n","protected":false},"author":5,"featured_media":0,"parent":0,"menu_order":0,"comment_status":"closed","ping_status":"closed","template":"elementor_header_footer","meta":{"footnotes":""},"class_list":["post-5563","page","type-page","status-publish","hentry"],"yoast_head":"<!-- This site is optimized with the Yoast SEO plugin v27.0 - https:\/\/yoast.com\/product\/yoast-seo-wordpress\/ -->\n<title>Willkommen - 34. Wintersymposium 2026<\/title>\n<meta name=\"robots\" content=\"index, follow, max-snippet:-1, max-image-preview:large, max-video-preview:-1\" \/>\n<link rel=\"canonical\" href=\"https:\/\/www.wintersymposium.eu\/2026\/\" \/>\n<meta property=\"og:locale\" content=\"de_DE\" \/>\n<meta property=\"og:type\" content=\"article\" \/>\n<meta property=\"og:title\" content=\"Willkommen - 34. Wintersymposium 2026\" \/>\n<meta property=\"og:description\" content=\"Wichtige Termine: 11.-16. Januar 202533. Wintersymposium 2025 Ausverkauftes Symposium &#8211; Aufnahme in die Warteliste m\u00f6glichBitte klicken Sie hier. \u2022 Kieferorthop\u00e4die\u2022 Kinderzahnmedizin\u2022 13 Experten\u2022 19 Vortr\u00e4ge\u2022 6 Workshops\u2022 praxisorientierte Themen\u2022 Industrie-Ausstellung\u2022 6 Tage\" \/>\n<meta property=\"og:url\" content=\"https:\/\/www.wintersymposium.eu\/2026\/\" \/>\n<meta property=\"og:site_name\" content=\"34. Wintersymposium 2026\" \/>\n<meta property=\"article:modified_time\" content=\"2025-05-22T12:04:14+00:00\" \/>\n<meta property=\"og:image\" content=\"https:\/\/www.wintersymposium.eu\/2026\/wp-content\/uploads\/Slider2026_1.jpg\" \/>\n<meta name=\"twitter:card\" content=\"summary_large_image\" \/>\n<meta name=\"twitter:label1\" content=\"Gesch\u00e4tzte Lesezeit\" \/>\n\t<meta name=\"twitter:data1\" content=\"2\u00a0Minuten\" \/>\n<script type=\"application\/ld+json\" class=\"yoast-schema-graph\">{\"@context\":\"https:\/\/schema.org\",\"@graph\":[{\"@type\":\"WebPage\",\"@id\":\"https:\/\/www.wintersymposium.eu\/2026\/\",\"url\":\"https:\/\/www.wintersymposium.eu\/2026\/\",\"name\":\"Willkommen - 34. Wintersymposium 2026\",\"isPartOf\":{\"@id\":\"https:\/\/www.wintersymposium.eu\/2026\/#website\"},\"primaryImageOfPage\":{\"@id\":\"https:\/\/www.wintersymposium.eu\/2026\/#primaryimage\"},\"image\":{\"@id\":\"https:\/\/www.wintersymposium.eu\/2026\/#primaryimage\"},\"thumbnailUrl\":\"https:\/\/www.wintersymposium.eu\/2026\/wp-content\/uploads\/Slider2026_1.jpg\",\"datePublished\":\"2023-02-21T14:50:00+00:00\",\"dateModified\":\"2025-05-22T12:04:14+00:00\",\"breadcrumb\":{\"@id\":\"https:\/\/www.wintersymposium.eu\/2026\/#breadcrumb\"},\"inLanguage\":\"de\",\"potentialAction\":[{\"@type\":\"ReadAction\",\"target\":[\"https:\/\/www.wintersymposium.eu\/2026\/\"]}]},{\"@type\":\"ImageObject\",\"inLanguage\":\"de\",\"@id\":\"https:\/\/www.wintersymposium.eu\/2026\/#primaryimage\",\"url\":\"https:\/\/www.wintersymposium.eu\/2026\/wp-content\/uploads\/Slider2026_1.jpg\",\"contentUrl\":\"https:\/\/www.wintersymposium.eu\/2026\/wp-content\/uploads\/Slider2026_1.jpg\",\"width\":1478,\"height\":853},{\"@type\":\"BreadcrumbList\",\"@id\":\"https:\/\/www.wintersymposium.eu\/2026\/#breadcrumb\",\"itemListElement\":[{\"@type\":\"ListItem\",\"position\":1,\"name\":\"Startseite\",\"item\":\"https:\/\/www.wintersymposium.eu\/2026\/\"},{\"@type\":\"ListItem\",\"position\":2,\"name\":\"Willkommen\"}]},{\"@type\":\"WebSite\",\"@id\":\"https:\/\/www.wintersymposium.eu\/2026\/#website\",\"url\":\"https:\/\/www.wintersymposium.eu\/2026\/\",\"name\":\"34. Wintersymposium 2026\",\"description\":\"10.-15. Januar 2026, A-Going\/ Tirol, Kieferorthop\u00e4die und Kinderzahnmedizin f\u00fcr die t\u00e4gliche Praxis\",\"publisher\":{\"@id\":\"https:\/\/www.wintersymposium.eu\/2026\/#organization\"},\"potentialAction\":[{\"@type\":\"SearchAction\",\"target\":{\"@type\":\"EntryPoint\",\"urlTemplate\":\"https:\/\/www.wintersymposium.eu\/2026\/?s={search_term_string}\"},\"query-input\":{\"@type\":\"PropertyValueSpecification\",\"valueRequired\":true,\"valueName\":\"search_term_string\"}}],\"inLanguage\":\"de\"},{\"@type\":\"Organization\",\"@id\":\"https:\/\/www.wintersymposium.eu\/2026\/#organization\",\"name\":\"34. Wintersymposium 2026\",\"url\":\"https:\/\/www.wintersymposium.eu\/2026\/\",\"logo\":{\"@type\":\"ImageObject\",\"inLanguage\":\"de\",\"@id\":\"https:\/\/www.wintersymposium.eu\/2026\/#\/schema\/logo\/image\/\",\"url\":\"https:\/\/www.wintersymposium.eu\/2026\/wp-content\/uploads\/WS-Logo-2024-1.png\",\"contentUrl\":\"https:\/\/www.wintersymposium.eu\/2026\/wp-content\/uploads\/WS-Logo-2024-1.png\",\"width\":550,\"height\":300,\"caption\":\"34. Wintersymposium 2026\"},\"image\":{\"@id\":\"https:\/\/www.wintersymposium.eu\/2026\/#\/schema\/logo\/image\/\"}}]}<\/script>\n<!-- \/ Yoast SEO plugin. -->","yoast_head_json":{"title":"Willkommen - 34. Wintersymposium 2026","robots":{"index":"index","follow":"follow","max-snippet":"max-snippet:-1","max-image-preview":"max-image-preview:large","max-video-preview":"max-video-preview:-1"},"canonical":"https:\/\/www.wintersymposium.eu\/2026\/","og_locale":"de_DE","og_type":"article","og_title":"Willkommen - 34. Wintersymposium 2026","og_description":"Wichtige Termine: 11.-16. Januar 202533. Wintersymposium 2025 Ausverkauftes Symposium &#8211; Aufnahme in die Warteliste m\u00f6glichBitte klicken Sie hier. \u2022 Kieferorthop\u00e4die\u2022 Kinderzahnmedizin\u2022 13 Experten\u2022 19 Vortr\u00e4ge\u2022 6 Workshops\u2022 praxisorientierte Themen\u2022 Industrie-Ausstellung\u2022 6 Tage","og_url":"https:\/\/www.wintersymposium.eu\/2026\/","og_site_name":"34. Wintersymposium 2026","article_modified_time":"2025-05-22T12:04:14+00:00","og_image":[{"url":"https:\/\/www.wintersymposium.eu\/2026\/wp-content\/uploads\/Slider2026_1.jpg","type":"","width":"","height":""}],"twitter_card":"summary_large_image","twitter_misc":{"Gesch\u00e4tzte Lesezeit":"2\u00a0Minuten"},"schema":{"@context":"https:\/\/schema.org","@graph":[{"@type":"WebPage","@id":"https:\/\/www.wintersymposium.eu\/2026\/","url":"https:\/\/www.wintersymposium.eu\/2026\/","name":"Willkommen - 34. Wintersymposium 2026","isPartOf":{"@id":"https:\/\/www.wintersymposium.eu\/2026\/#website"},"primaryImageOfPage":{"@id":"https:\/\/www.wintersymposium.eu\/2026\/#primaryimage"},"image":{"@id":"https:\/\/www.wintersymposium.eu\/2026\/#primaryimage"},"thumbnailUrl":"https:\/\/www.wintersymposium.eu\/2026\/wp-content\/uploads\/Slider2026_1.jpg","datePublished":"2023-02-21T14:50:00+00:00","dateModified":"2025-05-22T12:04:14+00:00","breadcrumb":{"@id":"https:\/\/www.wintersymposium.eu\/2026\/#breadcrumb"},"inLanguage":"de","potentialAction":[{"@type":"ReadAction","target":["https:\/\/www.wintersymposium.eu\/2026\/"]}]},{"@type":"ImageObject","inLanguage":"de","@id":"https:\/\/www.wintersymposium.eu\/2026\/#primaryimage","url":"https:\/\/www.wintersymposium.eu\/2026\/wp-content\/uploads\/Slider2026_1.jpg","contentUrl":"https:\/\/www.wintersymposium.eu\/2026\/wp-content\/uploads\/Slider2026_1.jpg","width":1478,"height":853},{"@type":"BreadcrumbList","@id":"https:\/\/www.wintersymposium.eu\/2026\/#breadcrumb","itemListElement":[{"@type":"ListItem","position":1,"name":"Startseite","item":"https:\/\/www.wintersymposium.eu\/2026\/"},{"@type":"ListItem","position":2,"name":"Willkommen"}]},{"@type":"WebSite","@id":"https:\/\/www.wintersymposium.eu\/2026\/#website","url":"https:\/\/www.wintersymposium.eu\/2026\/","name":"34. Wintersymposium 2026","description":"10.-15. Januar 2026, A-Going\/ Tirol, Kieferorthop\u00e4die und Kinderzahnmedizin f\u00fcr die t\u00e4gliche Praxis","publisher":{"@id":"https:\/\/www.wintersymposium.eu\/2026\/#organization"},"potentialAction":[{"@type":"SearchAction","target":{"@type":"EntryPoint","urlTemplate":"https:\/\/www.wintersymposium.eu\/2026\/?s={search_term_string}"},"query-input":{"@type":"PropertyValueSpecification","valueRequired":true,"valueName":"search_term_string"}}],"inLanguage":"de"},{"@type":"Organization","@id":"https:\/\/www.wintersymposium.eu\/2026\/#organization","name":"34. Wintersymposium 2026","url":"https:\/\/www.wintersymposium.eu\/2026\/","logo":{"@type":"ImageObject","inLanguage":"de","@id":"https:\/\/www.wintersymposium.eu\/2026\/#\/schema\/logo\/image\/","url":"https:\/\/www.wintersymposium.eu\/2026\/wp-content\/uploads\/WS-Logo-2024-1.png","contentUrl":"https:\/\/www.wintersymposium.eu\/2026\/wp-content\/uploads\/WS-Logo-2024-1.png","width":550,"height":300,"caption":"34. Wintersymposium 2026"},"image":{"@id":"https:\/\/www.wintersymposium.eu\/2026\/#\/schema\/logo\/image\/"}}]}},"_links":{"self":[{"href":"https:\/\/www.wintersymposium.eu\/2026\/wp-json\/wp\/v2\/pages\/5563","targetHints":{"allow":["GET"]}}],"collection":[{"href":"https:\/\/www.wintersymposium.eu\/2026\/wp-json\/wp\/v2\/pages"}],"about":[{"href":"https:\/\/www.wintersymposium.eu\/2026\/wp-json\/wp\/v2\/types\/page"}],"author":[{"embeddable":true,"href":"https:\/\/www.wintersymposium.eu\/2026\/wp-json\/wp\/v2\/users\/5"}],"replies":[{"embeddable":true,"href":"https:\/\/www.wintersymposium.eu\/2026\/wp-json\/wp\/v2\/comments?post=5563"}],"version-history":[{"count":0,"href":"https:\/\/www.wintersymposium.eu\/2026\/wp-json\/wp\/v2\/pages\/5563\/revisions"}],"wp:attachment":[{"href":"https:\/\/www.wintersymposium.eu\/2026\/wp-json\/wp\/v2\/media?parent=5563"}],"curies":[{"name":"wp","href":"https:\/\/api.w.org\/{rel}","templated":true}]}}