{"id":5645,"date":"2023-06-07T12:51:48","date_gmt":"2023-06-07T10:51:48","guid":{"rendered":"https:\/\/www.wintersymposium.eu\/2026\/?page_id=5645"},"modified":"2025-05-15T11:39:25","modified_gmt":"2025-05-15T09:39:25","slug":"agb","status":"publish","type":"page","link":"https:\/\/www.wintersymposium.eu\/2026\/agb\/","title":{"rendered":"AGB"},"content":{"rendered":"\t\t<div data-elementor-type=\"wp-page\" data-elementor-id=\"5645\" class=\"elementor elementor-5645\" data-elementor-post-type=\"page\">\n\t\t\t\t\t\t<section class=\"elementor-section elementor-top-section elementor-element elementor-element-a23f190 elementor-section-boxed ang-section-padding-initial elementor-section-height-default elementor-section-height-default elementor-repeater-item-none elementor-repeater-item-none_hover\" data-id=\"a23f190\" data-element_type=\"section\" data-e-type=\"section\">\n\t\t\t\t\t\t<div class=\"elementor-container elementor-column-gap-default\">\n\t\t\t\t\t<div class=\"elementor-column elementor-col-100 elementor-top-column elementor-element elementor-element-cc23592 elementor-repeater-item-none elementor-repeater-item-none_hover\" data-id=\"cc23592\" data-element_type=\"column\" data-e-type=\"column\">\n\t\t\t<div class=\"elementor-widget-wrap elementor-element-populated\">\n\t\t\t\t\t\t<div class=\"elementor-element elementor-element-a7417e3 elementor-widget__width-initial elementor-absolute elementor-widget-tablet__width-initial elementor-widget-mobile__width-initial animated-slow elementor-hidden-mobile elementor-repeater-item-none elementor-repeater-item-none_hover elementor-invisible elementor-widget elementor-widget-spacer\" data-id=\"a7417e3\" data-element_type=\"widget\" data-e-type=\"widget\" data-settings=\"{&quot;_position&quot;:&quot;absolute&quot;,&quot;motion_fx_motion_fx_scrolling&quot;:&quot;yes&quot;,&quot;motion_fx_translateX_effect&quot;:&quot;yes&quot;,&quot;motion_fx_translateX_speed&quot;:{&quot;unit&quot;:&quot;px&quot;,&quot;size&quot;:2,&quot;sizes&quot;:[]},&quot;motion_fx_devices&quot;:[&quot;desktop&quot;,&quot;tablet&quot;],&quot;motion_fx_translateX_direction&quot;:&quot;negative&quot;,&quot;_animation&quot;:&quot;fadeInRight&quot;,&quot;motion_fx_translateX_affectedRange&quot;:{&quot;unit&quot;:&quot;%&quot;,&quot;size&quot;:&quot;&quot;,&quot;sizes&quot;:{&quot;start&quot;:0,&quot;end&quot;:100}}}\" data-widget_type=\"spacer.default\">\n\t\t\t\t<div class=\"elementor-widget-container\">\n\t\t\t\t\t\t\t<div class=\"elementor-spacer\">\n\t\t\t<div class=\"elementor-spacer-inner\"><\/div>\n\t\t<\/div>\n\t\t\t\t\t\t<\/div>\n\t\t\t\t<\/div>\n\t\t\t\t<div class=\"elementor-element elementor-element-86947fe animated-slow elementor-repeater-item-none elementor-repeater-item-none_hover elementor-widget elementor-widget-heading\" data-id=\"86947fe\" data-element_type=\"widget\" data-e-type=\"widget\" data-settings=\"{&quot;_animation&quot;:&quot;none&quot;}\" data-widget_type=\"heading.default\">\n\t\t\t\t<div class=\"elementor-widget-container\">\n\t\t\t\t\t<h1 class=\"elementor-heading-title elementor-size-default\">Allgemeine Gesch\u00e4ftsbedingungen<br>des 34. Wintersymposiums 2026<\/h1>\t\t\t\t<\/div>\n\t\t\t\t<\/div>\n\t\t\t\t\t<\/div>\n\t\t<\/div>\n\t\t\t\t\t<\/div>\n\t\t<\/section>\n\t\t\t\t<section class=\"elementor-section elementor-top-section elementor-element elementor-element-50e0cec elementor-section-boxed ang-section-padding-initial elementor-section-height-default elementor-section-height-default elementor-repeater-item-none elementor-repeater-item-none_hover\" data-id=\"50e0cec\" data-element_type=\"section\" data-e-type=\"section\">\n\t\t\t\t\t\t<div class=\"elementor-container elementor-column-gap-default\">\n\t\t\t\t\t<div class=\"elementor-column elementor-col-100 elementor-top-column elementor-element elementor-element-a2ac3d9 elementor-repeater-item-none elementor-repeater-item-none_hover\" data-id=\"a2ac3d9\" data-element_type=\"column\" data-e-type=\"column\">\n\t\t\t<div class=\"elementor-widget-wrap elementor-element-populated\">\n\t\t\t\t\t\t<div class=\"elementor-element elementor-element-bd9515c elementor-repeater-item-none elementor-repeater-item-none_hover elementor-widget elementor-widget-heading\" data-id=\"bd9515c\" data-element_type=\"widget\" data-e-type=\"widget\" data-widget_type=\"heading.default\">\n\t\t\t\t<div class=\"elementor-widget-container\">\n\t\t\t\t\t<h2 class=\"elementor-heading-title elementor-size-default\">Tagungsanmeldung<\/h2>\t\t\t\t<\/div>\n\t\t\t\t<\/div>\n\t\t\t\t<div class=\"elementor-element elementor-element-e7371a6 elementor-repeater-item-none elementor-repeater-item-none_hover elementor-widget elementor-widget-text-editor\" data-id=\"e7371a6\" data-element_type=\"widget\" data-e-type=\"widget\" data-widget_type=\"text-editor.default\">\n\t\t\t\t<div class=\"elementor-widget-container\">\n\t\t\t\t\t\t\t\t\t<p>In der Teilnahmegeb\u00fchr von EUR 1.540,00 exkl. 20% MwSt. (ohne Hotelkosten) ist die Teilnahme am wissenschaftlichen Programm, Gastvortrag mit Willkommensap\u00e9ro, Er\u00f6ffnungsbankett inkl. Getr\u00e4nke, Kaffee in den Kaffeepausen und die Tagungsunterlagen enthalten.<\/p><p>In der Geb\u00fchr von EUR 120,00 exkl. 20% MwSt. f\u00fcr Begleitpersonen (ohne Hotelkosten) ist folgendes inbegriffen: Gastvortrag mit Willkommensap\u00e9ro, Er\u00f6ffnungsbankett inkl. Getr\u00e4nke, Kaffee in den Kaffeepausen.<\/p><p><span style=\"text-decoration: underline;\">Die Best\u00e4tigung\/Rechnung erhalten<\/span> Sie schriftlich per E-Mail (nicht per Postversand) mit den Bankangaben f\u00fcr die \u00dcberweisung des Kursbeitrages.<\/p><p><span style=\"text-decoration: underline;\">Jede \u00c4nderung oder Stornierung<\/span> bedarf der Schriftform an die Kongress-Agentur: CBS Congress Management GmbH.<\/p><p>Die <span style=\"text-decoration: underline;\">Stornierungskonditionen<\/span> sind wie folgt: Nach schriftlich erfolgter Anmeldung werden 15% der Kursgeb\u00fchr als Stornogeb\u00fchr in Rechnung gestellt. <strong>Bei Stornierungen nach dem 1. Dezember 2025 oder bei Nichterscheinen zum Symposium wird die volle Teilnahmegeb\u00fchr in Rechnung gestellt<\/strong>. Es gilt das Datum des Eingangs bei CBS Congress Management GmbH. <strong>Der Abschluss einer privaten Reiseversicherung wird dringend empfohlen<\/strong>.<\/p>\t\t\t\t\t\t\t\t<\/div>\n\t\t\t\t<\/div>\n\t\t\t\t\t<\/div>\n\t\t<\/div>\n\t\t\t\t\t<\/div>\n\t\t<\/section>\n\t\t\t\t<section class=\"elementor-section elementor-top-section elementor-element elementor-element-1cfea86 elementor-section-boxed ang-section-padding-initial elementor-section-height-default elementor-section-height-default elementor-repeater-item-none elementor-repeater-item-none_hover\" data-id=\"1cfea86\" data-element_type=\"section\" data-e-type=\"section\">\n\t\t\t\t\t\t<div class=\"elementor-container elementor-column-gap-default\">\n\t\t\t\t\t<div class=\"elementor-column elementor-col-100 elementor-top-column elementor-element elementor-element-0b242d2 elementor-repeater-item-none elementor-repeater-item-none_hover\" data-id=\"0b242d2\" data-element_type=\"column\" data-e-type=\"column\">\n\t\t\t<div class=\"elementor-widget-wrap elementor-element-populated\">\n\t\t\t\t\t\t<div class=\"elementor-element elementor-element-c79b850 elementor-repeater-item-none elementor-repeater-item-none_hover elementor-widget elementor-widget-heading\" data-id=\"c79b850\" data-element_type=\"widget\" data-e-type=\"widget\" data-widget_type=\"heading.default\">\n\t\t\t\t<div class=\"elementor-widget-container\">\n\t\t\t\t\t<h2 class=\"elementor-heading-title elementor-size-default\">Hotelanmeldung<\/h2>\t\t\t\t<\/div>\n\t\t\t\t<\/div>\n\t\t\t\t<div class=\"elementor-element elementor-element-bb17840 elementor-repeater-item-none elementor-repeater-item-none_hover elementor-widget elementor-widget-text-editor\" data-id=\"bb17840\" data-element_type=\"widget\" data-e-type=\"widget\" data-widget_type=\"text-editor.default\">\n\t\t\t\t<div class=\"elementor-widget-container\">\n\t\t\t\t\t\t\t\t\t<p>Die Preise vom 10.-15. Januar 2026 verstehen sich pro Zimmer \/ Nacht inklusive Halbpension, Service, Taxen und MwSt. Die gesetzm\u00e4ssige Ortstaxe von EUR 3.50 wird pro Person und pro Tag auf den jeweiligen Zimmerpreis aufgerechnet.<br \/><br \/>Die Zahlung der Hotelkosten sowie evtl. zus\u00e4tzlicher Extras erfolgt direkt im Hotel.<\/p><p><strong>Die Vergabe im Rahmen des f\u00fcr die Tagung zur Verf\u00fcgung stehenden Zimmerkontingents im Bio-Hotel Stanglwirt erfolgt in der Reihenfolge des Eingangs der Hotelanmeldung. Ein Anspruch auf ein bestimmtes Zimmer oder Zimmerkategorie besteht nicht.<\/strong> Eine Hotelbuchung ist nur m\u00f6glich, sofern eine erforderliche Garantie der Kreditkarte erteilt wird.<br \/>Danach erfolgt eine schriftliche Best\u00e4tigung durch die Kongress-Agentur CBS Congress Management GmbH. Die Hotelzimmer sind damit f\u00fcr den gebuchten Zeitraum verbindlich reserviert. Die Daten des Teilnehmers werden durch CBS Congress Management GmbH an das Hotel weitergegeben.<\/p><p>Eine vorherige Abbuchung der Kreditkarte erfolgt nur im Fall einer Stornierung. Die Zahlung der Hotelzimmer sowie evtl. zus\u00e4tzliche Nebenkosten erfolgt direkt im Hotel.<\/p><p><u>Zimmer-Stornokonditionen des Bio-Hotel Stanglwirt:<br \/><\/u>bis 3 Monate vorher &#8211; 0% des Gesamtaufenthaltes<br \/>bis 1 Monat vorher &#8211; 50% des Gesamtaufenthaltes<br \/>bis 3 Wochen vorher &#8211; 70% des Gesamtaufenthaltes<br \/>ab 3 Wochen vor Anreise &#8211; 100% des Gesamtaufenthaltes<\/p><p>Stornierungen k\u00f6nnen nur schriftliche entgegengenommen werden.<\/p><p><\/p><p>Wir empfehlen den Abschluss einer Reiser\u00fccktrittsversicherung, zum Beispiel bei der Europ\u00e4ischen Reiseversicherung: <span><a href=\"http:\/\/start.europaeische.at\/hsp?AGN=05600206\">http:\/\/start.europaeische.at\/hsp?AGN=05600206<\/a><\/span><\/p>\t\t\t\t\t\t\t\t<\/div>\n\t\t\t\t<\/div>\n\t\t\t\t\t<\/div>\n\t\t<\/div>\n\t\t\t\t\t<\/div>\n\t\t<\/section>\n\t\t\t\t<section class=\"elementor-section elementor-top-section elementor-element elementor-element-44f44f4 elementor-section-boxed ang-section-padding-initial elementor-section-height-default elementor-section-height-default elementor-repeater-item-none elementor-repeater-item-none_hover\" data-id=\"44f44f4\" data-element_type=\"section\" data-e-type=\"section\">\n\t\t\t\t\t\t<div class=\"elementor-container elementor-column-gap-default\">\n\t\t\t\t\t<div class=\"elementor-column elementor-col-100 elementor-top-column elementor-element elementor-element-04e0f4e elementor-repeater-item-none elementor-repeater-item-none_hover\" data-id=\"04e0f4e\" data-element_type=\"column\" data-e-type=\"column\">\n\t\t\t<div class=\"elementor-widget-wrap elementor-element-populated\">\n\t\t\t\t\t\t<div class=\"elementor-element elementor-element-5c8eb03 elementor-repeater-item-none elementor-repeater-item-none_hover elementor-widget elementor-widget-heading\" data-id=\"5c8eb03\" data-element_type=\"widget\" data-e-type=\"widget\" data-widget_type=\"heading.default\">\n\t\t\t\t<div class=\"elementor-widget-container\">\n\t\t\t\t\t<h2 class=\"elementor-heading-title elementor-size-default\">Haftungsausschluss<\/h2>\t\t\t\t<\/div>\n\t\t\t\t<\/div>\n\t\t\t\t<div class=\"elementor-element elementor-element-b4b51bd elementor-repeater-item-none elementor-repeater-item-none_hover elementor-widget elementor-widget-text-editor\" data-id=\"b4b51bd\" data-element_type=\"widget\" data-e-type=\"widget\" data-widget_type=\"text-editor.default\">\n\t\t\t\t<div class=\"elementor-widget-container\">\n\t\t\t\t\t\t\t\t\t<p>Der Teilnehmer erkennt an, dass er\/sie kein Recht hat, Schadenersatzanspr\u00fcche gegen den Veranstalter und die Kongress-Agentur geltend zu machen, wenn im Fall von Programm\u00e4nderungen oder Nichterscheinen von Referenten, respektive Annullierung von Programmpunkten, \u00c4nderungen zum ausgeschriebenen Programm n\u00f6tig werden. Verhindern unvorhersehbare oder nicht abwendbare Umst\u00e4nde (h\u00f6here Gewalt, Feuer, Sicherheitsrisiken, Krieg oder Aufst\u00e4nde, Streiks, terroristische Akte, Naturkatastrophen, Epidemien, Pandemien und damit verbundene beh\u00f6rdliche Massnahmen und Anordnungen, etc.) die planm\u00e4ssige Durchf\u00fchrung des Symposiums, hat der Teilnehmer, die vom Veranstalter und der Kongress-Agentur in Rechnung gestellten Kosten und nachweislich erbrachten Aufwendungen f\u00fcr die Organisation erbrachten (Voraus-)Kosten zu bezahlen.<\/p><p>Der Veranstalter kann nicht f\u00fcr Kosten, Sch\u00e4den oder Ausgaben verantwortlich gemacht werden, die den angemeldeten Personen infolge der Verschiebung oder Absage der Veranstaltung entstehen k\u00f6nnen. Aufgrund unvermeidbarer Umst\u00e4nde werden bei einer \u00c4nderung des Veranstaltungsortes der Konferenz alle angemeldeten Teilnehmer unverz\u00fcglich \u00fcber die \u00c4nderung informiert.<\/p><p>Der Veranstalter lehnt jede Verantwortung ab f\u00fcr jegliche Art von Schaden an Sachen und Personen, die sich im Zusammenhang mit der Veranstaltung ergeben k\u00f6nnen. Es wird im Allgemeinen keine Haftung f\u00fcr verwahrte oder mitgebrachte Gegenst\u00e4nde \u00fcbernommen.<\/p><p>Mit ihrer Anmeldung akzeptieren die Teilnehmer diesen Vorbehalt.<\/p><p><\/p>\t\t\t\t\t\t\t\t<\/div>\n\t\t\t\t<\/div>\n\t\t\t\t\t<\/div>\n\t\t<\/div>\n\t\t\t\t\t<\/div>\n\t\t<\/section>\n\t\t\t\t<section class=\"elementor-section elementor-top-section elementor-element elementor-element-40494c3 elementor-section-boxed ang-section-padding-initial elementor-section-height-default elementor-section-height-default elementor-repeater-item-none elementor-repeater-item-none_hover\" data-id=\"40494c3\" data-element_type=\"section\" data-e-type=\"section\">\n\t\t\t\t\t\t<div class=\"elementor-container elementor-column-gap-default\">\n\t\t\t\t\t<div class=\"elementor-column elementor-col-100 elementor-top-column elementor-element elementor-element-521395f elementor-repeater-item-none elementor-repeater-item-none_hover\" data-id=\"521395f\" data-element_type=\"column\" data-e-type=\"column\">\n\t\t\t<div class=\"elementor-widget-wrap elementor-element-populated\">\n\t\t\t\t\t\t<div class=\"elementor-element elementor-element-9b672b1 elementor-repeater-item-none elementor-repeater-item-none_hover elementor-widget elementor-widget-heading\" data-id=\"9b672b1\" data-element_type=\"widget\" data-e-type=\"widget\" data-widget_type=\"heading.default\">\n\t\t\t\t<div class=\"elementor-widget-container\">\n\t\t\t\t\t<h2 class=\"elementor-heading-title elementor-size-default\">Personenversicherung<\/h2>\t\t\t\t<\/div>\n\t\t\t\t<\/div>\n\t\t\t\t<div class=\"elementor-element elementor-element-0592c79 elementor-repeater-item-none elementor-repeater-item-none_hover elementor-widget elementor-widget-text-editor\" data-id=\"0592c79\" data-element_type=\"widget\" data-e-type=\"widget\" data-widget_type=\"text-editor.default\">\n\t\t\t\t<div class=\"elementor-widget-container\">\n\t\t\t\t\t\t\t\t\t<p>Die Organisatoren \u00fcbernehmen keine Verantwortung f\u00fcr die pers\u00f6nliche Medizinische-, Reise- oder Personenversicherungen. <strong>Allen Teilnehmern wird dringend empfohlen, ihre eigene pers\u00f6nliche Versicherung vor der Abreise zum Symposium abzuschliessen<\/strong>.<\/p>\t\t\t\t\t\t\t\t<\/div>\n\t\t\t\t<\/div>\n\t\t\t\t\t<\/div>\n\t\t<\/div>\n\t\t\t\t\t<\/div>\n\t\t<\/section>\n\t\t\t\t<section class=\"elementor-section elementor-top-section elementor-element elementor-element-22cc155 elementor-section-boxed ang-section-padding-initial elementor-section-height-default elementor-section-height-default elementor-repeater-item-none elementor-repeater-item-none_hover\" data-id=\"22cc155\" data-element_type=\"section\" data-e-type=\"section\">\n\t\t\t\t\t\t<div class=\"elementor-container elementor-column-gap-default\">\n\t\t\t\t\t<div class=\"elementor-column elementor-col-100 elementor-top-column elementor-element elementor-element-5b59ebd elementor-repeater-item-none elementor-repeater-item-none_hover\" data-id=\"5b59ebd\" data-element_type=\"column\" data-e-type=\"column\">\n\t\t\t<div class=\"elementor-widget-wrap elementor-element-populated\">\n\t\t\t\t\t\t<div class=\"elementor-element elementor-element-734a7e1 elementor-repeater-item-none elementor-repeater-item-none_hover elementor-widget elementor-widget-heading\" data-id=\"734a7e1\" data-element_type=\"widget\" data-e-type=\"widget\" data-widget_type=\"heading.default\">\n\t\t\t\t<div class=\"elementor-widget-container\">\n\t\t\t\t\t<h2 class=\"elementor-heading-title elementor-size-default\">Ver\u00f6ffentlichung<\/h2>\t\t\t\t<\/div>\n\t\t\t\t<\/div>\n\t\t\t\t<div class=\"elementor-element elementor-element-0f5a944 elementor-repeater-item-none elementor-repeater-item-none_hover elementor-widget elementor-widget-text-editor\" data-id=\"0f5a944\" data-element_type=\"widget\" data-e-type=\"widget\" data-widget_type=\"text-editor.default\">\n\t\t\t\t<div class=\"elementor-widget-container\">\n\t\t\t\t\t\t\t\t\t<p><strong>Mit der Anmeldung erkl\u00e4rt sich der Teilnehmer einverstanden, dass evtl. Fotos im Rahmen der Veranstaltung zur Tagung sowie der Rahmenveranstaltungen f\u00fcr Ver\u00f6ffentlichungen der Veranstaltung genutzt werden k\u00f6nnen. <\/strong><\/p>\t\t\t\t\t\t\t\t<\/div>\n\t\t\t\t<\/div>\n\t\t\t\t\t<\/div>\n\t\t<\/div>\n\t\t\t\t\t<\/div>\n\t\t<\/section>\n\t\t\t\t<\/div>\n\t\t","protected":false},"excerpt":{"rendered":"<p>Allgemeine Gesch\u00e4ftsbedingungendes 34. Wintersymposiums 2026 Tagungsanmeldung In der Teilnahmegeb\u00fchr von EUR 1.540,00 exkl. 20% MwSt. (ohne Hotelkosten) ist die Teilnahme am wissenschaftlichen Programm, Gastvortrag mit Willkommensap\u00e9ro, Er\u00f6ffnungsbankett inkl. Getr\u00e4nke, Kaffee in den Kaffeepausen und die Tagungsunterlagen enthalten. In der Geb\u00fchr von EUR 120,00 exkl. 20% MwSt. f\u00fcr Begleitpersonen (ohne Hotelkosten) ist folgendes inbegriffen: Gastvortrag mit [&hellip;]<\/p>\n","protected":false},"author":5,"featured_media":0,"parent":0,"menu_order":8,"comment_status":"closed","ping_status":"closed","template":"","meta":{"footnotes":""},"class_list":["post-5645","page","type-page","status-publish","hentry"],"yoast_head":"<!-- This site is optimized with the Yoast SEO plugin v27.0 - https:\/\/yoast.com\/product\/yoast-seo-wordpress\/ -->\n<title>AGB - 34. Wintersymposium 2026<\/title>\n<meta name=\"robots\" content=\"index, follow, max-snippet:-1, max-image-preview:large, max-video-preview:-1\" \/>\n<link rel=\"canonical\" href=\"https:\/\/www.wintersymposium.eu\/2026\/agb\/\" \/>\n<meta property=\"og:locale\" content=\"de_DE\" \/>\n<meta property=\"og:type\" content=\"article\" \/>\n<meta property=\"og:title\" content=\"AGB - 34. Wintersymposium 2026\" \/>\n<meta property=\"og:description\" content=\"Allgemeine Gesch\u00e4ftsbedingungendes 34. Wintersymposiums 2026 Tagungsanmeldung In der Teilnahmegeb\u00fchr von EUR 1.540,00 exkl. 20% MwSt. (ohne Hotelkosten) ist die Teilnahme am wissenschaftlichen Programm, Gastvortrag mit Willkommensap\u00e9ro, Er\u00f6ffnungsbankett inkl. Getr\u00e4nke, Kaffee in den Kaffeepausen und die Tagungsunterlagen enthalten. In der Geb\u00fchr von EUR 120,00 exkl. 20% MwSt. f\u00fcr Begleitpersonen (ohne Hotelkosten) ist folgendes inbegriffen: Gastvortrag mit [&hellip;]\" \/>\n<meta property=\"og:url\" content=\"https:\/\/www.wintersymposium.eu\/2026\/agb\/\" \/>\n<meta property=\"og:site_name\" content=\"34. Wintersymposium 2026\" \/>\n<meta property=\"article:modified_time\" content=\"2025-05-15T09:39:25+00:00\" \/>\n<meta name=\"twitter:card\" content=\"summary_large_image\" \/>\n<meta name=\"twitter:label1\" content=\"Gesch\u00e4tzte Lesezeit\" \/>\n\t<meta name=\"twitter:data1\" content=\"4\u00a0Minuten\" \/>\n<script type=\"application\/ld+json\" class=\"yoast-schema-graph\">{\"@context\":\"https:\/\/schema.org\",\"@graph\":[{\"@type\":\"WebPage\",\"@id\":\"https:\/\/www.wintersymposium.eu\/2026\/agb\/\",\"url\":\"https:\/\/www.wintersymposium.eu\/2026\/agb\/\",\"name\":\"AGB - 34. Wintersymposium 2026\",\"isPartOf\":{\"@id\":\"https:\/\/www.wintersymposium.eu\/2026\/#website\"},\"datePublished\":\"2023-06-07T10:51:48+00:00\",\"dateModified\":\"2025-05-15T09:39:25+00:00\",\"breadcrumb\":{\"@id\":\"https:\/\/www.wintersymposium.eu\/2026\/agb\/#breadcrumb\"},\"inLanguage\":\"de\",\"potentialAction\":[{\"@type\":\"ReadAction\",\"target\":[\"https:\/\/www.wintersymposium.eu\/2026\/agb\/\"]}]},{\"@type\":\"BreadcrumbList\",\"@id\":\"https:\/\/www.wintersymposium.eu\/2026\/agb\/#breadcrumb\",\"itemListElement\":[{\"@type\":\"ListItem\",\"position\":1,\"name\":\"Startseite\",\"item\":\"https:\/\/www.wintersymposium.eu\/2026\/\"},{\"@type\":\"ListItem\",\"position\":2,\"name\":\"AGB\"}]},{\"@type\":\"WebSite\",\"@id\":\"https:\/\/www.wintersymposium.eu\/2026\/#website\",\"url\":\"https:\/\/www.wintersymposium.eu\/2026\/\",\"name\":\"34. Wintersymposium 2026\",\"description\":\"10.-15. Januar 2026, A-Going\/ Tirol, Kieferorthop\u00e4die und Kinderzahnmedizin f\u00fcr die t\u00e4gliche Praxis\",\"publisher\":{\"@id\":\"https:\/\/www.wintersymposium.eu\/2026\/#organization\"},\"potentialAction\":[{\"@type\":\"SearchAction\",\"target\":{\"@type\":\"EntryPoint\",\"urlTemplate\":\"https:\/\/www.wintersymposium.eu\/2026\/?s={search_term_string}\"},\"query-input\":{\"@type\":\"PropertyValueSpecification\",\"valueRequired\":true,\"valueName\":\"search_term_string\"}}],\"inLanguage\":\"de\"},{\"@type\":\"Organization\",\"@id\":\"https:\/\/www.wintersymposium.eu\/2026\/#organization\",\"name\":\"34. Wintersymposium 2026\",\"url\":\"https:\/\/www.wintersymposium.eu\/2026\/\",\"logo\":{\"@type\":\"ImageObject\",\"inLanguage\":\"de\",\"@id\":\"https:\/\/www.wintersymposium.eu\/2026\/#\/schema\/logo\/image\/\",\"url\":\"https:\/\/www.wintersymposium.eu\/2026\/wp-content\/uploads\/WS-Logo-2024-1.png\",\"contentUrl\":\"https:\/\/www.wintersymposium.eu\/2026\/wp-content\/uploads\/WS-Logo-2024-1.png\",\"width\":550,\"height\":300,\"caption\":\"34. Wintersymposium 2026\"},\"image\":{\"@id\":\"https:\/\/www.wintersymposium.eu\/2026\/#\/schema\/logo\/image\/\"}}]}<\/script>\n<!-- \/ Yoast SEO plugin. -->","yoast_head_json":{"title":"AGB - 34. Wintersymposium 2026","robots":{"index":"index","follow":"follow","max-snippet":"max-snippet:-1","max-image-preview":"max-image-preview:large","max-video-preview":"max-video-preview:-1"},"canonical":"https:\/\/www.wintersymposium.eu\/2026\/agb\/","og_locale":"de_DE","og_type":"article","og_title":"AGB - 34. Wintersymposium 2026","og_description":"Allgemeine Gesch\u00e4ftsbedingungendes 34. Wintersymposiums 2026 Tagungsanmeldung In der Teilnahmegeb\u00fchr von EUR 1.540,00 exkl. 20% MwSt. (ohne Hotelkosten) ist die Teilnahme am wissenschaftlichen Programm, Gastvortrag mit Willkommensap\u00e9ro, Er\u00f6ffnungsbankett inkl. Getr\u00e4nke, Kaffee in den Kaffeepausen und die Tagungsunterlagen enthalten. In der Geb\u00fchr von EUR 120,00 exkl. 20% MwSt. f\u00fcr Begleitpersonen (ohne Hotelkosten) ist folgendes inbegriffen: Gastvortrag mit [&hellip;]","og_url":"https:\/\/www.wintersymposium.eu\/2026\/agb\/","og_site_name":"34. Wintersymposium 2026","article_modified_time":"2025-05-15T09:39:25+00:00","twitter_card":"summary_large_image","twitter_misc":{"Gesch\u00e4tzte Lesezeit":"4\u00a0Minuten"},"schema":{"@context":"https:\/\/schema.org","@graph":[{"@type":"WebPage","@id":"https:\/\/www.wintersymposium.eu\/2026\/agb\/","url":"https:\/\/www.wintersymposium.eu\/2026\/agb\/","name":"AGB - 34. Wintersymposium 2026","isPartOf":{"@id":"https:\/\/www.wintersymposium.eu\/2026\/#website"},"datePublished":"2023-06-07T10:51:48+00:00","dateModified":"2025-05-15T09:39:25+00:00","breadcrumb":{"@id":"https:\/\/www.wintersymposium.eu\/2026\/agb\/#breadcrumb"},"inLanguage":"de","potentialAction":[{"@type":"ReadAction","target":["https:\/\/www.wintersymposium.eu\/2026\/agb\/"]}]},{"@type":"BreadcrumbList","@id":"https:\/\/www.wintersymposium.eu\/2026\/agb\/#breadcrumb","itemListElement":[{"@type":"ListItem","position":1,"name":"Startseite","item":"https:\/\/www.wintersymposium.eu\/2026\/"},{"@type":"ListItem","position":2,"name":"AGB"}]},{"@type":"WebSite","@id":"https:\/\/www.wintersymposium.eu\/2026\/#website","url":"https:\/\/www.wintersymposium.eu\/2026\/","name":"34. Wintersymposium 2026","description":"10.-15. Januar 2026, A-Going\/ Tirol, Kieferorthop\u00e4die und Kinderzahnmedizin f\u00fcr die t\u00e4gliche Praxis","publisher":{"@id":"https:\/\/www.wintersymposium.eu\/2026\/#organization"},"potentialAction":[{"@type":"SearchAction","target":{"@type":"EntryPoint","urlTemplate":"https:\/\/www.wintersymposium.eu\/2026\/?s={search_term_string}"},"query-input":{"@type":"PropertyValueSpecification","valueRequired":true,"valueName":"search_term_string"}}],"inLanguage":"de"},{"@type":"Organization","@id":"https:\/\/www.wintersymposium.eu\/2026\/#organization","name":"34. Wintersymposium 2026","url":"https:\/\/www.wintersymposium.eu\/2026\/","logo":{"@type":"ImageObject","inLanguage":"de","@id":"https:\/\/www.wintersymposium.eu\/2026\/#\/schema\/logo\/image\/","url":"https:\/\/www.wintersymposium.eu\/2026\/wp-content\/uploads\/WS-Logo-2024-1.png","contentUrl":"https:\/\/www.wintersymposium.eu\/2026\/wp-content\/uploads\/WS-Logo-2024-1.png","width":550,"height":300,"caption":"34. Wintersymposium 2026"},"image":{"@id":"https:\/\/www.wintersymposium.eu\/2026\/#\/schema\/logo\/image\/"}}]}},"_links":{"self":[{"href":"https:\/\/www.wintersymposium.eu\/2026\/wp-json\/wp\/v2\/pages\/5645","targetHints":{"allow":["GET"]}}],"collection":[{"href":"https:\/\/www.wintersymposium.eu\/2026\/wp-json\/wp\/v2\/pages"}],"about":[{"href":"https:\/\/www.wintersymposium.eu\/2026\/wp-json\/wp\/v2\/types\/page"}],"author":[{"embeddable":true,"href":"https:\/\/www.wintersymposium.eu\/2026\/wp-json\/wp\/v2\/users\/5"}],"replies":[{"embeddable":true,"href":"https:\/\/www.wintersymposium.eu\/2026\/wp-json\/wp\/v2\/comments?post=5645"}],"version-history":[{"count":0,"href":"https:\/\/www.wintersymposium.eu\/2026\/wp-json\/wp\/v2\/pages\/5645\/revisions"}],"wp:attachment":[{"href":"https:\/\/www.wintersymposium.eu\/2026\/wp-json\/wp\/v2\/media?parent=5645"}],"curies":[{"name":"wp","href":"https:\/\/api.w.org\/{rel}","templated":true}]}}