{"id":574,"date":"2020-11-27T15:45:15","date_gmt":"2020-11-27T14:45:15","guid":{"rendered":"https:\/\/www.wintersymposium.eu\/2026\/?page_id=574"},"modified":"2022-06-10T14:28:05","modified_gmt":"2022-06-10T12:28:05","slug":"impressum","status":"publish","type":"page","link":"https:\/\/www.wintersymposium.eu\/2026\/impressum\/","title":{"rendered":"Impressum"},"content":{"rendered":"\t\t<div data-elementor-type=\"wp-page\" data-elementor-id=\"574\" class=\"elementor elementor-574\" data-elementor-post-type=\"page\">\n\t\t\t\t\t\t<section class=\"elementor-section elementor-top-section elementor-element elementor-element-1f75f35 elementor-section-boxed ang-section-padding-initial elementor-section-height-default elementor-section-height-default elementor-repeater-item-none elementor-repeater-item-none_hover\" data-id=\"1f75f35\" data-element_type=\"section\" data-e-type=\"section\">\n\t\t\t\t\t\t<div class=\"elementor-container elementor-column-gap-default\">\n\t\t\t\t\t<div class=\"elementor-column elementor-col-100 elementor-top-column elementor-element elementor-element-d428225 elementor-repeater-item-none elementor-repeater-item-none_hover\" data-id=\"d428225\" data-element_type=\"column\" data-e-type=\"column\">\n\t\t\t<div class=\"elementor-widget-wrap elementor-element-populated\">\n\t\t\t\t\t\t<div class=\"elementor-element elementor-element-5eb31c0 animated-slow elementor-repeater-item-none elementor-repeater-item-none_hover elementor-widget elementor-widget-heading\" data-id=\"5eb31c0\" data-element_type=\"widget\" data-e-type=\"widget\" data-settings=\"{&quot;_animation&quot;:&quot;none&quot;}\" data-widget_type=\"heading.default\">\n\t\t\t\t<div class=\"elementor-widget-container\">\n\t\t\t\t\t<h1 class=\"elementor-heading-title elementor-size-default\">Impressum<\/h1>\t\t\t\t<\/div>\n\t\t\t\t<\/div>\n\t\t\t\t\t<\/div>\n\t\t<\/div>\n\t\t\t\t\t<\/div>\n\t\t<\/section>\n\t\t\t\t<section class=\"elementor-section elementor-top-section elementor-element elementor-element-cfb3b4e elementor-section-boxed ang-section-padding-initial elementor-section-height-default elementor-section-height-default elementor-repeater-item-none elementor-repeater-item-none_hover\" data-id=\"cfb3b4e\" data-element_type=\"section\" data-e-type=\"section\">\n\t\t\t\t\t\t<div class=\"elementor-container elementor-column-gap-default\">\n\t\t\t\t\t<div class=\"elementor-column elementor-col-100 elementor-top-column elementor-element elementor-element-e51cf5f elementor-repeater-item-none elementor-repeater-item-none_hover\" data-id=\"e51cf5f\" data-element_type=\"column\" data-e-type=\"column\">\n\t\t\t<div class=\"elementor-widget-wrap elementor-element-populated\">\n\t\t\t\t\t\t<div class=\"elementor-element elementor-element-98b3de3 elementor-repeater-item-none elementor-repeater-item-none_hover elementor-widget elementor-widget-text-editor\" data-id=\"98b3de3\" data-element_type=\"widget\" data-e-type=\"widget\" data-widget_type=\"text-editor.default\">\n\t\t\t\t<div class=\"elementor-widget-container\">\n\t\t\t\t\t\t\t\t\t<div class=\"row\"><div class=\"col-sm-12 full-print\"><p>Verantwortlich im Sinne von \u00a7 5 TMG (Telemediengesetz) f\u00fcr diesen Internetauftritt ist:<\/p><p><strong>Kongress-Agentur Wintersymposium<br \/><\/strong>CBS Congress Management GmbH<br \/>Technoparkstrasse 1<br \/>CH-8005 Z\u00fcrich<\/p><p>E-Mail: <a href=\"mailto:info@cbs-congress.ch\">info@cbs-congress.ch<\/a><strong><\/strong><\/p><div class=\"page-header\"><h2>Haftungsausschlu\u00df<\/h2><\/div><h3>1. Inhalt des Onlineangebotes<\/h3><p>Der Autor \u00fcbernimmt keinerlei Gew\u00e4hr f\u00fcr die Aktualit\u00e4t, Korrektheit, Vollst\u00e4ndigkeit oder Qualit\u00e4t der bereitgestellten Informationen. Haftungsanspr\u00fcche gegen den Autor, welche sich auf Sch\u00e4den materieller oder ideeller Art beziehen, die durch die Nutzung oder Nichtnutzung der dargebotenen Informationen bzw. durch die Nutzung fehlerhafter und unvollst\u00e4ndiger Informationen verursacht wurden, sind grunds\u00e4tzlich ausgeschlossen, sofern seitens des Autors kein nachweislich vors\u00e4tzliches oder grob fahrl\u00e4ssiges Verschulden vorliegt.<br \/>Alle Angebote sind freibleibend und unverbindlich. Der Autor beh\u00e4lt es sich ausdr\u00fccklich vor, Teile der Seiten oder das gesamte Angebot ohne gesonderte Ank\u00fcndigung zu ver\u00e4ndern, zu erg\u00e4nzen, zu l\u00f6schen oder die Ver\u00f6ffentlichung zeitweise oder endg\u00fcltig einzustellen.<\/p><h3>2. Verweise und Links<\/h3><p>Bei direkten oder indirekten Verweisen auf fremde Webseiten (&#8222;Hyperlinks&#8220;), die au\u00dferhalb des Verantwortungs\u00adbereiches des Autors liegen, w\u00fcrde eine Haftungsverpflichtung ausschlie\u00dflich in dem Fall in Kraft treten, in dem der Autor von den Inhalten Kenntnis hat und es ihm technisch m\u00f6glich und zumutbar w\u00e4re, die Nutzung im Falle rechtswidriger Inhalte zu verhindern.<br \/>Der Autor erkl\u00e4rt hiermit ausdr\u00fccklich, dass zum Zeitpunkt der Linksetzung keine illegalen Inhalte auf den zu verlinkenden Seiten erkennbar waren. Auf die aktuelle und zuk\u00fcnftige Gestaltung, die Inhalte oder die Urheberschaft der verlinkten\/verkn\u00fcpften Seiten hat der Autor keinerlei Einfluss. Deshalb distanziert er sich hiermit ausdr\u00fccklich von allen Inhalten aller verlinkten \/verkn\u00fcpften Seiten, die nach der Linksetzung ver\u00e4ndert wurden. Diese Feststellung gilt f\u00fcr alle innerhalb des eigenen Internetangebotes gesetzten Links und Verweise sowie f\u00fcr Fremdeintr\u00e4ge in vom Autor eingerichteten G\u00e4steb\u00fcchern, Diskussionsforen, Linkverzeichnissen, Mailinglisten und in allen anderen Formen von Datenbanken, auf deren Inhalt externe Schreibzugriffe m\u00f6glich sind. F\u00fcr illegale, fehlerhafte oder unvollst\u00e4ndige Inhalte und insbesondere f\u00fcr Sch\u00e4den, die aus der Nutzung oder Nichtnutzung solcherart dargebotener Informationen entstehen, haftet allein der Anbieter der Seite, auf welche verwiesen wurde, nicht derjenige, der \u00fcber Links auf die jeweilige Ver\u00f6ffentlichung lediglich verweist.<\/p><h3>3. Urheber- und Kennzeichenrecht<\/h3><p>Der Autor ist bestrebt, in allen Publikationen die Urheberrechte der verwendeten Bilder, Grafiken, Tondokumente, Videosequenzen und Texte zu beachten, von ihm selbst erstellte Bilder, Grafiken, Tondokumente, Videosequenzen und Texte zu nutzen oder auf lizenzfreie Grafiken, Tondokumente, Videosequenzen und Texte zur\u00fcckzugreifen.<br \/>Alle innerhalb des Internetangebotes genannten und ggf. durch Dritte gesch\u00fctzten Marken- und Warenzeichen unterliegen uneingeschr\u00e4nkt den Bestimmungen des jeweils g\u00fcltigen Kennzeichenrechts und den Besitzrechten der jeweiligen eingetragenen Eigent\u00fcmer. Allein aufgrund der blo\u00dfen Nennung ist nicht der Schluss zu ziehen, dass Markenzeichen nicht durch Rechte Dritter gesch\u00fctzt sind!<br \/>Das Copyright f\u00fcr ver\u00f6ffentlichte, vom Autor selbst erstellte Objekte bleibt allein beim Autor der Seiten. Eine Vervielf\u00e4ltigung oder Verwendung solcher Grafiken, Tondokumente, Videosequenzen und Texte in anderen elektronischen oder gedruckten Publikationen ist ohne ausdr\u00fcckliche Zustimmung des Autors nicht gestattet.<\/p><h3>4. Datenschutz<\/h3><p>Sofern innerhalb des Internetangebotes die M\u00f6glichkeit zur Eingabe pers\u00f6nlicher oder gesch\u00e4ftlicher Daten (Emailadressen, Namen, Anschriften) besteht, so erfolgt die Preisgabe dieser Daten seitens des Nutzers auf ausdr\u00fccklich freiwilliger Basis. Die Inanspruchnahme und Bezahlung aller angebotenen Dienste ist &#8211; soweit technisch m\u00f6glich und zumutbar &#8211; auch ohne Angabe solcher Daten bzw. unter Angabe anonymisierter Daten oder eines Pseudonyms gestattet. Die Nutzung der im Rahmen des Impressums oder vergleichbarer Angaben ver\u00f6ffentlichten Kontaktdaten wie Postanschriften, Telefon- und Faxnummern sowie Emailadressen durch Dritte zur \u00dcbersendung von nicht ausdr\u00fccklich angeforderten Informationen ist nicht gestattet. Rechtliche Schritte gegen die Versender von sogenannten Spam-Mails bei Verst\u00f6ssen gegen dieses Verbot sind ausdr\u00fccklich vorbehalten.<\/p><h3>5. Rechtswirksamkeit dieses Haftungsausschlusses<\/h3><p>Dieser Haftungsausschluss ist als Teil des Internetangebotes zu betrachten, von dem aus auf diese Seite verwiesen wurde. Sofern Teile oder einzelne Formulierungen dieses Textes der geltenden Rechtslage nicht, nicht mehr oder nicht vollst\u00e4ndig entsprechen sollten, bleiben die \u00fcbrigen Teile des Dokumentes in ihrem Inhalt und ihrer G\u00fcltigkeit davon unber\u00fchrt.<\/p><\/div><\/div><footer><hr \/><\/footer>\t\t\t\t\t\t\t\t<\/div>\n\t\t\t\t<\/div>\n\t\t\t\t\t<\/div>\n\t\t<\/div>\n\t\t\t\t\t<\/div>\n\t\t<\/section>\n\t\t\t\t<\/div>\n\t\t","protected":false},"excerpt":{"rendered":"<p>Impressum Verantwortlich im Sinne von \u00a7 5 TMG (Telemediengesetz) f\u00fcr diesen Internetauftritt ist: Kongress-Agentur WintersymposiumCBS Congress Management GmbHTechnoparkstrasse 1CH-8005 Z\u00fcrich E-Mail: info@cbs-congress.ch Haftungsausschlu\u00df 1. Inhalt des Onlineangebotes Der Autor \u00fcbernimmt keinerlei Gew\u00e4hr f\u00fcr die Aktualit\u00e4t, Korrektheit, Vollst\u00e4ndigkeit oder Qualit\u00e4t der bereitgestellten Informationen. Haftungsanspr\u00fcche gegen den Autor, welche sich auf Sch\u00e4den materieller oder ideeller Art beziehen, [&hellip;]<\/p>\n","protected":false},"author":5,"featured_media":0,"parent":0,"menu_order":99,"comment_status":"closed","ping_status":"closed","template":"","meta":{"footnotes":""},"class_list":["post-574","page","type-page","status-publish","hentry"],"yoast_head":"<!-- This site is optimized with the Yoast SEO plugin v27.0 - https:\/\/yoast.com\/product\/yoast-seo-wordpress\/ -->\n<title>Impressum - 34. Wintersymposium 2026<\/title>\n<meta name=\"robots\" content=\"index, follow, max-snippet:-1, max-image-preview:large, max-video-preview:-1\" \/>\n<link rel=\"canonical\" href=\"https:\/\/www.wintersymposium.eu\/2026\/impressum\/\" \/>\n<meta property=\"og:locale\" content=\"de_DE\" \/>\n<meta property=\"og:type\" content=\"article\" \/>\n<meta property=\"og:title\" content=\"Impressum - 34. Wintersymposium 2026\" \/>\n<meta property=\"og:description\" content=\"Impressum Verantwortlich im Sinne von \u00a7 5 TMG (Telemediengesetz) f\u00fcr diesen Internetauftritt ist: Kongress-Agentur WintersymposiumCBS Congress Management GmbHTechnoparkstrasse 1CH-8005 Z\u00fcrich E-Mail: info@cbs-congress.ch Haftungsausschlu\u00df 1. Inhalt des Onlineangebotes Der Autor \u00fcbernimmt keinerlei Gew\u00e4hr f\u00fcr die Aktualit\u00e4t, Korrektheit, Vollst\u00e4ndigkeit oder Qualit\u00e4t der bereitgestellten Informationen. Haftungsanspr\u00fcche gegen den Autor, welche sich auf Sch\u00e4den materieller oder ideeller Art beziehen, [&hellip;]\" \/>\n<meta property=\"og:url\" content=\"https:\/\/www.wintersymposium.eu\/2026\/impressum\/\" \/>\n<meta property=\"og:site_name\" content=\"34. Wintersymposium 2026\" \/>\n<meta property=\"article:modified_time\" content=\"2022-06-10T12:28:05+00:00\" \/>\n<meta name=\"twitter:card\" content=\"summary_large_image\" \/>\n<meta name=\"twitter:label1\" content=\"Gesch\u00e4tzte Lesezeit\" \/>\n\t<meta name=\"twitter:data1\" content=\"3\u00a0Minuten\" \/>\n<script type=\"application\/ld+json\" class=\"yoast-schema-graph\">{\"@context\":\"https:\/\/schema.org\",\"@graph\":[{\"@type\":\"WebPage\",\"@id\":\"https:\/\/www.wintersymposium.eu\/2026\/impressum\/\",\"url\":\"https:\/\/www.wintersymposium.eu\/2026\/impressum\/\",\"name\":\"Impressum - 34. Wintersymposium 2026\",\"isPartOf\":{\"@id\":\"https:\/\/www.wintersymposium.eu\/2026\/#website\"},\"datePublished\":\"2020-11-27T14:45:15+00:00\",\"dateModified\":\"2022-06-10T12:28:05+00:00\",\"breadcrumb\":{\"@id\":\"https:\/\/www.wintersymposium.eu\/2026\/impressum\/#breadcrumb\"},\"inLanguage\":\"de\",\"potentialAction\":[{\"@type\":\"ReadAction\",\"target\":[\"https:\/\/www.wintersymposium.eu\/2026\/impressum\/\"]}]},{\"@type\":\"BreadcrumbList\",\"@id\":\"https:\/\/www.wintersymposium.eu\/2026\/impressum\/#breadcrumb\",\"itemListElement\":[{\"@type\":\"ListItem\",\"position\":1,\"name\":\"Startseite\",\"item\":\"https:\/\/www.wintersymposium.eu\/2026\/\"},{\"@type\":\"ListItem\",\"position\":2,\"name\":\"Impressum\"}]},{\"@type\":\"WebSite\",\"@id\":\"https:\/\/www.wintersymposium.eu\/2026\/#website\",\"url\":\"https:\/\/www.wintersymposium.eu\/2026\/\",\"name\":\"34. Wintersymposium 2026\",\"description\":\"10.-15. Januar 2026, A-Going\/ Tirol, Kieferorthop\u00e4die und Kinderzahnmedizin f\u00fcr die t\u00e4gliche Praxis\",\"publisher\":{\"@id\":\"https:\/\/www.wintersymposium.eu\/2026\/#organization\"},\"potentialAction\":[{\"@type\":\"SearchAction\",\"target\":{\"@type\":\"EntryPoint\",\"urlTemplate\":\"https:\/\/www.wintersymposium.eu\/2026\/?s={search_term_string}\"},\"query-input\":{\"@type\":\"PropertyValueSpecification\",\"valueRequired\":true,\"valueName\":\"search_term_string\"}}],\"inLanguage\":\"de\"},{\"@type\":\"Organization\",\"@id\":\"https:\/\/www.wintersymposium.eu\/2026\/#organization\",\"name\":\"34. Wintersymposium 2026\",\"url\":\"https:\/\/www.wintersymposium.eu\/2026\/\",\"logo\":{\"@type\":\"ImageObject\",\"inLanguage\":\"de\",\"@id\":\"https:\/\/www.wintersymposium.eu\/2026\/#\/schema\/logo\/image\/\",\"url\":\"https:\/\/www.wintersymposium.eu\/2026\/wp-content\/uploads\/WS-Logo-2024-1.png\",\"contentUrl\":\"https:\/\/www.wintersymposium.eu\/2026\/wp-content\/uploads\/WS-Logo-2024-1.png\",\"width\":550,\"height\":300,\"caption\":\"34. Wintersymposium 2026\"},\"image\":{\"@id\":\"https:\/\/www.wintersymposium.eu\/2026\/#\/schema\/logo\/image\/\"}}]}<\/script>\n<!-- \/ Yoast SEO plugin. -->","yoast_head_json":{"title":"Impressum - 34. Wintersymposium 2026","robots":{"index":"index","follow":"follow","max-snippet":"max-snippet:-1","max-image-preview":"max-image-preview:large","max-video-preview":"max-video-preview:-1"},"canonical":"https:\/\/www.wintersymposium.eu\/2026\/impressum\/","og_locale":"de_DE","og_type":"article","og_title":"Impressum - 34. Wintersymposium 2026","og_description":"Impressum Verantwortlich im Sinne von \u00a7 5 TMG (Telemediengesetz) f\u00fcr diesen Internetauftritt ist: Kongress-Agentur WintersymposiumCBS Congress Management GmbHTechnoparkstrasse 1CH-8005 Z\u00fcrich E-Mail: info@cbs-congress.ch Haftungsausschlu\u00df 1. Inhalt des Onlineangebotes Der Autor \u00fcbernimmt keinerlei Gew\u00e4hr f\u00fcr die Aktualit\u00e4t, Korrektheit, Vollst\u00e4ndigkeit oder Qualit\u00e4t der bereitgestellten Informationen. Haftungsanspr\u00fcche gegen den Autor, welche sich auf Sch\u00e4den materieller oder ideeller Art beziehen, [&hellip;]","og_url":"https:\/\/www.wintersymposium.eu\/2026\/impressum\/","og_site_name":"34. Wintersymposium 2026","article_modified_time":"2022-06-10T12:28:05+00:00","twitter_card":"summary_large_image","twitter_misc":{"Gesch\u00e4tzte Lesezeit":"3\u00a0Minuten"},"schema":{"@context":"https:\/\/schema.org","@graph":[{"@type":"WebPage","@id":"https:\/\/www.wintersymposium.eu\/2026\/impressum\/","url":"https:\/\/www.wintersymposium.eu\/2026\/impressum\/","name":"Impressum - 34. Wintersymposium 2026","isPartOf":{"@id":"https:\/\/www.wintersymposium.eu\/2026\/#website"},"datePublished":"2020-11-27T14:45:15+00:00","dateModified":"2022-06-10T12:28:05+00:00","breadcrumb":{"@id":"https:\/\/www.wintersymposium.eu\/2026\/impressum\/#breadcrumb"},"inLanguage":"de","potentialAction":[{"@type":"ReadAction","target":["https:\/\/www.wintersymposium.eu\/2026\/impressum\/"]}]},{"@type":"BreadcrumbList","@id":"https:\/\/www.wintersymposium.eu\/2026\/impressum\/#breadcrumb","itemListElement":[{"@type":"ListItem","position":1,"name":"Startseite","item":"https:\/\/www.wintersymposium.eu\/2026\/"},{"@type":"ListItem","position":2,"name":"Impressum"}]},{"@type":"WebSite","@id":"https:\/\/www.wintersymposium.eu\/2026\/#website","url":"https:\/\/www.wintersymposium.eu\/2026\/","name":"34. Wintersymposium 2026","description":"10.-15. Januar 2026, A-Going\/ Tirol, Kieferorthop\u00e4die und Kinderzahnmedizin f\u00fcr die t\u00e4gliche Praxis","publisher":{"@id":"https:\/\/www.wintersymposium.eu\/2026\/#organization"},"potentialAction":[{"@type":"SearchAction","target":{"@type":"EntryPoint","urlTemplate":"https:\/\/www.wintersymposium.eu\/2026\/?s={search_term_string}"},"query-input":{"@type":"PropertyValueSpecification","valueRequired":true,"valueName":"search_term_string"}}],"inLanguage":"de"},{"@type":"Organization","@id":"https:\/\/www.wintersymposium.eu\/2026\/#organization","name":"34. Wintersymposium 2026","url":"https:\/\/www.wintersymposium.eu\/2026\/","logo":{"@type":"ImageObject","inLanguage":"de","@id":"https:\/\/www.wintersymposium.eu\/2026\/#\/schema\/logo\/image\/","url":"https:\/\/www.wintersymposium.eu\/2026\/wp-content\/uploads\/WS-Logo-2024-1.png","contentUrl":"https:\/\/www.wintersymposium.eu\/2026\/wp-content\/uploads\/WS-Logo-2024-1.png","width":550,"height":300,"caption":"34. Wintersymposium 2026"},"image":{"@id":"https:\/\/www.wintersymposium.eu\/2026\/#\/schema\/logo\/image\/"}}]}},"_links":{"self":[{"href":"https:\/\/www.wintersymposium.eu\/2026\/wp-json\/wp\/v2\/pages\/574","targetHints":{"allow":["GET"]}}],"collection":[{"href":"https:\/\/www.wintersymposium.eu\/2026\/wp-json\/wp\/v2\/pages"}],"about":[{"href":"https:\/\/www.wintersymposium.eu\/2026\/wp-json\/wp\/v2\/types\/page"}],"author":[{"embeddable":true,"href":"https:\/\/www.wintersymposium.eu\/2026\/wp-json\/wp\/v2\/users\/5"}],"replies":[{"embeddable":true,"href":"https:\/\/www.wintersymposium.eu\/2026\/wp-json\/wp\/v2\/comments?post=574"}],"version-history":[{"count":0,"href":"https:\/\/www.wintersymposium.eu\/2026\/wp-json\/wp\/v2\/pages\/574\/revisions"}],"wp:attachment":[{"href":"https:\/\/www.wintersymposium.eu\/2026\/wp-json\/wp\/v2\/media?parent=574"}],"curies":[{"name":"wp","href":"https:\/\/api.w.org\/{rel}","templated":true}]}}