{"id":5831,"date":"2024-01-29T15:33:21","date_gmt":"2024-01-29T14:33:21","guid":{"rendered":"https:\/\/www.wintersymposium.eu\/2026\/?page_id=5831"},"modified":"2026-01-26T12:06:19","modified_gmt":"2026-01-26T11:06:19","slug":"download","status":"publish","type":"page","link":"https:\/\/www.wintersymposium.eu\/2026\/download\/","title":{"rendered":"Download"},"content":{"rendered":"\t\t<div data-elementor-type=\"wp-page\" data-elementor-id=\"5831\" class=\"elementor elementor-5831\" data-elementor-post-type=\"page\">\n\t\t\t\t\t\t<section class=\"elementor-section elementor-top-section elementor-element elementor-element-ee95c61 elementor-section-boxed ang-section-padding-initial elementor-section-height-default elementor-section-height-default elementor-repeater-item-none elementor-repeater-item-none_hover\" data-id=\"ee95c61\" data-element_type=\"section\" data-e-type=\"section\">\n\t\t\t\t\t\t<div class=\"elementor-container elementor-column-gap-default\">\n\t\t\t\t\t<div class=\"elementor-column elementor-col-100 elementor-top-column elementor-element elementor-element-f76faeb elementor-repeater-item-none elementor-repeater-item-none_hover\" data-id=\"f76faeb\" data-element_type=\"column\" data-e-type=\"column\">\n\t\t\t<div class=\"elementor-widget-wrap elementor-element-populated\">\n\t\t\t\t\t\t<div class=\"elementor-element elementor-element-f639ddc elementor-widget__width-initial elementor-absolute elementor-widget-tablet__width-initial elementor-widget-mobile__width-initial animated-slow elementor-hidden-mobile elementor-repeater-item-none elementor-repeater-item-none_hover elementor-invisible elementor-widget elementor-widget-spacer\" data-id=\"f639ddc\" data-element_type=\"widget\" data-e-type=\"widget\" data-settings=\"{&quot;_position&quot;:&quot;absolute&quot;,&quot;motion_fx_motion_fx_scrolling&quot;:&quot;yes&quot;,&quot;motion_fx_translateX_effect&quot;:&quot;yes&quot;,&quot;motion_fx_translateX_speed&quot;:{&quot;unit&quot;:&quot;px&quot;,&quot;size&quot;:2,&quot;sizes&quot;:[]},&quot;motion_fx_devices&quot;:[&quot;desktop&quot;,&quot;tablet&quot;],&quot;motion_fx_translateX_direction&quot;:&quot;negative&quot;,&quot;_animation&quot;:&quot;fadeInRight&quot;,&quot;motion_fx_translateX_affectedRange&quot;:{&quot;unit&quot;:&quot;%&quot;,&quot;size&quot;:&quot;&quot;,&quot;sizes&quot;:{&quot;start&quot;:0,&quot;end&quot;:100}}}\" data-widget_type=\"spacer.default\">\n\t\t\t\t<div class=\"elementor-widget-container\">\n\t\t\t\t\t\t\t<div class=\"elementor-spacer\">\n\t\t\t<div class=\"elementor-spacer-inner\"><\/div>\n\t\t<\/div>\n\t\t\t\t\t\t<\/div>\n\t\t\t\t<\/div>\n\t\t\t\t<div class=\"elementor-element elementor-element-8c27ea2 animated-slow elementor-repeater-item-none elementor-repeater-item-none_hover elementor-widget elementor-widget-heading\" data-id=\"8c27ea2\" data-element_type=\"widget\" data-e-type=\"widget\" data-settings=\"{&quot;_animation&quot;:&quot;none&quot;}\" data-widget_type=\"heading.default\">\n\t\t\t\t<div class=\"elementor-widget-container\">\n\t\t\t\t\t<h1 class=\"elementor-heading-title elementor-size-default\">Downloads<\/h1>\t\t\t\t<\/div>\n\t\t\t\t<\/div>\n\t\t\t\t\t<\/div>\n\t\t<\/div>\n\t\t\t\t\t<\/div>\n\t\t<\/section>\n\t\t\t\t<section class=\"elementor-section elementor-top-section elementor-element elementor-element-77f4546 elementor-section-boxed ang-section-padding-initial elementor-section-height-default elementor-section-height-default elementor-repeater-item-none elementor-repeater-item-none_hover\" data-id=\"77f4546\" data-element_type=\"section\" data-e-type=\"section\">\n\t\t\t\t\t\t<div class=\"elementor-container elementor-column-gap-default\">\n\t\t\t\t\t<div class=\"elementor-column elementor-col-100 elementor-top-column elementor-element elementor-element-48f68de elementor-repeater-item-none elementor-repeater-item-none_hover\" data-id=\"48f68de\" data-element_type=\"column\" data-e-type=\"column\">\n\t\t\t<div class=\"elementor-widget-wrap\">\n\t\t\t\t\t\t\t<\/div>\n\t\t<\/div>\n\t\t\t\t\t<\/div>\n\t\t<\/section>\n\t\t\t\t<\/div>\n\t\t","protected":false},"excerpt":{"rendered":"<p>Downloads [ppwp id=&#8220;&#8220; passwords=&#8220;WS2025Going&#8220; cookie=&#8220;&#8220; download_limit=&#8220;&#8220; whitelisted_roles=&#8220;&#8220; headline=&#8220;&#8220; description=&#8220;&lt;p&gt;Um diese Inhalte zu sehen, m\u00fcssen Sie das Passwort eingeben.&lt;\/p&gt;&#8220; placeholder=&#8220;&#8220; button=&#8220;Senden&#8220; label=&#8220;Passwort:&#8220; error_msg=&#8220;Bitte geben Sie das richtige Passwort ein.&#8220; loading=&#8220;L\u00e4dt&#8230;&#8220;] Adrian LussiPotpourri aus der Prophylaxe: Heute und in der ZukunftZahnpaste &#8211; Was Sie schon immer wissen wollten! Alexandra WolfDental Crew, prepare for take-off! Was wir von [&hellip;]<\/p>\n","protected":false},"author":5,"featured_media":0,"parent":0,"menu_order":1,"comment_status":"closed","ping_status":"closed","template":"","meta":{"footnotes":""},"class_list":["post-5831","page","type-page","status-publish","hentry"],"yoast_head":"<!-- This site is optimized with the Yoast SEO plugin v27.0 - https:\/\/yoast.com\/product\/yoast-seo-wordpress\/ -->\n<title>Download - 34. Wintersymposium 2026<\/title>\n<meta name=\"robots\" content=\"index, follow, max-snippet:-1, max-image-preview:large, max-video-preview:-1\" \/>\n<link rel=\"canonical\" href=\"https:\/\/www.wintersymposium.eu\/2026\/download\/\" \/>\n<meta property=\"og:locale\" content=\"de_DE\" \/>\n<meta property=\"og:type\" content=\"article\" \/>\n<meta property=\"og:title\" content=\"Download - 34. Wintersymposium 2026\" \/>\n<meta property=\"og:description\" content=\"Downloads [ppwp id=&#8220;&#8220; passwords=&#8220;WS2025Going&#8220; cookie=&#8220;&#8220; download_limit=&#8220;&#8220; whitelisted_roles=&#8220;&#8220; headline=&#8220;&#8220; description=&#8220;&lt;p&gt;Um diese Inhalte zu sehen, m\u00fcssen Sie das Passwort eingeben.&lt;\/p&gt;&#8220; placeholder=&#8220;&#8220; button=&#8220;Senden&#8220; label=&#8220;Passwort:&#8220; error_msg=&#8220;Bitte geben Sie das richtige Passwort ein.&#8220; loading=&#8220;L\u00e4dt&#8230;&#8220;] Adrian LussiPotpourri aus der Prophylaxe: Heute und in der ZukunftZahnpaste &#8211; Was Sie schon immer wissen wollten! Alexandra WolfDental Crew, prepare for take-off! Was wir von [&hellip;]\" \/>\n<meta property=\"og:url\" content=\"https:\/\/www.wintersymposium.eu\/2026\/download\/\" \/>\n<meta property=\"og:site_name\" content=\"34. Wintersymposium 2026\" \/>\n<meta property=\"article:modified_time\" content=\"2026-01-26T11:06:19+00:00\" \/>\n<meta name=\"twitter:card\" content=\"summary_large_image\" \/>\n<meta name=\"twitter:label1\" content=\"Gesch\u00e4tzte Lesezeit\" \/>\n\t<meta name=\"twitter:data1\" content=\"1\u00a0Minute\" \/>\n<script type=\"application\/ld+json\" class=\"yoast-schema-graph\">{\"@context\":\"https:\/\/schema.org\",\"@graph\":[{\"@type\":\"WebPage\",\"@id\":\"https:\/\/www.wintersymposium.eu\/2026\/download\/\",\"url\":\"https:\/\/www.wintersymposium.eu\/2026\/download\/\",\"name\":\"Download - 34. Wintersymposium 2026\",\"isPartOf\":{\"@id\":\"https:\/\/www.wintersymposium.eu\/2026\/#website\"},\"datePublished\":\"2024-01-29T14:33:21+00:00\",\"dateModified\":\"2026-01-26T11:06:19+00:00\",\"breadcrumb\":{\"@id\":\"https:\/\/www.wintersymposium.eu\/2026\/download\/#breadcrumb\"},\"inLanguage\":\"de\",\"potentialAction\":[{\"@type\":\"ReadAction\",\"target\":[\"https:\/\/www.wintersymposium.eu\/2026\/download\/\"]}]},{\"@type\":\"BreadcrumbList\",\"@id\":\"https:\/\/www.wintersymposium.eu\/2026\/download\/#breadcrumb\",\"itemListElement\":[{\"@type\":\"ListItem\",\"position\":1,\"name\":\"Startseite\",\"item\":\"https:\/\/www.wintersymposium.eu\/2026\/\"},{\"@type\":\"ListItem\",\"position\":2,\"name\":\"Download\"}]},{\"@type\":\"WebSite\",\"@id\":\"https:\/\/www.wintersymposium.eu\/2026\/#website\",\"url\":\"https:\/\/www.wintersymposium.eu\/2026\/\",\"name\":\"34. Wintersymposium 2026\",\"description\":\"10.-15. Januar 2026, A-Going\/ Tirol, Kieferorthop\u00e4die und Kinderzahnmedizin f\u00fcr die t\u00e4gliche Praxis\",\"publisher\":{\"@id\":\"https:\/\/www.wintersymposium.eu\/2026\/#organization\"},\"potentialAction\":[{\"@type\":\"SearchAction\",\"target\":{\"@type\":\"EntryPoint\",\"urlTemplate\":\"https:\/\/www.wintersymposium.eu\/2026\/?s={search_term_string}\"},\"query-input\":{\"@type\":\"PropertyValueSpecification\",\"valueRequired\":true,\"valueName\":\"search_term_string\"}}],\"inLanguage\":\"de\"},{\"@type\":\"Organization\",\"@id\":\"https:\/\/www.wintersymposium.eu\/2026\/#organization\",\"name\":\"34. Wintersymposium 2026\",\"url\":\"https:\/\/www.wintersymposium.eu\/2026\/\",\"logo\":{\"@type\":\"ImageObject\",\"inLanguage\":\"de\",\"@id\":\"https:\/\/www.wintersymposium.eu\/2026\/#\/schema\/logo\/image\/\",\"url\":\"https:\/\/www.wintersymposium.eu\/2026\/wp-content\/uploads\/WS-Logo-2024-1.png\",\"contentUrl\":\"https:\/\/www.wintersymposium.eu\/2026\/wp-content\/uploads\/WS-Logo-2024-1.png\",\"width\":550,\"height\":300,\"caption\":\"34. Wintersymposium 2026\"},\"image\":{\"@id\":\"https:\/\/www.wintersymposium.eu\/2026\/#\/schema\/logo\/image\/\"}}]}<\/script>\n<!-- \/ Yoast SEO plugin. -->","yoast_head_json":{"title":"Download - 34. Wintersymposium 2026","robots":{"index":"index","follow":"follow","max-snippet":"max-snippet:-1","max-image-preview":"max-image-preview:large","max-video-preview":"max-video-preview:-1"},"canonical":"https:\/\/www.wintersymposium.eu\/2026\/download\/","og_locale":"de_DE","og_type":"article","og_title":"Download - 34. Wintersymposium 2026","og_description":"Downloads [ppwp id=&#8220;&#8220; passwords=&#8220;WS2025Going&#8220; cookie=&#8220;&#8220; download_limit=&#8220;&#8220; whitelisted_roles=&#8220;&#8220; headline=&#8220;&#8220; description=&#8220;&lt;p&gt;Um diese Inhalte zu sehen, m\u00fcssen Sie das Passwort eingeben.&lt;\/p&gt;&#8220; placeholder=&#8220;&#8220; button=&#8220;Senden&#8220; label=&#8220;Passwort:&#8220; error_msg=&#8220;Bitte geben Sie das richtige Passwort ein.&#8220; loading=&#8220;L\u00e4dt&#8230;&#8220;] Adrian LussiPotpourri aus der Prophylaxe: Heute und in der ZukunftZahnpaste &#8211; Was Sie schon immer wissen wollten! Alexandra WolfDental Crew, prepare for take-off! Was wir von [&hellip;]","og_url":"https:\/\/www.wintersymposium.eu\/2026\/download\/","og_site_name":"34. Wintersymposium 2026","article_modified_time":"2026-01-26T11:06:19+00:00","twitter_card":"summary_large_image","twitter_misc":{"Gesch\u00e4tzte Lesezeit":"1\u00a0Minute"},"schema":{"@context":"https:\/\/schema.org","@graph":[{"@type":"WebPage","@id":"https:\/\/www.wintersymposium.eu\/2026\/download\/","url":"https:\/\/www.wintersymposium.eu\/2026\/download\/","name":"Download - 34. Wintersymposium 2026","isPartOf":{"@id":"https:\/\/www.wintersymposium.eu\/2026\/#website"},"datePublished":"2024-01-29T14:33:21+00:00","dateModified":"2026-01-26T11:06:19+00:00","breadcrumb":{"@id":"https:\/\/www.wintersymposium.eu\/2026\/download\/#breadcrumb"},"inLanguage":"de","potentialAction":[{"@type":"ReadAction","target":["https:\/\/www.wintersymposium.eu\/2026\/download\/"]}]},{"@type":"BreadcrumbList","@id":"https:\/\/www.wintersymposium.eu\/2026\/download\/#breadcrumb","itemListElement":[{"@type":"ListItem","position":1,"name":"Startseite","item":"https:\/\/www.wintersymposium.eu\/2026\/"},{"@type":"ListItem","position":2,"name":"Download"}]},{"@type":"WebSite","@id":"https:\/\/www.wintersymposium.eu\/2026\/#website","url":"https:\/\/www.wintersymposium.eu\/2026\/","name":"34. Wintersymposium 2026","description":"10.-15. Januar 2026, A-Going\/ Tirol, Kieferorthop\u00e4die und Kinderzahnmedizin f\u00fcr die t\u00e4gliche Praxis","publisher":{"@id":"https:\/\/www.wintersymposium.eu\/2026\/#organization"},"potentialAction":[{"@type":"SearchAction","target":{"@type":"EntryPoint","urlTemplate":"https:\/\/www.wintersymposium.eu\/2026\/?s={search_term_string}"},"query-input":{"@type":"PropertyValueSpecification","valueRequired":true,"valueName":"search_term_string"}}],"inLanguage":"de"},{"@type":"Organization","@id":"https:\/\/www.wintersymposium.eu\/2026\/#organization","name":"34. Wintersymposium 2026","url":"https:\/\/www.wintersymposium.eu\/2026\/","logo":{"@type":"ImageObject","inLanguage":"de","@id":"https:\/\/www.wintersymposium.eu\/2026\/#\/schema\/logo\/image\/","url":"https:\/\/www.wintersymposium.eu\/2026\/wp-content\/uploads\/WS-Logo-2024-1.png","contentUrl":"https:\/\/www.wintersymposium.eu\/2026\/wp-content\/uploads\/WS-Logo-2024-1.png","width":550,"height":300,"caption":"34. Wintersymposium 2026"},"image":{"@id":"https:\/\/www.wintersymposium.eu\/2026\/#\/schema\/logo\/image\/"}}]}},"_links":{"self":[{"href":"https:\/\/www.wintersymposium.eu\/2026\/wp-json\/wp\/v2\/pages\/5831","targetHints":{"allow":["GET"]}}],"collection":[{"href":"https:\/\/www.wintersymposium.eu\/2026\/wp-json\/wp\/v2\/pages"}],"about":[{"href":"https:\/\/www.wintersymposium.eu\/2026\/wp-json\/wp\/v2\/types\/page"}],"author":[{"embeddable":true,"href":"https:\/\/www.wintersymposium.eu\/2026\/wp-json\/wp\/v2\/users\/5"}],"replies":[{"embeddable":true,"href":"https:\/\/www.wintersymposium.eu\/2026\/wp-json\/wp\/v2\/comments?post=5831"}],"version-history":[{"count":0,"href":"https:\/\/www.wintersymposium.eu\/2026\/wp-json\/wp\/v2\/pages\/5831\/revisions"}],"wp:attachment":[{"href":"https:\/\/www.wintersymposium.eu\/2026\/wp-json\/wp\/v2\/media?parent=5831"}],"curies":[{"name":"wp","href":"https:\/\/api.w.org\/{rel}","templated":true}]}}